{"id":209672,"date":"2019-10-18T10:40:58","date_gmt":"2019-10-18T08:40:58","guid":{"rendered":"https:\/\/www.kimuceramica.com\/product\/anell-bedoll\/"},"modified":"2022-11-25T08:59:07","modified_gmt":"2022-11-25T07:59:07","slug":"anell-bedoll","status":"publish","type":"product","link":"https:\/\/www.kimuceramica.com\/ca\/producte\/anell-bedoll\/","title":{"rendered":"ANELL BEDOLL"},"content":{"rendered":"<p>A l\u2019alfabet ogh\u00e0mic dels antics celtes cada lletra representava un arbre i un determinat per\u00edode de temps. Aquest zod\u00edac est\u00e0 regit pel cicle de la lluna i est\u00e0 representat per arbres, reflectint la estreta relaci\u00f3 dels celtes amb la Natura i els seus elements.<\/p>\n","protected":false},"excerpt":{"rendered":"<p>BEDOLL Ga\u00e8lic: BEITH Dates: 24\/12 &#8211; 20\/01<\/p>\n","protected":false},"featured_media":173670,"comment_status":"closed","ping_status":"closed","template":"","meta":[],"etheme_brands":[{"term_id":920,"name":"ZOD\u00cdAC CELTA","slug":"zodiac-celta","term_group":0,"term_taxonomy_id":920,"taxonomy":"brand","description":"A l\u2019alfabet ogh\u00e0mic dels antics celtes cada lletra representava un arbre i un determinat per\u00edode de temps. Aquest zod\u00edac est\u00e0 regit pel cicle de la lluna i est\u00e0 representat per arbres, reflectint la estreta relaci\u00f3 dels celtes amb la Natura i els seus elements.","parent":0,"count":28,"filter":"raw"}],"product_brand":[],"product_cat":[798,828],"product_tag":[1087,1244,1124,1243],"class_list":{"0":"post-209672","1":"product","2":"type-product","3":"status-publish","4":"has-post-thumbnail","6":"brand-zodiac-celta","7":"product_cat-anell","8":"product_cat-zodiac-celta-anell","9":"product_tag-art-celta-ca","10":"product_tag-el-teu-arbre-ca","11":"product_tag-naturalesa-ca","12":"product_tag-zodiac-ca-2","13":"pa_color-blau","14":"pa_color-indig","15":"pa_color-lila-ca","16":"pa_color-ocean-blue-ca","17":"pa_color-rosa-ca","18":"pa_color-verd","19":"pa_color-vermell","20":"pa_tamano-y-engaste-mitja","22":"first","23":"instock","24":"purchasable","25":"product-type-variable","26":"has-default-attributes"},"yoast_head":"<!-- This site is optimized with the Yoast SEO plugin v27.1.1 - https:\/\/yoast.com\/product\/yoast-seo-wordpress\/ -->\n<title>ANELL BEDOLL | Kimu CER\u00c1MICA ORIGINAL<\/title>\n<meta name=\"robots\" content=\"index, follow, max-snippet:-1, max-image-preview:large, max-video-preview:-1\" \/>\n<link rel=\"canonical\" href=\"https:\/\/www.kimuceramica.com\/ca\/producte\/anell-bedoll\/\" \/>\n<meta property=\"og:locale\" content=\"ca_ES\" \/>\n<meta property=\"og:type\" content=\"article\" \/>\n<meta property=\"og:title\" content=\"ANELL BEDOLL | Kimu CER\u00c1MICA ORIGINAL\" \/>\n<meta property=\"og:description\" content=\"BEDOLL Ga\u00e8lic: BEITH Dates: 24\/12 - 20\/01\" \/>\n<meta property=\"og:url\" content=\"https:\/\/www.kimuceramica.com\/ca\/producte\/anell-bedoll\/\" \/>\n<meta property=\"og:site_name\" content=\"Kimu CER\u00c1MICA ORIGINAL\" \/>\n<meta property=\"article:publisher\" content=\"https:\/\/www.facebook.com\/Kimu-ceramica-160734807402814\/\" \/>\n<meta property=\"article:modified_time\" content=\"2022-11-25T07:59:07+00:00\" \/>\n<meta property=\"og:image\" content=\"https:\/\/www.kimuceramica.com\/wp-content\/uploads\/2019\/06\/01-az.jpg\" \/>\n\t<meta property=\"og:image:width\" content=\"950\" \/>\n\t<meta property=\"og:image:height\" content=\"950\" \/>\n\t<meta property=\"og:image:type\" content=\"image\/jpeg\" \/>\n<meta name=\"twitter:card\" content=\"summary_large_image\" \/>\n<script type=\"application\/ld+json\" class=\"yoast-schema-graph\">{\"@context\":\"https:\/\/schema.org\",\"@graph\":[{\"@type\":\"WebPage\",\"@id\":\"https:\/\/www.kimuceramica.com\/ca\/producte\/anell-bedoll\/\",\"url\":\"https:\/\/www.kimuceramica.com\/ca\/producte\/anell-bedoll\/\",\"name\":\"ANELL BEDOLL | Kimu CER\u00c1MICA ORIGINAL\",\"isPartOf\":{\"@id\":\"https:\/\/www.kimuceramica.com\/ca\/#website\"},\"primaryImageOfPage\":{\"@id\":\"https:\/\/www.kimuceramica.com\/ca\/producte\/anell-bedoll\/#primaryimage\"},\"image\":{\"@id\":\"https:\/\/www.kimuceramica.com\/ca\/producte\/anell-bedoll\/#primaryimage\"},\"thumbnailUrl\":\"https:\/\/www.kimuceramica.com\/wp-content\/uploads\/2019\/06\/01-az.jpg\",\"datePublished\":\"2019-10-18T08:40:58+00:00\",\"dateModified\":\"2022-11-25T07:59:07+00:00\",\"breadcrumb\":{\"@id\":\"https:\/\/www.kimuceramica.com\/ca\/producte\/anell-bedoll\/#breadcrumb\"},\"inLanguage\":\"ca\",\"potentialAction\":[{\"@type\":\"ReadAction\",\"target\":[\"https:\/\/www.kimuceramica.com\/ca\/producte\/anell-bedoll\/\"]}]},{\"@type\":\"ImageObject\",\"inLanguage\":\"ca\",\"@id\":\"https:\/\/www.kimuceramica.com\/ca\/producte\/anell-bedoll\/#primaryimage\",\"url\":\"https:\/\/www.kimuceramica.com\/wp-content\/uploads\/2019\/06\/01-az.jpg\",\"contentUrl\":\"https:\/\/www.kimuceramica.com\/wp-content\/uploads\/2019\/06\/01-az.jpg\",\"width\":950,\"height\":950,\"caption\":\"BEDOLL Blau\"},{\"@type\":\"BreadcrumbList\",\"@id\":\"https:\/\/www.kimuceramica.com\/ca\/producte\/anell-bedoll\/#breadcrumb\",\"itemListElement\":[{\"@type\":\"ListItem\",\"position\":1,\"name\":\"Portada\",\"item\":\"https:\/\/www.kimuceramica.com\/ca\/\"},{\"@type\":\"ListItem\",\"position\":2,\"name\":\"Shop\",\"item\":\"https:\/\/www.kimuceramica.com\/ca\/shop\/\"},{\"@type\":\"ListItem\",\"position\":3,\"name\":\"ANELL BEDOLL\"}]},{\"@type\":\"WebSite\",\"@id\":\"https:\/\/www.kimuceramica.com\/ca\/#website\",\"url\":\"https:\/\/www.kimuceramica.com\/ca\/\",\"name\":\"Kimu CER\u00c1MICA ORIGINAL\",\"description\":\"Creaci\u00f3n y venta de piezas de bisuter\u00eda de peque\u00f1o tama\u00f1o y gran carga simb\u00f3lica hecha a mano, principalmente de cer\u00e1mica original: colgantes, pendientes, anillos, gemelos\",\"publisher\":{\"@id\":\"https:\/\/www.kimuceramica.com\/ca\/#organization\"},\"potentialAction\":[{\"@type\":\"SearchAction\",\"target\":{\"@type\":\"EntryPoint\",\"urlTemplate\":\"https:\/\/www.kimuceramica.com\/ca\/?s={search_term_string}\"},\"query-input\":{\"@type\":\"PropertyValueSpecification\",\"valueRequired\":true,\"valueName\":\"search_term_string\"}}],\"inLanguage\":\"ca\"},{\"@type\":\"Organization\",\"@id\":\"https:\/\/www.kimuceramica.com\/ca\/#organization\",\"name\":\"Kimu cer\u00e1mica\",\"url\":\"https:\/\/www.kimuceramica.com\/ca\/\",\"logo\":{\"@type\":\"ImageObject\",\"inLanguage\":\"ca\",\"@id\":\"https:\/\/www.kimuceramica.com\/ca\/#\/schema\/logo\/image\/\",\"url\":\"https:\/\/www.kimuceramica.com\/wp-content\/uploads\/2019\/07\/Kimu-logo-web.png\",\"contentUrl\":\"https:\/\/www.kimuceramica.com\/wp-content\/uploads\/2019\/07\/Kimu-logo-web.png\",\"width\":150,\"height\":72,\"caption\":\"Kimu cer\u00e1mica\"},\"image\":{\"@id\":\"https:\/\/www.kimuceramica.com\/ca\/#\/schema\/logo\/image\/\"},\"sameAs\":[\"https:\/\/www.facebook.com\/Kimu-ceramica-160734807402814\/\"]}]}<\/script>\n<!-- \/ Yoast SEO plugin. -->","yoast_head_json":{"title":"ANELL BEDOLL | Kimu CER\u00c1MICA ORIGINAL","robots":{"index":"index","follow":"follow","max-snippet":"max-snippet:-1","max-image-preview":"max-image-preview:large","max-video-preview":"max-video-preview:-1"},"canonical":"https:\/\/www.kimuceramica.com\/ca\/producte\/anell-bedoll\/","og_locale":"ca_ES","og_type":"article","og_title":"ANELL BEDOLL | Kimu CER\u00c1MICA ORIGINAL","og_description":"BEDOLL Ga\u00e8lic: BEITH Dates: 24\/12 - 20\/01","og_url":"https:\/\/www.kimuceramica.com\/ca\/producte\/anell-bedoll\/","og_site_name":"Kimu CER\u00c1MICA ORIGINAL","article_publisher":"https:\/\/www.facebook.com\/Kimu-ceramica-160734807402814\/","article_modified_time":"2022-11-25T07:59:07+00:00","og_image":[{"width":950,"height":950,"url":"https:\/\/www.kimuceramica.com\/wp-content\/uploads\/2019\/06\/01-az.jpg","type":"image\/jpeg"}],"twitter_card":"summary_large_image","schema":{"@context":"https:\/\/schema.org","@graph":[{"@type":"WebPage","@id":"https:\/\/www.kimuceramica.com\/ca\/producte\/anell-bedoll\/","url":"https:\/\/www.kimuceramica.com\/ca\/producte\/anell-bedoll\/","name":"ANELL BEDOLL | Kimu CER\u00c1MICA ORIGINAL","isPartOf":{"@id":"https:\/\/www.kimuceramica.com\/ca\/#website"},"primaryImageOfPage":{"@id":"https:\/\/www.kimuceramica.com\/ca\/producte\/anell-bedoll\/#primaryimage"},"image":{"@id":"https:\/\/www.kimuceramica.com\/ca\/producte\/anell-bedoll\/#primaryimage"},"thumbnailUrl":"https:\/\/www.kimuceramica.com\/wp-content\/uploads\/2019\/06\/01-az.jpg","datePublished":"2019-10-18T08:40:58+00:00","dateModified":"2022-11-25T07:59:07+00:00","breadcrumb":{"@id":"https:\/\/www.kimuceramica.com\/ca\/producte\/anell-bedoll\/#breadcrumb"},"inLanguage":"ca","potentialAction":[{"@type":"ReadAction","target":["https:\/\/www.kimuceramica.com\/ca\/producte\/anell-bedoll\/"]}]},{"@type":"ImageObject","inLanguage":"ca","@id":"https:\/\/www.kimuceramica.com\/ca\/producte\/anell-bedoll\/#primaryimage","url":"https:\/\/www.kimuceramica.com\/wp-content\/uploads\/2019\/06\/01-az.jpg","contentUrl":"https:\/\/www.kimuceramica.com\/wp-content\/uploads\/2019\/06\/01-az.jpg","width":950,"height":950,"caption":"BEDOLL Blau"},{"@type":"BreadcrumbList","@id":"https:\/\/www.kimuceramica.com\/ca\/producte\/anell-bedoll\/#breadcrumb","itemListElement":[{"@type":"ListItem","position":1,"name":"Portada","item":"https:\/\/www.kimuceramica.com\/ca\/"},{"@type":"ListItem","position":2,"name":"Shop","item":"https:\/\/www.kimuceramica.com\/ca\/shop\/"},{"@type":"ListItem","position":3,"name":"ANELL BEDOLL"}]},{"@type":"WebSite","@id":"https:\/\/www.kimuceramica.com\/ca\/#website","url":"https:\/\/www.kimuceramica.com\/ca\/","name":"Kimu CER\u00c1MICA ORIGINAL","description":"Creaci\u00f3n y venta de piezas de bisuter\u00eda de peque\u00f1o tama\u00f1o y gran carga simb\u00f3lica hecha a mano, principalmente de cer\u00e1mica original: colgantes, pendientes, anillos, gemelos","publisher":{"@id":"https:\/\/www.kimuceramica.com\/ca\/#organization"},"potentialAction":[{"@type":"SearchAction","target":{"@type":"EntryPoint","urlTemplate":"https:\/\/www.kimuceramica.com\/ca\/?s={search_term_string}"},"query-input":{"@type":"PropertyValueSpecification","valueRequired":true,"valueName":"search_term_string"}}],"inLanguage":"ca"},{"@type":"Organization","@id":"https:\/\/www.kimuceramica.com\/ca\/#organization","name":"Kimu cer\u00e1mica","url":"https:\/\/www.kimuceramica.com\/ca\/","logo":{"@type":"ImageObject","inLanguage":"ca","@id":"https:\/\/www.kimuceramica.com\/ca\/#\/schema\/logo\/image\/","url":"https:\/\/www.kimuceramica.com\/wp-content\/uploads\/2019\/07\/Kimu-logo-web.png","contentUrl":"https:\/\/www.kimuceramica.com\/wp-content\/uploads\/2019\/07\/Kimu-logo-web.png","width":150,"height":72,"caption":"Kimu cer\u00e1mica"},"image":{"@id":"https:\/\/www.kimuceramica.com\/ca\/#\/schema\/logo\/image\/"},"sameAs":["https:\/\/www.facebook.com\/Kimu-ceramica-160734807402814\/"]}]}},"_links":{"self":[{"href":"https:\/\/www.kimuceramica.com\/ca\/wp-json\/wp\/v2\/product\/209672","targetHints":{"allow":["GET"]}}],"collection":[{"href":"https:\/\/www.kimuceramica.com\/ca\/wp-json\/wp\/v2\/product"}],"about":[{"href":"https:\/\/www.kimuceramica.com\/ca\/wp-json\/wp\/v2\/types\/product"}],"replies":[{"embeddable":true,"href":"https:\/\/www.kimuceramica.com\/ca\/wp-json\/wp\/v2\/comments?post=209672"}],"wp:featuredmedia":[{"embeddable":true,"href":"https:\/\/www.kimuceramica.com\/ca\/wp-json\/wp\/v2\/media\/173670"}],"wp:attachment":[{"href":"https:\/\/www.kimuceramica.com\/ca\/wp-json\/wp\/v2\/media?parent=209672"}],"wp:term":[{"taxonomy":"brand","embeddable":true,"href":"https:\/\/www.kimuceramica.com\/ca\/wp-json\/wp\/v2\/etheme_brands?post=209672"},{"taxonomy":"product_brand","embeddable":true,"href":"https:\/\/www.kimuceramica.com\/ca\/wp-json\/wp\/v2\/product_brand?post=209672"},{"taxonomy":"product_cat","embeddable":true,"href":"https:\/\/www.kimuceramica.com\/ca\/wp-json\/wp\/v2\/product_cat?post=209672"},{"taxonomy":"product_tag","embeddable":true,"href":"https:\/\/www.kimuceramica.com\/ca\/wp-json\/wp\/v2\/product_tag?post=209672"}],"curies":[{"name":"wp","href":"https:\/\/api.w.org\/{rel}","templated":true}]}}