{"id":215352,"date":"2019-10-21T09:05:09","date_gmt":"2019-10-21T07:05:09","guid":{"rendered":"https:\/\/www.kimuceramica.com\/product\/penjoll-triscelo\/"},"modified":"2021-05-20T12:00:19","modified_gmt":"2021-05-20T10:00:19","slug":"penjoll-triscelo","status":"publish","type":"product","link":"https:\/\/www.kimuceramica.com\/ca\/producte\/penjoll-triscelo\/","title":{"rendered":"PENJOLL TRISCELO"},"content":{"rendered":"<p>Col\u2022lecci\u00f3 d\u2019art celta inspirada en originals datats des de varis segles abans de la nostra era fins al s. VIII d.C. Els dibuixos originals s\u2019han trobat tant en un escut, un mirall o un tam\u00eds com a les filigranes que decoren els evangeliaris de Kells o de Durrow.<\/p>\n","protected":false},"excerpt":{"rendered":"<p>Dibuix celta molt conegut, \u00e9s una representaci\u00f3 solar que aporta protecci\u00f3.<\/p>\n","protected":false},"featured_media":185861,"comment_status":"closed","ping_status":"closed","template":"","meta":[],"etheme_brands":[{"term_id":898,"name":"CELTIC ART","slug":"art-celta","term_group":0,"term_taxonomy_id":898,"taxonomy":"brand","description":"Col\u2022lecci\u00f3 d\u2019art celta inspirada en originals datats des de varis segles abans de la nostra era fins al s. VIII d.C. Els dibuixos s\u2019han trobat tant en un escut, un mirall o un tam\u00eds com a les filigranes que decoren els evangeliaris de Kells o de Durrow.","parent":0,"count":174,"filter":"raw"},{"term_id":902,"name":"DIBUIXOS CELTAS","slug":"dibuixos-celtas","term_group":0,"term_taxonomy_id":902,"taxonomy":"brand","description":"Col\u2022lecci\u00f3 d\u2019art celta inspirada en originals datats des de varis segles abans de la nostra era fins al s. VIII d.C. Els dibuixos s\u2019han trobat tant en un escut, un mirall o un tam\u00eds com a les filigranes que decoren els evangeliaris de Kells o de Durrow.","parent":898,"count":78,"filter":"raw"}],"product_brand":[],"product_cat":[835,837,830],"product_tag":[1087,1089,1088],"class_list":{"0":"post-215352","1":"product","2":"type-product","3":"status-publish","4":"has-post-thumbnail","6":"brand-art-celta","7":"brand-dibuixos-celtas","8":"product_cat-art-celta-penjoll","9":"product_cat-dibuixos-celtas-art-celta-penjoll","10":"product_cat-penjoll","11":"product_tag-art-celta-ca","12":"product_tag-art-medieval-ca","13":"product_tag-proteccio-ca","14":"pa_color-blau","15":"pa_color-cobalt","16":"pa_color-indig","17":"pa_color-lila-ca","18":"pa_color-ocean-blue-ca","19":"pa_color-rosa-ca","20":"pa_color-verd","21":"pa_color-vermell","22":"pa_tamano-y-engaste-gran-amb-encast","23":"pa_tamano-y-engaste-mitja","24":"pa_tamano-y-engaste-mitja-amb-encast","25":"pa_tamano-y-engaste-petit-amb-encast","27":"first","28":"instock","29":"purchasable","30":"product-type-variable","31":"has-default-attributes"},"yoast_head":"<!-- This site is optimized with the Yoast SEO plugin v27.1.1 - https:\/\/yoast.com\/product\/yoast-seo-wordpress\/ -->\n<title>PENJOLL TRISCELO | Kimu CER\u00c1MICA ORIGINAL<\/title>\n<meta name=\"robots\" content=\"index, follow, max-snippet:-1, max-image-preview:large, max-video-preview:-1\" \/>\n<link rel=\"canonical\" href=\"https:\/\/www.kimuceramica.com\/ca\/producte\/penjoll-triscelo\/\" \/>\n<meta property=\"og:locale\" content=\"ca_ES\" \/>\n<meta property=\"og:type\" content=\"article\" \/>\n<meta property=\"og:title\" content=\"PENJOLL TRISCELO | Kimu CER\u00c1MICA ORIGINAL\" \/>\n<meta property=\"og:description\" content=\"Dibuix celta molt conegut, \u00e9s una representaci\u00f3 solar que aporta protecci\u00f3.\" \/>\n<meta property=\"og:url\" content=\"https:\/\/www.kimuceramica.com\/ca\/producte\/penjoll-triscelo\/\" \/>\n<meta property=\"og:site_name\" content=\"Kimu CER\u00c1MICA ORIGINAL\" \/>\n<meta property=\"article:publisher\" content=\"https:\/\/www.facebook.com\/Kimu-ceramica-160734807402814\/\" \/>\n<meta property=\"article:modified_time\" content=\"2021-05-20T10:00:19+00:00\" \/>\n<meta property=\"og:image\" content=\"https:\/\/www.kimuceramica.com\/wp-content\/uploads\/2019\/07\/02-TRISCELO-az.jpg\" \/>\n\t<meta property=\"og:image:width\" content=\"950\" \/>\n\t<meta property=\"og:image:height\" content=\"950\" \/>\n\t<meta property=\"og:image:type\" content=\"image\/jpeg\" \/>\n<meta name=\"twitter:card\" content=\"summary_large_image\" \/>\n<script type=\"application\/ld+json\" class=\"yoast-schema-graph\">{\"@context\":\"https:\/\/schema.org\",\"@graph\":[{\"@type\":\"WebPage\",\"@id\":\"https:\/\/www.kimuceramica.com\/ca\/producte\/penjoll-triscelo\/\",\"url\":\"https:\/\/www.kimuceramica.com\/ca\/producte\/penjoll-triscelo\/\",\"name\":\"PENJOLL TRISCELO | Kimu CER\u00c1MICA ORIGINAL\",\"isPartOf\":{\"@id\":\"https:\/\/www.kimuceramica.com\/ca\/#website\"},\"primaryImageOfPage\":{\"@id\":\"https:\/\/www.kimuceramica.com\/ca\/producte\/penjoll-triscelo\/#primaryimage\"},\"image\":{\"@id\":\"https:\/\/www.kimuceramica.com\/ca\/producte\/penjoll-triscelo\/#primaryimage\"},\"thumbnailUrl\":\"https:\/\/www.kimuceramica.com\/wp-content\/uploads\/2019\/07\/02-TRISCELO-az.jpg\",\"datePublished\":\"2019-10-21T07:05:09+00:00\",\"dateModified\":\"2021-05-20T10:00:19+00:00\",\"breadcrumb\":{\"@id\":\"https:\/\/www.kimuceramica.com\/ca\/producte\/penjoll-triscelo\/#breadcrumb\"},\"inLanguage\":\"ca\",\"potentialAction\":[{\"@type\":\"ReadAction\",\"target\":[\"https:\/\/www.kimuceramica.com\/ca\/producte\/penjoll-triscelo\/\"]}]},{\"@type\":\"ImageObject\",\"inLanguage\":\"ca\",\"@id\":\"https:\/\/www.kimuceramica.com\/ca\/producte\/penjoll-triscelo\/#primaryimage\",\"url\":\"https:\/\/www.kimuceramica.com\/wp-content\/uploads\/2019\/07\/02-TRISCELO-az.jpg\",\"contentUrl\":\"https:\/\/www.kimuceramica.com\/wp-content\/uploads\/2019\/07\/02-TRISCELO-az.jpg\",\"width\":950,\"height\":950,\"caption\":\"TRISCELO Blau\"},{\"@type\":\"BreadcrumbList\",\"@id\":\"https:\/\/www.kimuceramica.com\/ca\/producte\/penjoll-triscelo\/#breadcrumb\",\"itemListElement\":[{\"@type\":\"ListItem\",\"position\":1,\"name\":\"Portada\",\"item\":\"https:\/\/www.kimuceramica.com\/ca\/\"},{\"@type\":\"ListItem\",\"position\":2,\"name\":\"Shop\",\"item\":\"https:\/\/www.kimuceramica.com\/ca\/shop\/\"},{\"@type\":\"ListItem\",\"position\":3,\"name\":\"PENJOLL TRISCELO\"}]},{\"@type\":\"WebSite\",\"@id\":\"https:\/\/www.kimuceramica.com\/ca\/#website\",\"url\":\"https:\/\/www.kimuceramica.com\/ca\/\",\"name\":\"Kimu CER\u00c1MICA ORIGINAL\",\"description\":\"Creaci\u00f3n y venta de piezas de bisuter\u00eda de peque\u00f1o tama\u00f1o y gran carga simb\u00f3lica hecha a mano, principalmente de cer\u00e1mica original: colgantes, pendientes, anillos, gemelos\",\"publisher\":{\"@id\":\"https:\/\/www.kimuceramica.com\/ca\/#organization\"},\"potentialAction\":[{\"@type\":\"SearchAction\",\"target\":{\"@type\":\"EntryPoint\",\"urlTemplate\":\"https:\/\/www.kimuceramica.com\/ca\/?s={search_term_string}\"},\"query-input\":{\"@type\":\"PropertyValueSpecification\",\"valueRequired\":true,\"valueName\":\"search_term_string\"}}],\"inLanguage\":\"ca\"},{\"@type\":\"Organization\",\"@id\":\"https:\/\/www.kimuceramica.com\/ca\/#organization\",\"name\":\"Kimu cer\u00e1mica\",\"url\":\"https:\/\/www.kimuceramica.com\/ca\/\",\"logo\":{\"@type\":\"ImageObject\",\"inLanguage\":\"ca\",\"@id\":\"https:\/\/www.kimuceramica.com\/ca\/#\/schema\/logo\/image\/\",\"url\":\"https:\/\/www.kimuceramica.com\/wp-content\/uploads\/2019\/07\/Kimu-logo-web.png\",\"contentUrl\":\"https:\/\/www.kimuceramica.com\/wp-content\/uploads\/2019\/07\/Kimu-logo-web.png\",\"width\":150,\"height\":72,\"caption\":\"Kimu cer\u00e1mica\"},\"image\":{\"@id\":\"https:\/\/www.kimuceramica.com\/ca\/#\/schema\/logo\/image\/\"},\"sameAs\":[\"https:\/\/www.facebook.com\/Kimu-ceramica-160734807402814\/\"]}]}<\/script>\n<!-- \/ Yoast SEO plugin. -->","yoast_head_json":{"title":"PENJOLL TRISCELO | Kimu CER\u00c1MICA ORIGINAL","robots":{"index":"index","follow":"follow","max-snippet":"max-snippet:-1","max-image-preview":"max-image-preview:large","max-video-preview":"max-video-preview:-1"},"canonical":"https:\/\/www.kimuceramica.com\/ca\/producte\/penjoll-triscelo\/","og_locale":"ca_ES","og_type":"article","og_title":"PENJOLL TRISCELO | Kimu CER\u00c1MICA ORIGINAL","og_description":"Dibuix celta molt conegut, \u00e9s una representaci\u00f3 solar que aporta protecci\u00f3.","og_url":"https:\/\/www.kimuceramica.com\/ca\/producte\/penjoll-triscelo\/","og_site_name":"Kimu CER\u00c1MICA ORIGINAL","article_publisher":"https:\/\/www.facebook.com\/Kimu-ceramica-160734807402814\/","article_modified_time":"2021-05-20T10:00:19+00:00","og_image":[{"width":950,"height":950,"url":"https:\/\/www.kimuceramica.com\/wp-content\/uploads\/2019\/07\/02-TRISCELO-az.jpg","type":"image\/jpeg"}],"twitter_card":"summary_large_image","schema":{"@context":"https:\/\/schema.org","@graph":[{"@type":"WebPage","@id":"https:\/\/www.kimuceramica.com\/ca\/producte\/penjoll-triscelo\/","url":"https:\/\/www.kimuceramica.com\/ca\/producte\/penjoll-triscelo\/","name":"PENJOLL TRISCELO | Kimu CER\u00c1MICA ORIGINAL","isPartOf":{"@id":"https:\/\/www.kimuceramica.com\/ca\/#website"},"primaryImageOfPage":{"@id":"https:\/\/www.kimuceramica.com\/ca\/producte\/penjoll-triscelo\/#primaryimage"},"image":{"@id":"https:\/\/www.kimuceramica.com\/ca\/producte\/penjoll-triscelo\/#primaryimage"},"thumbnailUrl":"https:\/\/www.kimuceramica.com\/wp-content\/uploads\/2019\/07\/02-TRISCELO-az.jpg","datePublished":"2019-10-21T07:05:09+00:00","dateModified":"2021-05-20T10:00:19+00:00","breadcrumb":{"@id":"https:\/\/www.kimuceramica.com\/ca\/producte\/penjoll-triscelo\/#breadcrumb"},"inLanguage":"ca","potentialAction":[{"@type":"ReadAction","target":["https:\/\/www.kimuceramica.com\/ca\/producte\/penjoll-triscelo\/"]}]},{"@type":"ImageObject","inLanguage":"ca","@id":"https:\/\/www.kimuceramica.com\/ca\/producte\/penjoll-triscelo\/#primaryimage","url":"https:\/\/www.kimuceramica.com\/wp-content\/uploads\/2019\/07\/02-TRISCELO-az.jpg","contentUrl":"https:\/\/www.kimuceramica.com\/wp-content\/uploads\/2019\/07\/02-TRISCELO-az.jpg","width":950,"height":950,"caption":"TRISCELO Blau"},{"@type":"BreadcrumbList","@id":"https:\/\/www.kimuceramica.com\/ca\/producte\/penjoll-triscelo\/#breadcrumb","itemListElement":[{"@type":"ListItem","position":1,"name":"Portada","item":"https:\/\/www.kimuceramica.com\/ca\/"},{"@type":"ListItem","position":2,"name":"Shop","item":"https:\/\/www.kimuceramica.com\/ca\/shop\/"},{"@type":"ListItem","position":3,"name":"PENJOLL TRISCELO"}]},{"@type":"WebSite","@id":"https:\/\/www.kimuceramica.com\/ca\/#website","url":"https:\/\/www.kimuceramica.com\/ca\/","name":"Kimu CER\u00c1MICA ORIGINAL","description":"Creaci\u00f3n y venta de piezas de bisuter\u00eda de peque\u00f1o tama\u00f1o y gran carga simb\u00f3lica hecha a mano, principalmente de cer\u00e1mica original: colgantes, pendientes, anillos, gemelos","publisher":{"@id":"https:\/\/www.kimuceramica.com\/ca\/#organization"},"potentialAction":[{"@type":"SearchAction","target":{"@type":"EntryPoint","urlTemplate":"https:\/\/www.kimuceramica.com\/ca\/?s={search_term_string}"},"query-input":{"@type":"PropertyValueSpecification","valueRequired":true,"valueName":"search_term_string"}}],"inLanguage":"ca"},{"@type":"Organization","@id":"https:\/\/www.kimuceramica.com\/ca\/#organization","name":"Kimu cer\u00e1mica","url":"https:\/\/www.kimuceramica.com\/ca\/","logo":{"@type":"ImageObject","inLanguage":"ca","@id":"https:\/\/www.kimuceramica.com\/ca\/#\/schema\/logo\/image\/","url":"https:\/\/www.kimuceramica.com\/wp-content\/uploads\/2019\/07\/Kimu-logo-web.png","contentUrl":"https:\/\/www.kimuceramica.com\/wp-content\/uploads\/2019\/07\/Kimu-logo-web.png","width":150,"height":72,"caption":"Kimu cer\u00e1mica"},"image":{"@id":"https:\/\/www.kimuceramica.com\/ca\/#\/schema\/logo\/image\/"},"sameAs":["https:\/\/www.facebook.com\/Kimu-ceramica-160734807402814\/"]}]}},"_links":{"self":[{"href":"https:\/\/www.kimuceramica.com\/ca\/wp-json\/wp\/v2\/product\/215352","targetHints":{"allow":["GET"]}}],"collection":[{"href":"https:\/\/www.kimuceramica.com\/ca\/wp-json\/wp\/v2\/product"}],"about":[{"href":"https:\/\/www.kimuceramica.com\/ca\/wp-json\/wp\/v2\/types\/product"}],"replies":[{"embeddable":true,"href":"https:\/\/www.kimuceramica.com\/ca\/wp-json\/wp\/v2\/comments?post=215352"}],"wp:featuredmedia":[{"embeddable":true,"href":"https:\/\/www.kimuceramica.com\/ca\/wp-json\/wp\/v2\/media\/185861"}],"wp:attachment":[{"href":"https:\/\/www.kimuceramica.com\/ca\/wp-json\/wp\/v2\/media?parent=215352"}],"wp:term":[{"taxonomy":"brand","embeddable":true,"href":"https:\/\/www.kimuceramica.com\/ca\/wp-json\/wp\/v2\/etheme_brands?post=215352"},{"taxonomy":"product_brand","embeddable":true,"href":"https:\/\/www.kimuceramica.com\/ca\/wp-json\/wp\/v2\/product_brand?post=215352"},{"taxonomy":"product_cat","embeddable":true,"href":"https:\/\/www.kimuceramica.com\/ca\/wp-json\/wp\/v2\/product_cat?post=215352"},{"taxonomy":"product_tag","embeddable":true,"href":"https:\/\/www.kimuceramica.com\/ca\/wp-json\/wp\/v2\/product_tag?post=215352"}],"curies":[{"name":"wp","href":"https:\/\/api.w.org\/{rel}","templated":true}]}}