{"id":221164,"date":"2019-10-21T14:26:53","date_gmt":"2019-10-21T12:26:53","guid":{"rendered":"https:\/\/www.kimuceramica.com\/product\/botons-de-puny-gats\/"},"modified":"2023-03-20T12:40:19","modified_gmt":"2023-03-20T11:40:19","slug":"botons-de-puny-gats","status":"publish","type":"product","link":"https:\/\/www.kimuceramica.com\/ca\/producte\/botons-de-puny-gats\/","title":{"rendered":"BOTONS DE PUNY GATS"},"content":{"rendered":"<p>En el m\u00f3n celta la naturalesa mateixa era el seu santuari i tot estava imbu\u00eft d&#8217;un sentit m\u00e0gic i religi\u00f3s que ho transcendia. Els boscos eren sagrats, les deus, els camins, els rius &#8230; i tamb\u00e9 els animals. Ja fossin reals o mitol\u00f2gics, domesticats o salvatges, tots participaven aportant els seus atributs m\u00e0gics al Cicle de la Vida.<\/p>\n","protected":false},"excerpt":{"rendered":"<p>Simbolitzen la protecci\u00f3. Amb la seva saviesa s\u00f3n els perfectes guardians que ens enforteixen davant el mal.<\/p>\n","protected":false},"featured_media":150359,"comment_status":"closed","ping_status":"closed","template":"","meta":[],"etheme_brands":[{"term_id":898,"name":"CELTIC ART","slug":"art-celta","term_group":0,"term_taxonomy_id":898,"taxonomy":"brand","description":"Col\u2022lecci\u00f3 d\u2019art celta inspirada en originals datats des de varis segles abans de la nostra era fins al s. VIII d.C. Els dibuixos s\u2019han trobat tant en un escut, un mirall o un tam\u00eds com a les filigranes que decoren els evangeliaris de Kells o de Durrow.","parent":0,"count":174,"filter":"raw"},{"term_id":900,"name":"CROSSES &amp; TOTEMS","slug":"creus-i-totems","term_group":0,"term_taxonomy_id":900,"taxonomy":"brand","description":"A partir del s.VI d.C. la fusi\u00f3 de les antigues creences celtes amb la nova religi\u00f3 dels primers evangelitzadors es va reflectir en aquestes creus c\u00e8ltiques de gran c\u00e0rrega simb\u00f2lica. La forma circular evoca al sol, al culte astral i a la Roda de la Vida mentre la creu representa a Crist i a la trobada del Cel i la Terra. De vegades estaven tallades directament d\u2019antics menhirs i el seu empla\u00e7ament solia coincidir amb llocs m\u00e0gics de gran for\u00e7a tel\u2022l\u00farica.","parent":898,"count":36,"filter":"raw"}],"product_brand":[],"product_cat":[865,862,869],"product_tag":[1236,1087,1089,661,1088,1235],"class_list":{"0":"post-221164","1":"product","2":"type-product","3":"status-publish","4":"has-post-thumbnail","6":"brand-art-celta","7":"brand-creus-i-totems","8":"product_cat-art-celta-botons-de-puny","9":"product_cat-botons-de-puny","10":"product_cat-creus-totems-art-celta-botons-de-puny","11":"product_tag-animals-ca-2","12":"product_tag-art-celta-ca","13":"product_tag-art-medieval-ca","14":"product_tag-magia-celta-ca","15":"product_tag-proteccio-ca","16":"product_tag-totems-celtics-ca","17":"pa_color-blau","18":"pa_color-cobalt","19":"pa_color-indig","20":"pa_color-lila-ca","21":"pa_color-ocean-blue-ca","22":"pa_color-rosa-ca","23":"pa_color-verd","24":"pa_color-vermell","25":"pa_tamano-y-engaste-unic-ca","27":"first","28":"instock","29":"purchasable","30":"product-type-variable","31":"has-default-attributes"},"yoast_head":"<!-- This site is optimized with the Yoast SEO plugin v27.1.1 - https:\/\/yoast.com\/product\/yoast-seo-wordpress\/ -->\n<title>BOTONS DE PUNY GATS | Kimu CER\u00c1MICA ORIGINAL<\/title>\n<meta name=\"robots\" content=\"index, follow, max-snippet:-1, max-image-preview:large, max-video-preview:-1\" \/>\n<link rel=\"canonical\" href=\"https:\/\/www.kimuceramica.com\/ca\/producte\/botons-de-puny-gats\/\" \/>\n<meta property=\"og:locale\" content=\"ca_ES\" \/>\n<meta property=\"og:type\" content=\"article\" \/>\n<meta property=\"og:title\" content=\"BOTONS DE PUNY GATS | Kimu CER\u00c1MICA ORIGINAL\" \/>\n<meta property=\"og:description\" content=\"Simbolitzen la protecci\u00f3. Amb la seva saviesa s\u00f3n els perfectes guardians que ens enforteixen davant el mal.\" \/>\n<meta property=\"og:url\" content=\"https:\/\/www.kimuceramica.com\/ca\/producte\/botons-de-puny-gats\/\" \/>\n<meta property=\"og:site_name\" content=\"Kimu CER\u00c1MICA ORIGINAL\" \/>\n<meta property=\"article:publisher\" content=\"https:\/\/www.facebook.com\/Kimu-ceramica-160734807402814\/\" \/>\n<meta property=\"article:modified_time\" content=\"2023-03-20T11:40:19+00:00\" \/>\n<meta property=\"og:image\" content=\"https:\/\/www.kimuceramica.com\/wp-content\/uploads\/2019\/06\/07-GATOS-az.jpg\" \/>\n\t<meta property=\"og:image:width\" content=\"950\" \/>\n\t<meta property=\"og:image:height\" content=\"950\" \/>\n\t<meta property=\"og:image:type\" content=\"image\/jpeg\" \/>\n<meta name=\"twitter:card\" content=\"summary_large_image\" \/>\n<script type=\"application\/ld+json\" class=\"yoast-schema-graph\">{\"@context\":\"https:\/\/schema.org\",\"@graph\":[{\"@type\":\"WebPage\",\"@id\":\"https:\/\/www.kimuceramica.com\/ca\/producte\/botons-de-puny-gats\/\",\"url\":\"https:\/\/www.kimuceramica.com\/ca\/producte\/botons-de-puny-gats\/\",\"name\":\"BOTONS DE PUNY GATS | Kimu CER\u00c1MICA ORIGINAL\",\"isPartOf\":{\"@id\":\"https:\/\/www.kimuceramica.com\/ca\/#website\"},\"primaryImageOfPage\":{\"@id\":\"https:\/\/www.kimuceramica.com\/ca\/producte\/botons-de-puny-gats\/#primaryimage\"},\"image\":{\"@id\":\"https:\/\/www.kimuceramica.com\/ca\/producte\/botons-de-puny-gats\/#primaryimage\"},\"thumbnailUrl\":\"https:\/\/www.kimuceramica.com\/wp-content\/uploads\/2019\/06\/07-GATOS-az.jpg\",\"datePublished\":\"2019-10-21T12:26:53+00:00\",\"dateModified\":\"2023-03-20T11:40:19+00:00\",\"breadcrumb\":{\"@id\":\"https:\/\/www.kimuceramica.com\/ca\/producte\/botons-de-puny-gats\/#breadcrumb\"},\"inLanguage\":\"ca\",\"potentialAction\":[{\"@type\":\"ReadAction\",\"target\":[\"https:\/\/www.kimuceramica.com\/ca\/producte\/botons-de-puny-gats\/\"]}]},{\"@type\":\"ImageObject\",\"inLanguage\":\"ca\",\"@id\":\"https:\/\/www.kimuceramica.com\/ca\/producte\/botons-de-puny-gats\/#primaryimage\",\"url\":\"https:\/\/www.kimuceramica.com\/wp-content\/uploads\/2019\/06\/07-GATOS-az.jpg\",\"contentUrl\":\"https:\/\/www.kimuceramica.com\/wp-content\/uploads\/2019\/06\/07-GATOS-az.jpg\",\"width\":950,\"height\":950,\"caption\":\"GATOS Azul\"},{\"@type\":\"BreadcrumbList\",\"@id\":\"https:\/\/www.kimuceramica.com\/ca\/producte\/botons-de-puny-gats\/#breadcrumb\",\"itemListElement\":[{\"@type\":\"ListItem\",\"position\":1,\"name\":\"Portada\",\"item\":\"https:\/\/www.kimuceramica.com\/ca\/\"},{\"@type\":\"ListItem\",\"position\":2,\"name\":\"Shop\",\"item\":\"https:\/\/www.kimuceramica.com\/ca\/shop\/\"},{\"@type\":\"ListItem\",\"position\":3,\"name\":\"BOTONS DE PUNY GATS\"}]},{\"@type\":\"WebSite\",\"@id\":\"https:\/\/www.kimuceramica.com\/ca\/#website\",\"url\":\"https:\/\/www.kimuceramica.com\/ca\/\",\"name\":\"Kimu CER\u00c1MICA ORIGINAL\",\"description\":\"Creaci\u00f3n y venta de piezas de bisuter\u00eda de peque\u00f1o tama\u00f1o y gran carga simb\u00f3lica hecha a mano, principalmente de cer\u00e1mica original: colgantes, pendientes, anillos, gemelos\",\"publisher\":{\"@id\":\"https:\/\/www.kimuceramica.com\/ca\/#organization\"},\"potentialAction\":[{\"@type\":\"SearchAction\",\"target\":{\"@type\":\"EntryPoint\",\"urlTemplate\":\"https:\/\/www.kimuceramica.com\/ca\/?s={search_term_string}\"},\"query-input\":{\"@type\":\"PropertyValueSpecification\",\"valueRequired\":true,\"valueName\":\"search_term_string\"}}],\"inLanguage\":\"ca\"},{\"@type\":\"Organization\",\"@id\":\"https:\/\/www.kimuceramica.com\/ca\/#organization\",\"name\":\"Kimu cer\u00e1mica\",\"url\":\"https:\/\/www.kimuceramica.com\/ca\/\",\"logo\":{\"@type\":\"ImageObject\",\"inLanguage\":\"ca\",\"@id\":\"https:\/\/www.kimuceramica.com\/ca\/#\/schema\/logo\/image\/\",\"url\":\"https:\/\/www.kimuceramica.com\/wp-content\/uploads\/2019\/07\/Kimu-logo-web.png\",\"contentUrl\":\"https:\/\/www.kimuceramica.com\/wp-content\/uploads\/2019\/07\/Kimu-logo-web.png\",\"width\":150,\"height\":72,\"caption\":\"Kimu cer\u00e1mica\"},\"image\":{\"@id\":\"https:\/\/www.kimuceramica.com\/ca\/#\/schema\/logo\/image\/\"},\"sameAs\":[\"https:\/\/www.facebook.com\/Kimu-ceramica-160734807402814\/\"]}]}<\/script>\n<!-- \/ Yoast SEO plugin. -->","yoast_head_json":{"title":"BOTONS DE PUNY GATS | Kimu CER\u00c1MICA ORIGINAL","robots":{"index":"index","follow":"follow","max-snippet":"max-snippet:-1","max-image-preview":"max-image-preview:large","max-video-preview":"max-video-preview:-1"},"canonical":"https:\/\/www.kimuceramica.com\/ca\/producte\/botons-de-puny-gats\/","og_locale":"ca_ES","og_type":"article","og_title":"BOTONS DE PUNY GATS | Kimu CER\u00c1MICA ORIGINAL","og_description":"Simbolitzen la protecci\u00f3. Amb la seva saviesa s\u00f3n els perfectes guardians que ens enforteixen davant el mal.","og_url":"https:\/\/www.kimuceramica.com\/ca\/producte\/botons-de-puny-gats\/","og_site_name":"Kimu CER\u00c1MICA ORIGINAL","article_publisher":"https:\/\/www.facebook.com\/Kimu-ceramica-160734807402814\/","article_modified_time":"2023-03-20T11:40:19+00:00","og_image":[{"width":950,"height":950,"url":"https:\/\/www.kimuceramica.com\/wp-content\/uploads\/2019\/06\/07-GATOS-az.jpg","type":"image\/jpeg"}],"twitter_card":"summary_large_image","schema":{"@context":"https:\/\/schema.org","@graph":[{"@type":"WebPage","@id":"https:\/\/www.kimuceramica.com\/ca\/producte\/botons-de-puny-gats\/","url":"https:\/\/www.kimuceramica.com\/ca\/producte\/botons-de-puny-gats\/","name":"BOTONS DE PUNY GATS | Kimu CER\u00c1MICA ORIGINAL","isPartOf":{"@id":"https:\/\/www.kimuceramica.com\/ca\/#website"},"primaryImageOfPage":{"@id":"https:\/\/www.kimuceramica.com\/ca\/producte\/botons-de-puny-gats\/#primaryimage"},"image":{"@id":"https:\/\/www.kimuceramica.com\/ca\/producte\/botons-de-puny-gats\/#primaryimage"},"thumbnailUrl":"https:\/\/www.kimuceramica.com\/wp-content\/uploads\/2019\/06\/07-GATOS-az.jpg","datePublished":"2019-10-21T12:26:53+00:00","dateModified":"2023-03-20T11:40:19+00:00","breadcrumb":{"@id":"https:\/\/www.kimuceramica.com\/ca\/producte\/botons-de-puny-gats\/#breadcrumb"},"inLanguage":"ca","potentialAction":[{"@type":"ReadAction","target":["https:\/\/www.kimuceramica.com\/ca\/producte\/botons-de-puny-gats\/"]}]},{"@type":"ImageObject","inLanguage":"ca","@id":"https:\/\/www.kimuceramica.com\/ca\/producte\/botons-de-puny-gats\/#primaryimage","url":"https:\/\/www.kimuceramica.com\/wp-content\/uploads\/2019\/06\/07-GATOS-az.jpg","contentUrl":"https:\/\/www.kimuceramica.com\/wp-content\/uploads\/2019\/06\/07-GATOS-az.jpg","width":950,"height":950,"caption":"GATOS Azul"},{"@type":"BreadcrumbList","@id":"https:\/\/www.kimuceramica.com\/ca\/producte\/botons-de-puny-gats\/#breadcrumb","itemListElement":[{"@type":"ListItem","position":1,"name":"Portada","item":"https:\/\/www.kimuceramica.com\/ca\/"},{"@type":"ListItem","position":2,"name":"Shop","item":"https:\/\/www.kimuceramica.com\/ca\/shop\/"},{"@type":"ListItem","position":3,"name":"BOTONS DE PUNY GATS"}]},{"@type":"WebSite","@id":"https:\/\/www.kimuceramica.com\/ca\/#website","url":"https:\/\/www.kimuceramica.com\/ca\/","name":"Kimu CER\u00c1MICA ORIGINAL","description":"Creaci\u00f3n y venta de piezas de bisuter\u00eda de peque\u00f1o tama\u00f1o y gran carga simb\u00f3lica hecha a mano, principalmente de cer\u00e1mica original: colgantes, pendientes, anillos, gemelos","publisher":{"@id":"https:\/\/www.kimuceramica.com\/ca\/#organization"},"potentialAction":[{"@type":"SearchAction","target":{"@type":"EntryPoint","urlTemplate":"https:\/\/www.kimuceramica.com\/ca\/?s={search_term_string}"},"query-input":{"@type":"PropertyValueSpecification","valueRequired":true,"valueName":"search_term_string"}}],"inLanguage":"ca"},{"@type":"Organization","@id":"https:\/\/www.kimuceramica.com\/ca\/#organization","name":"Kimu cer\u00e1mica","url":"https:\/\/www.kimuceramica.com\/ca\/","logo":{"@type":"ImageObject","inLanguage":"ca","@id":"https:\/\/www.kimuceramica.com\/ca\/#\/schema\/logo\/image\/","url":"https:\/\/www.kimuceramica.com\/wp-content\/uploads\/2019\/07\/Kimu-logo-web.png","contentUrl":"https:\/\/www.kimuceramica.com\/wp-content\/uploads\/2019\/07\/Kimu-logo-web.png","width":150,"height":72,"caption":"Kimu cer\u00e1mica"},"image":{"@id":"https:\/\/www.kimuceramica.com\/ca\/#\/schema\/logo\/image\/"},"sameAs":["https:\/\/www.facebook.com\/Kimu-ceramica-160734807402814\/"]}]}},"_links":{"self":[{"href":"https:\/\/www.kimuceramica.com\/ca\/wp-json\/wp\/v2\/product\/221164","targetHints":{"allow":["GET"]}}],"collection":[{"href":"https:\/\/www.kimuceramica.com\/ca\/wp-json\/wp\/v2\/product"}],"about":[{"href":"https:\/\/www.kimuceramica.com\/ca\/wp-json\/wp\/v2\/types\/product"}],"replies":[{"embeddable":true,"href":"https:\/\/www.kimuceramica.com\/ca\/wp-json\/wp\/v2\/comments?post=221164"}],"wp:featuredmedia":[{"embeddable":true,"href":"https:\/\/www.kimuceramica.com\/ca\/wp-json\/wp\/v2\/media\/150359"}],"wp:attachment":[{"href":"https:\/\/www.kimuceramica.com\/ca\/wp-json\/wp\/v2\/media?parent=221164"}],"wp:term":[{"taxonomy":"brand","embeddable":true,"href":"https:\/\/www.kimuceramica.com\/ca\/wp-json\/wp\/v2\/etheme_brands?post=221164"},{"taxonomy":"product_brand","embeddable":true,"href":"https:\/\/www.kimuceramica.com\/ca\/wp-json\/wp\/v2\/product_brand?post=221164"},{"taxonomy":"product_cat","embeddable":true,"href":"https:\/\/www.kimuceramica.com\/ca\/wp-json\/wp\/v2\/product_cat?post=221164"},{"taxonomy":"product_tag","embeddable":true,"href":"https:\/\/www.kimuceramica.com\/ca\/wp-json\/wp\/v2\/product_tag?post=221164"}],"curies":[{"name":"wp","href":"https:\/\/api.w.org\/{rel}","templated":true}]}}