{"id":264618,"date":"2020-06-01T22:19:57","date_gmt":"2020-06-01T20:19:57","guid":{"rendered":"https:\/\/www.kimuceramica.com\/product\/penjoll-3r-xacra\/"},"modified":"2023-03-30T08:55:41","modified_gmt":"2023-03-30T06:55:41","slug":"penjoll-3r-xacra","status":"publish","type":"product","link":"https:\/\/www.kimuceramica.com\/ca\/producte\/penjoll-3r-xacra\/","title":{"rendered":"PENJOLL 3r XACRA"},"content":{"rendered":"<p>Els xacres s\u00f3n centres d&#8217;energia distribu\u00efts en el nostre cos des de la base de la columna vertebral fins al capdamunt. Estan associats a diferents \u00f2rgans i funcions corporals aix\u00ed com a colors i elements de la natura. A la curaci\u00f3 hind\u00fa i al ioga es treballa amb els xacres per aconseguir benestar, harmonia i vitalitat.<\/p>\n","protected":false},"excerpt":{"rendered":"<p>MANIPURA. Tercer xacra, element: el foc.<\/p>\n","protected":false},"featured_media":262631,"comment_status":"closed","ping_status":"closed","template":"","meta":[],"etheme_brands":[{"term_id":906,"name":"XACRES","slug":"xacres","term_group":0,"term_taxonomy_id":906,"taxonomy":"brand","description":"Els xacres s\u00f3n centres d\u2019energia distribu\u00efts en el nostre cos des de la base de la columna vertebral fins al capdamunt. Estan associats a diferents \u00f2rgans i funcions corporals aix\u00ed com a colors i elements de la natura. A la curaci\u00f3 hind\u00fa i al ioga es treballa amb els xacres per aconseguir benestar, harmonia i vitalitat.","parent":0,"count":28,"filter":"raw"}],"product_brand":[],"product_cat":[830,843],"product_tag":[641,1099,1098,687,1093,1096,1097,1100,686,1101],"class_list":{"0":"post-264618","1":"product","2":"type-product","3":"status-publish","4":"has-post-thumbnail","6":"brand-xacres","7":"product_cat-penjoll","8":"product_cat-xacres-penjoll","9":"product_tag-armonia-ca","10":"product_tag-chacras-ca","11":"product_tag-chakras-ca","12":"product_tag-cromoterapia-ca","13":"product_tag-equilibri-ca","14":"product_tag-ioga-ca","15":"product_tag-salut-ca","16":"product_tag-sanacio-hindu","17":"product_tag-terapia-ca","18":"product_tag-vitalitat-ca","19":"pa_tamano-y-engaste-gran","20":"pa_tamano-y-engaste-mitja","21":"pa_tamano-y-engaste-mitja-amb-encast","22":"pa_tamano-y-engaste-petit","24":"first","25":"instock","26":"purchasable","27":"product-type-variable"},"yoast_head":"<!-- This site is optimized with the Yoast SEO plugin v27.1.1 - https:\/\/yoast.com\/product\/yoast-seo-wordpress\/ -->\n<title>PENJOLL 3r XACRA | Kimu CER\u00c1MICA ORIGINAL<\/title>\n<meta name=\"robots\" content=\"index, follow, max-snippet:-1, max-image-preview:large, max-video-preview:-1\" \/>\n<link rel=\"canonical\" href=\"https:\/\/www.kimuceramica.com\/ca\/producte\/penjoll-3r-xacra\/\" \/>\n<meta property=\"og:locale\" content=\"ca_ES\" \/>\n<meta property=\"og:type\" content=\"article\" \/>\n<meta property=\"og:title\" content=\"PENJOLL 3r XACRA | Kimu CER\u00c1MICA ORIGINAL\" \/>\n<meta property=\"og:description\" content=\"MANIPURA. Tercer xacra, element: el foc.\" \/>\n<meta property=\"og:url\" content=\"https:\/\/www.kimuceramica.com\/ca\/producte\/penjoll-3r-xacra\/\" \/>\n<meta property=\"og:site_name\" content=\"Kimu CER\u00c1MICA ORIGINAL\" \/>\n<meta property=\"article:publisher\" content=\"https:\/\/www.facebook.com\/Kimu-ceramica-160734807402814\/\" \/>\n<meta property=\"article:modified_time\" content=\"2023-03-30T06:55:41+00:00\" \/>\n<meta property=\"og:image\" content=\"https:\/\/www.kimuceramica.com\/wp-content\/uploads\/2019\/10\/chakras_03.jpg\" \/>\n\t<meta property=\"og:image:width\" content=\"950\" \/>\n\t<meta property=\"og:image:height\" content=\"950\" \/>\n\t<meta property=\"og:image:type\" content=\"image\/jpeg\" \/>\n<meta name=\"twitter:card\" content=\"summary_large_image\" \/>\n<script type=\"application\/ld+json\" class=\"yoast-schema-graph\">{\"@context\":\"https:\/\/schema.org\",\"@graph\":[{\"@type\":\"WebPage\",\"@id\":\"https:\/\/www.kimuceramica.com\/ca\/producte\/penjoll-3r-xacra\/\",\"url\":\"https:\/\/www.kimuceramica.com\/ca\/producte\/penjoll-3r-xacra\/\",\"name\":\"PENJOLL 3r XACRA | Kimu CER\u00c1MICA ORIGINAL\",\"isPartOf\":{\"@id\":\"https:\/\/www.kimuceramica.com\/ca\/#website\"},\"primaryImageOfPage\":{\"@id\":\"https:\/\/www.kimuceramica.com\/ca\/producte\/penjoll-3r-xacra\/#primaryimage\"},\"image\":{\"@id\":\"https:\/\/www.kimuceramica.com\/ca\/producte\/penjoll-3r-xacra\/#primaryimage\"},\"thumbnailUrl\":\"https:\/\/www.kimuceramica.com\/wp-content\/uploads\/2019\/10\/chakras_03.jpg\",\"datePublished\":\"2020-06-01T20:19:57+00:00\",\"dateModified\":\"2023-03-30T06:55:41+00:00\",\"breadcrumb\":{\"@id\":\"https:\/\/www.kimuceramica.com\/ca\/producte\/penjoll-3r-xacra\/#breadcrumb\"},\"inLanguage\":\"ca\",\"potentialAction\":[{\"@type\":\"ReadAction\",\"target\":[\"https:\/\/www.kimuceramica.com\/ca\/producte\/penjoll-3r-xacra\/\"]}]},{\"@type\":\"ImageObject\",\"inLanguage\":\"ca\",\"@id\":\"https:\/\/www.kimuceramica.com\/ca\/producte\/penjoll-3r-xacra\/#primaryimage\",\"url\":\"https:\/\/www.kimuceramica.com\/wp-content\/uploads\/2019\/10\/chakras_03.jpg\",\"contentUrl\":\"https:\/\/www.kimuceramica.com\/wp-content\/uploads\/2019\/10\/chakras_03.jpg\",\"width\":950,\"height\":950,\"caption\":\"3r XACRA GROC\"},{\"@type\":\"BreadcrumbList\",\"@id\":\"https:\/\/www.kimuceramica.com\/ca\/producte\/penjoll-3r-xacra\/#breadcrumb\",\"itemListElement\":[{\"@type\":\"ListItem\",\"position\":1,\"name\":\"Portada\",\"item\":\"https:\/\/www.kimuceramica.com\/ca\/\"},{\"@type\":\"ListItem\",\"position\":2,\"name\":\"Shop\",\"item\":\"https:\/\/www.kimuceramica.com\/ca\/shop\/\"},{\"@type\":\"ListItem\",\"position\":3,\"name\":\"PENJOLL 3r XACRA\"}]},{\"@type\":\"WebSite\",\"@id\":\"https:\/\/www.kimuceramica.com\/ca\/#website\",\"url\":\"https:\/\/www.kimuceramica.com\/ca\/\",\"name\":\"Kimu CER\u00c1MICA ORIGINAL\",\"description\":\"Creaci\u00f3n y venta de piezas de bisuter\u00eda de peque\u00f1o tama\u00f1o y gran carga simb\u00f3lica hecha a mano, principalmente de cer\u00e1mica original: colgantes, pendientes, anillos, gemelos\",\"publisher\":{\"@id\":\"https:\/\/www.kimuceramica.com\/ca\/#organization\"},\"potentialAction\":[{\"@type\":\"SearchAction\",\"target\":{\"@type\":\"EntryPoint\",\"urlTemplate\":\"https:\/\/www.kimuceramica.com\/ca\/?s={search_term_string}\"},\"query-input\":{\"@type\":\"PropertyValueSpecification\",\"valueRequired\":true,\"valueName\":\"search_term_string\"}}],\"inLanguage\":\"ca\"},{\"@type\":\"Organization\",\"@id\":\"https:\/\/www.kimuceramica.com\/ca\/#organization\",\"name\":\"Kimu cer\u00e1mica\",\"url\":\"https:\/\/www.kimuceramica.com\/ca\/\",\"logo\":{\"@type\":\"ImageObject\",\"inLanguage\":\"ca\",\"@id\":\"https:\/\/www.kimuceramica.com\/ca\/#\/schema\/logo\/image\/\",\"url\":\"https:\/\/www.kimuceramica.com\/wp-content\/uploads\/2019\/07\/Kimu-logo-web.png\",\"contentUrl\":\"https:\/\/www.kimuceramica.com\/wp-content\/uploads\/2019\/07\/Kimu-logo-web.png\",\"width\":150,\"height\":72,\"caption\":\"Kimu cer\u00e1mica\"},\"image\":{\"@id\":\"https:\/\/www.kimuceramica.com\/ca\/#\/schema\/logo\/image\/\"},\"sameAs\":[\"https:\/\/www.facebook.com\/Kimu-ceramica-160734807402814\/\"]}]}<\/script>\n<!-- \/ Yoast SEO plugin. -->","yoast_head_json":{"title":"PENJOLL 3r XACRA | Kimu CER\u00c1MICA ORIGINAL","robots":{"index":"index","follow":"follow","max-snippet":"max-snippet:-1","max-image-preview":"max-image-preview:large","max-video-preview":"max-video-preview:-1"},"canonical":"https:\/\/www.kimuceramica.com\/ca\/producte\/penjoll-3r-xacra\/","og_locale":"ca_ES","og_type":"article","og_title":"PENJOLL 3r XACRA | Kimu CER\u00c1MICA ORIGINAL","og_description":"MANIPURA. Tercer xacra, element: el foc.","og_url":"https:\/\/www.kimuceramica.com\/ca\/producte\/penjoll-3r-xacra\/","og_site_name":"Kimu CER\u00c1MICA ORIGINAL","article_publisher":"https:\/\/www.facebook.com\/Kimu-ceramica-160734807402814\/","article_modified_time":"2023-03-30T06:55:41+00:00","og_image":[{"width":950,"height":950,"url":"https:\/\/www.kimuceramica.com\/wp-content\/uploads\/2019\/10\/chakras_03.jpg","type":"image\/jpeg"}],"twitter_card":"summary_large_image","schema":{"@context":"https:\/\/schema.org","@graph":[{"@type":"WebPage","@id":"https:\/\/www.kimuceramica.com\/ca\/producte\/penjoll-3r-xacra\/","url":"https:\/\/www.kimuceramica.com\/ca\/producte\/penjoll-3r-xacra\/","name":"PENJOLL 3r XACRA | Kimu CER\u00c1MICA ORIGINAL","isPartOf":{"@id":"https:\/\/www.kimuceramica.com\/ca\/#website"},"primaryImageOfPage":{"@id":"https:\/\/www.kimuceramica.com\/ca\/producte\/penjoll-3r-xacra\/#primaryimage"},"image":{"@id":"https:\/\/www.kimuceramica.com\/ca\/producte\/penjoll-3r-xacra\/#primaryimage"},"thumbnailUrl":"https:\/\/www.kimuceramica.com\/wp-content\/uploads\/2019\/10\/chakras_03.jpg","datePublished":"2020-06-01T20:19:57+00:00","dateModified":"2023-03-30T06:55:41+00:00","breadcrumb":{"@id":"https:\/\/www.kimuceramica.com\/ca\/producte\/penjoll-3r-xacra\/#breadcrumb"},"inLanguage":"ca","potentialAction":[{"@type":"ReadAction","target":["https:\/\/www.kimuceramica.com\/ca\/producte\/penjoll-3r-xacra\/"]}]},{"@type":"ImageObject","inLanguage":"ca","@id":"https:\/\/www.kimuceramica.com\/ca\/producte\/penjoll-3r-xacra\/#primaryimage","url":"https:\/\/www.kimuceramica.com\/wp-content\/uploads\/2019\/10\/chakras_03.jpg","contentUrl":"https:\/\/www.kimuceramica.com\/wp-content\/uploads\/2019\/10\/chakras_03.jpg","width":950,"height":950,"caption":"3r XACRA GROC"},{"@type":"BreadcrumbList","@id":"https:\/\/www.kimuceramica.com\/ca\/producte\/penjoll-3r-xacra\/#breadcrumb","itemListElement":[{"@type":"ListItem","position":1,"name":"Portada","item":"https:\/\/www.kimuceramica.com\/ca\/"},{"@type":"ListItem","position":2,"name":"Shop","item":"https:\/\/www.kimuceramica.com\/ca\/shop\/"},{"@type":"ListItem","position":3,"name":"PENJOLL 3r XACRA"}]},{"@type":"WebSite","@id":"https:\/\/www.kimuceramica.com\/ca\/#website","url":"https:\/\/www.kimuceramica.com\/ca\/","name":"Kimu CER\u00c1MICA ORIGINAL","description":"Creaci\u00f3n y venta de piezas de bisuter\u00eda de peque\u00f1o tama\u00f1o y gran carga simb\u00f3lica hecha a mano, principalmente de cer\u00e1mica original: colgantes, pendientes, anillos, gemelos","publisher":{"@id":"https:\/\/www.kimuceramica.com\/ca\/#organization"},"potentialAction":[{"@type":"SearchAction","target":{"@type":"EntryPoint","urlTemplate":"https:\/\/www.kimuceramica.com\/ca\/?s={search_term_string}"},"query-input":{"@type":"PropertyValueSpecification","valueRequired":true,"valueName":"search_term_string"}}],"inLanguage":"ca"},{"@type":"Organization","@id":"https:\/\/www.kimuceramica.com\/ca\/#organization","name":"Kimu cer\u00e1mica","url":"https:\/\/www.kimuceramica.com\/ca\/","logo":{"@type":"ImageObject","inLanguage":"ca","@id":"https:\/\/www.kimuceramica.com\/ca\/#\/schema\/logo\/image\/","url":"https:\/\/www.kimuceramica.com\/wp-content\/uploads\/2019\/07\/Kimu-logo-web.png","contentUrl":"https:\/\/www.kimuceramica.com\/wp-content\/uploads\/2019\/07\/Kimu-logo-web.png","width":150,"height":72,"caption":"Kimu cer\u00e1mica"},"image":{"@id":"https:\/\/www.kimuceramica.com\/ca\/#\/schema\/logo\/image\/"},"sameAs":["https:\/\/www.facebook.com\/Kimu-ceramica-160734807402814\/"]}]}},"_links":{"self":[{"href":"https:\/\/www.kimuceramica.com\/ca\/wp-json\/wp\/v2\/product\/264618","targetHints":{"allow":["GET"]}}],"collection":[{"href":"https:\/\/www.kimuceramica.com\/ca\/wp-json\/wp\/v2\/product"}],"about":[{"href":"https:\/\/www.kimuceramica.com\/ca\/wp-json\/wp\/v2\/types\/product"}],"replies":[{"embeddable":true,"href":"https:\/\/www.kimuceramica.com\/ca\/wp-json\/wp\/v2\/comments?post=264618"}],"wp:featuredmedia":[{"embeddable":true,"href":"https:\/\/www.kimuceramica.com\/ca\/wp-json\/wp\/v2\/media\/262631"}],"wp:attachment":[{"href":"https:\/\/www.kimuceramica.com\/ca\/wp-json\/wp\/v2\/media?parent=264618"}],"wp:term":[{"taxonomy":"brand","embeddable":true,"href":"https:\/\/www.kimuceramica.com\/ca\/wp-json\/wp\/v2\/etheme_brands?post=264618"},{"taxonomy":"product_brand","embeddable":true,"href":"https:\/\/www.kimuceramica.com\/ca\/wp-json\/wp\/v2\/product_brand?post=264618"},{"taxonomy":"product_cat","embeddable":true,"href":"https:\/\/www.kimuceramica.com\/ca\/wp-json\/wp\/v2\/product_cat?post=264618"},{"taxonomy":"product_tag","embeddable":true,"href":"https:\/\/www.kimuceramica.com\/ca\/wp-json\/wp\/v2\/product_tag?post=264618"}],"curies":[{"name":"wp","href":"https:\/\/api.w.org\/{rel}","templated":true}]}}