{"id":267579,"date":"2019-11-18T08:46:31","date_gmt":"2019-11-18T07:46:31","guid":{"rendered":"https:\/\/www.kimuceramica.com\/product\/botons-de-puny-sucellos\/"},"modified":"2023-03-20T12:11:41","modified_gmt":"2023-03-20T11:11:41","slug":"botons-de-puny-sucellos","status":"publish","type":"product","link":"https:\/\/www.kimuceramica.com\/ca\/producte\/botons-de-puny-sucellos\/","title":{"rendered":"BOTONS DE PUNY SUCELLOS"},"content":{"rendered":"<p>Des de la prehist\u00f2ria els celtes ens han deixat un impressionant llegat art\u00edstic amb un estil inconfusible a trav\u00e9s del temps. Inspirant-se en les formes canviants de la natura, els artistes celtes reflectien en els seus nusos i dibuixos la seva ferma creen\u00e7a en la vida despr\u00e9s de la mort, en la continu\u00eftat entre aquest m\u00f3n i l&#8217;altre m\u00f3n.<\/p>\n","protected":false},"excerpt":{"rendered":"<p>El martell del d\u00e9u gal Sucellos allunya els mals i \u00e9s un s\u00edmbol de poder amb capacitats curatives.<\/p>\n","protected":false},"featured_media":185902,"comment_status":"closed","ping_status":"closed","template":"","meta":[],"etheme_brands":[{"term_id":898,"name":"CELTIC ART","slug":"art-celta","term_group":0,"term_taxonomy_id":898,"taxonomy":"brand","description":"Col\u2022lecci\u00f3 d\u2019art celta inspirada en originals datats des de varis segles abans de la nostra era fins al s. VIII d.C. Els dibuixos s\u2019han trobat tant en un escut, un mirall o un tam\u00eds com a les filigranes que decoren els evangeliaris de Kells o de Durrow.","parent":0,"count":174,"filter":"raw"},{"term_id":904,"name":"NUSOS","slug":"nusos","term_group":0,"term_taxonomy_id":904,"taxonomy":"brand","description":"Des de la prehist\u00f2ria els celtes ens han deixat un impressionant llegat art\u00edstic amb un estil inconfusible a trav\u00e9s del temps. Inspirant-se en les formes canviants de la natura, els artistes celtes reflectien en els seus nusos i dibuixos la seva ferma creen\u00e7a en la vida despr\u00e9s de la mort, en la continu\u00eftat entre aquest m\u00f3n i l\u2019altre m\u00f3n.","parent":898,"count":60,"filter":"raw"}],"product_brand":[],"product_cat":[865,862,871],"product_tag":[1087,1089,1088,1090],"class_list":{"0":"post-267579","1":"product","2":"type-product","3":"status-publish","4":"has-post-thumbnail","6":"brand-art-celta","7":"brand-nusos","8":"product_cat-art-celta-botons-de-puny","9":"product_cat-botons-de-puny","10":"product_cat-nusos-art-celta-botons-de-puny","11":"product_tag-art-celta-ca","12":"product_tag-art-medieval-ca","13":"product_tag-proteccio-ca","14":"product_tag-sanacio-ca","15":"pa_color-blau","16":"pa_color-cobalt","17":"pa_color-indig","18":"pa_color-lila-ca","19":"pa_color-ocean-blue-ca","20":"pa_color-rosa-ca","21":"pa_color-verd","22":"pa_color-vermell","23":"pa_tamano-y-engaste-unic-ca","25":"first","26":"instock","27":"purchasable","28":"product-type-variable","29":"has-default-attributes"},"yoast_head":"<!-- This site is optimized with the Yoast SEO plugin v27.1.1 - https:\/\/yoast.com\/product\/yoast-seo-wordpress\/ -->\n<title>BOTONS DE PUNY SUCELLOS | Kimu CER\u00c1MICA ORIGINAL<\/title>\n<meta name=\"robots\" content=\"index, follow, max-snippet:-1, max-image-preview:large, max-video-preview:-1\" \/>\n<link rel=\"canonical\" href=\"https:\/\/www.kimuceramica.com\/ca\/producte\/botons-de-puny-sucellos\/\" \/>\n<meta property=\"og:locale\" content=\"ca_ES\" \/>\n<meta property=\"og:type\" content=\"article\" \/>\n<meta property=\"og:title\" content=\"BOTONS DE PUNY SUCELLOS | Kimu CER\u00c1MICA ORIGINAL\" \/>\n<meta property=\"og:description\" content=\"El martell del d\u00e9u gal Sucellos allunya els mals i \u00e9s un s\u00edmbol de poder amb capacitats curatives.\" \/>\n<meta property=\"og:url\" content=\"https:\/\/www.kimuceramica.com\/ca\/producte\/botons-de-puny-sucellos\/\" \/>\n<meta property=\"og:site_name\" content=\"Kimu CER\u00c1MICA ORIGINAL\" \/>\n<meta property=\"article:publisher\" content=\"https:\/\/www.facebook.com\/Kimu-ceramica-160734807402814\/\" \/>\n<meta property=\"article:modified_time\" content=\"2023-03-20T11:11:41+00:00\" \/>\n<meta property=\"og:image\" content=\"https:\/\/www.kimuceramica.com\/wp-content\/uploads\/2019\/07\/20-az.jpg\" \/>\n\t<meta property=\"og:image:width\" content=\"950\" \/>\n\t<meta property=\"og:image:height\" content=\"950\" \/>\n\t<meta property=\"og:image:type\" content=\"image\/jpeg\" \/>\n<meta name=\"twitter:card\" content=\"summary_large_image\" \/>\n<script type=\"application\/ld+json\" class=\"yoast-schema-graph\">{\"@context\":\"https:\/\/schema.org\",\"@graph\":[{\"@type\":\"WebPage\",\"@id\":\"https:\/\/www.kimuceramica.com\/ca\/producte\/botons-de-puny-sucellos\/\",\"url\":\"https:\/\/www.kimuceramica.com\/ca\/producte\/botons-de-puny-sucellos\/\",\"name\":\"BOTONS DE PUNY SUCELLOS | Kimu CER\u00c1MICA ORIGINAL\",\"isPartOf\":{\"@id\":\"https:\/\/www.kimuceramica.com\/ca\/#website\"},\"primaryImageOfPage\":{\"@id\":\"https:\/\/www.kimuceramica.com\/ca\/producte\/botons-de-puny-sucellos\/#primaryimage\"},\"image\":{\"@id\":\"https:\/\/www.kimuceramica.com\/ca\/producte\/botons-de-puny-sucellos\/#primaryimage\"},\"thumbnailUrl\":\"https:\/\/www.kimuceramica.com\/wp-content\/uploads\/2019\/07\/20-az.jpg\",\"datePublished\":\"2019-11-18T07:46:31+00:00\",\"dateModified\":\"2023-03-20T11:11:41+00:00\",\"breadcrumb\":{\"@id\":\"https:\/\/www.kimuceramica.com\/ca\/producte\/botons-de-puny-sucellos\/#breadcrumb\"},\"inLanguage\":\"ca\",\"potentialAction\":[{\"@type\":\"ReadAction\",\"target\":[\"https:\/\/www.kimuceramica.com\/ca\/producte\/botons-de-puny-sucellos\/\"]}]},{\"@type\":\"ImageObject\",\"inLanguage\":\"ca\",\"@id\":\"https:\/\/www.kimuceramica.com\/ca\/producte\/botons-de-puny-sucellos\/#primaryimage\",\"url\":\"https:\/\/www.kimuceramica.com\/wp-content\/uploads\/2019\/07\/20-az.jpg\",\"contentUrl\":\"https:\/\/www.kimuceramica.com\/wp-content\/uploads\/2019\/07\/20-az.jpg\",\"width\":950,\"height\":950,\"caption\":\"SUCELLOS Blau\"},{\"@type\":\"BreadcrumbList\",\"@id\":\"https:\/\/www.kimuceramica.com\/ca\/producte\/botons-de-puny-sucellos\/#breadcrumb\",\"itemListElement\":[{\"@type\":\"ListItem\",\"position\":1,\"name\":\"Portada\",\"item\":\"https:\/\/www.kimuceramica.com\/ca\/\"},{\"@type\":\"ListItem\",\"position\":2,\"name\":\"Shop\",\"item\":\"https:\/\/www.kimuceramica.com\/ca\/shop\/\"},{\"@type\":\"ListItem\",\"position\":3,\"name\":\"BOTONS DE PUNY SUCELLOS\"}]},{\"@type\":\"WebSite\",\"@id\":\"https:\/\/www.kimuceramica.com\/ca\/#website\",\"url\":\"https:\/\/www.kimuceramica.com\/ca\/\",\"name\":\"Kimu CER\u00c1MICA ORIGINAL\",\"description\":\"Creaci\u00f3n y venta de piezas de bisuter\u00eda de peque\u00f1o tama\u00f1o y gran carga simb\u00f3lica hecha a mano, principalmente de cer\u00e1mica original: colgantes, pendientes, anillos, gemelos\",\"publisher\":{\"@id\":\"https:\/\/www.kimuceramica.com\/ca\/#organization\"},\"potentialAction\":[{\"@type\":\"SearchAction\",\"target\":{\"@type\":\"EntryPoint\",\"urlTemplate\":\"https:\/\/www.kimuceramica.com\/ca\/?s={search_term_string}\"},\"query-input\":{\"@type\":\"PropertyValueSpecification\",\"valueRequired\":true,\"valueName\":\"search_term_string\"}}],\"inLanguage\":\"ca\"},{\"@type\":\"Organization\",\"@id\":\"https:\/\/www.kimuceramica.com\/ca\/#organization\",\"name\":\"Kimu cer\u00e1mica\",\"url\":\"https:\/\/www.kimuceramica.com\/ca\/\",\"logo\":{\"@type\":\"ImageObject\",\"inLanguage\":\"ca\",\"@id\":\"https:\/\/www.kimuceramica.com\/ca\/#\/schema\/logo\/image\/\",\"url\":\"https:\/\/www.kimuceramica.com\/wp-content\/uploads\/2019\/07\/Kimu-logo-web.png\",\"contentUrl\":\"https:\/\/www.kimuceramica.com\/wp-content\/uploads\/2019\/07\/Kimu-logo-web.png\",\"width\":150,\"height\":72,\"caption\":\"Kimu cer\u00e1mica\"},\"image\":{\"@id\":\"https:\/\/www.kimuceramica.com\/ca\/#\/schema\/logo\/image\/\"},\"sameAs\":[\"https:\/\/www.facebook.com\/Kimu-ceramica-160734807402814\/\"]}]}<\/script>\n<!-- \/ Yoast SEO plugin. -->","yoast_head_json":{"title":"BOTONS DE PUNY SUCELLOS | Kimu CER\u00c1MICA ORIGINAL","robots":{"index":"index","follow":"follow","max-snippet":"max-snippet:-1","max-image-preview":"max-image-preview:large","max-video-preview":"max-video-preview:-1"},"canonical":"https:\/\/www.kimuceramica.com\/ca\/producte\/botons-de-puny-sucellos\/","og_locale":"ca_ES","og_type":"article","og_title":"BOTONS DE PUNY SUCELLOS | Kimu CER\u00c1MICA ORIGINAL","og_description":"El martell del d\u00e9u gal Sucellos allunya els mals i \u00e9s un s\u00edmbol de poder amb capacitats curatives.","og_url":"https:\/\/www.kimuceramica.com\/ca\/producte\/botons-de-puny-sucellos\/","og_site_name":"Kimu CER\u00c1MICA ORIGINAL","article_publisher":"https:\/\/www.facebook.com\/Kimu-ceramica-160734807402814\/","article_modified_time":"2023-03-20T11:11:41+00:00","og_image":[{"width":950,"height":950,"url":"https:\/\/www.kimuceramica.com\/wp-content\/uploads\/2019\/07\/20-az.jpg","type":"image\/jpeg"}],"twitter_card":"summary_large_image","schema":{"@context":"https:\/\/schema.org","@graph":[{"@type":"WebPage","@id":"https:\/\/www.kimuceramica.com\/ca\/producte\/botons-de-puny-sucellos\/","url":"https:\/\/www.kimuceramica.com\/ca\/producte\/botons-de-puny-sucellos\/","name":"BOTONS DE PUNY SUCELLOS | Kimu CER\u00c1MICA ORIGINAL","isPartOf":{"@id":"https:\/\/www.kimuceramica.com\/ca\/#website"},"primaryImageOfPage":{"@id":"https:\/\/www.kimuceramica.com\/ca\/producte\/botons-de-puny-sucellos\/#primaryimage"},"image":{"@id":"https:\/\/www.kimuceramica.com\/ca\/producte\/botons-de-puny-sucellos\/#primaryimage"},"thumbnailUrl":"https:\/\/www.kimuceramica.com\/wp-content\/uploads\/2019\/07\/20-az.jpg","datePublished":"2019-11-18T07:46:31+00:00","dateModified":"2023-03-20T11:11:41+00:00","breadcrumb":{"@id":"https:\/\/www.kimuceramica.com\/ca\/producte\/botons-de-puny-sucellos\/#breadcrumb"},"inLanguage":"ca","potentialAction":[{"@type":"ReadAction","target":["https:\/\/www.kimuceramica.com\/ca\/producte\/botons-de-puny-sucellos\/"]}]},{"@type":"ImageObject","inLanguage":"ca","@id":"https:\/\/www.kimuceramica.com\/ca\/producte\/botons-de-puny-sucellos\/#primaryimage","url":"https:\/\/www.kimuceramica.com\/wp-content\/uploads\/2019\/07\/20-az.jpg","contentUrl":"https:\/\/www.kimuceramica.com\/wp-content\/uploads\/2019\/07\/20-az.jpg","width":950,"height":950,"caption":"SUCELLOS Blau"},{"@type":"BreadcrumbList","@id":"https:\/\/www.kimuceramica.com\/ca\/producte\/botons-de-puny-sucellos\/#breadcrumb","itemListElement":[{"@type":"ListItem","position":1,"name":"Portada","item":"https:\/\/www.kimuceramica.com\/ca\/"},{"@type":"ListItem","position":2,"name":"Shop","item":"https:\/\/www.kimuceramica.com\/ca\/shop\/"},{"@type":"ListItem","position":3,"name":"BOTONS DE PUNY SUCELLOS"}]},{"@type":"WebSite","@id":"https:\/\/www.kimuceramica.com\/ca\/#website","url":"https:\/\/www.kimuceramica.com\/ca\/","name":"Kimu CER\u00c1MICA ORIGINAL","description":"Creaci\u00f3n y venta de piezas de bisuter\u00eda de peque\u00f1o tama\u00f1o y gran carga simb\u00f3lica hecha a mano, principalmente de cer\u00e1mica original: colgantes, pendientes, anillos, gemelos","publisher":{"@id":"https:\/\/www.kimuceramica.com\/ca\/#organization"},"potentialAction":[{"@type":"SearchAction","target":{"@type":"EntryPoint","urlTemplate":"https:\/\/www.kimuceramica.com\/ca\/?s={search_term_string}"},"query-input":{"@type":"PropertyValueSpecification","valueRequired":true,"valueName":"search_term_string"}}],"inLanguage":"ca"},{"@type":"Organization","@id":"https:\/\/www.kimuceramica.com\/ca\/#organization","name":"Kimu cer\u00e1mica","url":"https:\/\/www.kimuceramica.com\/ca\/","logo":{"@type":"ImageObject","inLanguage":"ca","@id":"https:\/\/www.kimuceramica.com\/ca\/#\/schema\/logo\/image\/","url":"https:\/\/www.kimuceramica.com\/wp-content\/uploads\/2019\/07\/Kimu-logo-web.png","contentUrl":"https:\/\/www.kimuceramica.com\/wp-content\/uploads\/2019\/07\/Kimu-logo-web.png","width":150,"height":72,"caption":"Kimu cer\u00e1mica"},"image":{"@id":"https:\/\/www.kimuceramica.com\/ca\/#\/schema\/logo\/image\/"},"sameAs":["https:\/\/www.facebook.com\/Kimu-ceramica-160734807402814\/"]}]}},"_links":{"self":[{"href":"https:\/\/www.kimuceramica.com\/ca\/wp-json\/wp\/v2\/product\/267579","targetHints":{"allow":["GET"]}}],"collection":[{"href":"https:\/\/www.kimuceramica.com\/ca\/wp-json\/wp\/v2\/product"}],"about":[{"href":"https:\/\/www.kimuceramica.com\/ca\/wp-json\/wp\/v2\/types\/product"}],"replies":[{"embeddable":true,"href":"https:\/\/www.kimuceramica.com\/ca\/wp-json\/wp\/v2\/comments?post=267579"}],"wp:featuredmedia":[{"embeddable":true,"href":"https:\/\/www.kimuceramica.com\/ca\/wp-json\/wp\/v2\/media\/185902"}],"wp:attachment":[{"href":"https:\/\/www.kimuceramica.com\/ca\/wp-json\/wp\/v2\/media?parent=267579"}],"wp:term":[{"taxonomy":"brand","embeddable":true,"href":"https:\/\/www.kimuceramica.com\/ca\/wp-json\/wp\/v2\/etheme_brands?post=267579"},{"taxonomy":"product_brand","embeddable":true,"href":"https:\/\/www.kimuceramica.com\/ca\/wp-json\/wp\/v2\/product_brand?post=267579"},{"taxonomy":"product_cat","embeddable":true,"href":"https:\/\/www.kimuceramica.com\/ca\/wp-json\/wp\/v2\/product_cat?post=267579"},{"taxonomy":"product_tag","embeddable":true,"href":"https:\/\/www.kimuceramica.com\/ca\/wp-json\/wp\/v2\/product_tag?post=267579"}],"curies":[{"name":"wp","href":"https:\/\/api.w.org\/{rel}","templated":true}]}}