{"id":202256,"date":"2018-11-15T13:33:16","date_gmt":"2018-11-15T12:33:16","guid":{"rendered":"https:\/\/www.kimuceramica.com\/?page_id=202256"},"modified":"2019-10-09T10:19:50","modified_gmt":"2019-10-09T08:19:50","slug":"privacy-policy","status":"publish","type":"page","link":"https:\/\/www.kimuceramica.com\/en\/privacy-policy\/","title":{"rendered":"Privacy policy"},"content":{"rendered":"<h2>PRIVACY and SOCIAL NETWORKS POLICY<\/h2>\n<p>In accordance with the regulations in force and applicable to Personal Data Protection and Law 34\/2002, of 11 July, on Information Society Services and Electronic Commerce (LSSI-CE), ANA MARIA ALBA FORT informs users that it has proceeded to create a profile on the Social Network\/s\/Facebook, Instagram, Linkedin, with the main purpose of advertising its products and services.<\/p>\n<p>&nbsp;<\/p>\n<p>Data from ANA MARIA ALBA FORT:<\/p>\n<p>&#8211; CIF: 46323426T<\/p>\n<p>&#8211; ADDRESS: AV DE LA XIRUCA 18. E-17853 TORTELL\u00c0 (GIRONA) SPAIN<\/p>\n<p>&#8211; E-MAIL: info@kimuceramica.com<\/p>\n<p>&#8211; WEB DOMAIN: <a href=\"https:\/\/www.kimuceramica.com\/\">www.kimuceramica.com<\/a><\/p>\n<p>&nbsp;<\/p>\n<p>The user has a profile on the same Social Network and has decided to join the page created by ANA MARIA ALBA FORT, thus showing interest in the information published on the Network. By joining our site, you give us your consent for the processing of personal data published in your profile.<\/p>\n<p>The user can at any time access the privacy policies of the Social Network itself, as well as configure your profile to ensure your privacy.<\/p>\n<p>ANA MARIA ALBA FORT has access to and treats that public information about the user, especially his or her contact name. These data are only used within the Social Network itself. They are not incorporated into any file.<\/p>\n<ul>\n<li>\nIn relation to the rights of access, rectification, limitation of treatment, suppression, portability and opposition, which you have and which can be exercised with ANA MARIA ALBA FORT, in accordance with the RGPD, you must take into account the following nuances:<\/li>\n<li>Access: Will be defined by the functionality of the Social Network and the ability to access information from user profiles.<\/li>\n<li>Rectification: Only information under the control of ANA MARIA ALBA FORT can be satisfied, for example, removing comments published on the page itself. Normally, this right must be exercised with the Social Network.<\/li>\n<li>Cancellation and\/or Opposition: As in the previous case, only information under the control of ANA MARIA ALBA FORT can be satisfied, for example, to cease to be linked to the profile.<\/li>\n<\/ul>\n<p>ANA MARIA ALBA FORT will carry out the following actions:<\/p>\n<ul>\n<li>Access to public profile information.<\/li>\n<li>Publication in the user&#8217;s profile of all the information already published on the ANA MARIA ALBA FORT website.<\/li>\n<li>Send personal and individual messages through the Social Network channels.<\/li>\n<li>Updates of the status of the page that will be published in the user&#8217;s profile.<\/li>\n<\/ul>\n<p>&nbsp;<\/p>\n<p>Users can always control their connections, remove content that no longer interests them and restrict who they share their connections with. To do so, they must access their privacy settings.<\/p>\n<h2>Publications<\/h2>\n<p>The user, once linked to the page of ANA MARIA ALBA FORT, will be able to publish on it comments, links, images or photographs or any other type of multimedia content supported by the Social Network. The user, in all cases, must be the owner of the the content, having copyright and intellectual property over it or have the consent of third parties affected. Any publication on the site, whether text, graphics, photographs, videos, etc. that threaten or are likely to undermine morals, ethics, good taste or decorum, and\/or that infringe or violate intellectual or industrial property rights, the right to the image or the Law, is expressly prohibited. In these cases, ANA MARIA ALBA FORT reserves the right to immediately remove the content and may request the permanent blocking of the user.<\/p>\n<p>ANA MARIA ALBA FORT will not be held responsible for the contents freely published by a user.<br \/>\nThe user must bear in mind that his or her publications will be known by other users, for which reason he or she is primarily responsible for his or her privacy.<br \/>\nThe images that may be published on the page will not be stored in any file by ANA MARIA ALBA FORT, but they will remain on the Social Network.<\/p>\n<p>&nbsp;<\/p>\n<h2>Contests and promotions<\/h2>\n<p>ANA MARIA ALBA FORT reserves the right to carry out contests and promotions, in which the user may participate together with its website. The terms and conditions of each one of them, when the Social Network platform is used for this purpose, will be published on it. Always complying with the LSSI-CE and any other applicable laws.<br \/>\nThe Social Network does not sponsor, endorse or administer, in any way, any of our promotions, nor is it associated with any of them.<\/p>\n<p>&nbsp;<\/p>\n<h2>Advertising<\/h2>\n<p>&nbsp;<\/p>\n<p>ANA MARIA ALBA FORT will use the Social Network to advertise its products and services, in any case, if it decides to use its contact data to carry out direct commercial prospecting actions, it will always be in compliance with the legal requirements of the RGPD and the LSSI-CE.<\/p>\n<p>The fact of recommending the ANA MARIA ALBA FORT website to other users so that they too may enjoy the promotions or be informed of its activity shall not be considered advertising. Below we detail the link to the privacy policy of the Social Network:<\/p>\n<ul>\n<li>Facebook: <a href=\"https:\/\/www.facebook.com\/help\/323540651073243\/\">https:\/\/www.facebook.com\/help\/323540651073243\/ <\/a><\/li>\n<li>Instagram: <a href=\"http:\/\/instagram.com\/about\/legal\/privacy\/\">http:\/\/instagram.com\/about\/legal\/privacy\/ <\/a><\/li>\n<\/ul>\n","protected":false},"excerpt":{"rendered":"<p>PRIVACY and SOCIAL NETWORKS POLICY In accordance with the regulations in force and applicable to Personal Data Protection and Law 34\/2002, of 11 July, on Information Society Services and Electronic Commerce (LSSI-CE), ANA MARIA ALBA FORT informs users that it has proceeded to create a&#8230;<\/p>\n","protected":false},"author":1,"featured_media":0,"parent":0,"menu_order":0,"comment_status":"closed","ping_status":"closed","template":"","meta":{"footnotes":""},"class_list":["post-202256","page","type-page","status-publish","hentry"],"yoast_head":"<!-- This site is optimized with the Yoast SEO plugin v27.5 - https:\/\/yoast.com\/product\/yoast-seo-wordpress\/ -->\n<title>Privacy policy | Kimu CER\u00c1MICA ORIGINAL<\/title>\n<meta name=\"robots\" content=\"index, follow, max-snippet:-1, max-image-preview:large, max-video-preview:-1\" \/>\n<link rel=\"canonical\" href=\"https:\/\/www.kimuceramica.com\/en\/privacy-policy\/\" \/>\n<meta property=\"og:locale\" content=\"en_US\" \/>\n<meta property=\"og:type\" content=\"article\" \/>\n<meta property=\"og:title\" content=\"Privacy policy | Kimu CER\u00c1MICA ORIGINAL\" \/>\n<meta property=\"og:description\" content=\"PRIVACY and SOCIAL NETWORKS POLICY In accordance with the regulations in force and applicable to Personal Data Protection and Law 34\/2002, of 11 July, on Information Society Services and Electronic Commerce (LSSI-CE), ANA MARIA ALBA FORT informs users that it has proceeded to create a...\" \/>\n<meta property=\"og:url\" content=\"https:\/\/www.kimuceramica.com\/en\/privacy-policy\/\" \/>\n<meta property=\"og:site_name\" content=\"Kimu CER\u00c1MICA ORIGINAL\" \/>\n<meta property=\"article:publisher\" content=\"https:\/\/www.facebook.com\/Kimu-ceramica-160734807402814\/\" \/>\n<meta property=\"article:modified_time\" content=\"2019-10-09T08:19:50+00:00\" \/>\n<meta name=\"twitter:card\" content=\"summary_large_image\" \/>\n<meta name=\"twitter:label1\" content=\"Est. reading time\" \/>\n\t<meta name=\"twitter:data1\" content=\"4 minutes\" \/>\n<script type=\"application\/ld+json\" class=\"yoast-schema-graph\">{\"@context\":\"https:\\\/\\\/schema.org\",\"@graph\":[{\"@type\":\"WebPage\",\"@id\":\"https:\\\/\\\/www.kimuceramica.com\\\/en\\\/privacy-policy\\\/\",\"url\":\"https:\\\/\\\/www.kimuceramica.com\\\/en\\\/privacy-policy\\\/\",\"name\":\"Privacy policy | Kimu CER\u00c1MICA ORIGINAL\",\"isPartOf\":{\"@id\":\"https:\\\/\\\/www.kimuceramica.com\\\/en\\\/#website\"},\"datePublished\":\"2018-11-15T12:33:16+00:00\",\"dateModified\":\"2019-10-09T08:19:50+00:00\",\"breadcrumb\":{\"@id\":\"https:\\\/\\\/www.kimuceramica.com\\\/en\\\/privacy-policy\\\/#breadcrumb\"},\"inLanguage\":\"en-US\",\"potentialAction\":[{\"@type\":\"ReadAction\",\"target\":[\"https:\\\/\\\/www.kimuceramica.com\\\/en\\\/privacy-policy\\\/\"]}]},{\"@type\":\"BreadcrumbList\",\"@id\":\"https:\\\/\\\/www.kimuceramica.com\\\/en\\\/privacy-policy\\\/#breadcrumb\",\"itemListElement\":[{\"@type\":\"ListItem\",\"position\":1,\"name\":\"Portada\",\"item\":\"https:\\\/\\\/www.kimuceramica.com\\\/en\\\/\"},{\"@type\":\"ListItem\",\"position\":2,\"name\":\"Privacy policy\"}]},{\"@type\":\"WebSite\",\"@id\":\"https:\\\/\\\/www.kimuceramica.com\\\/en\\\/#website\",\"url\":\"https:\\\/\\\/www.kimuceramica.com\\\/en\\\/\",\"name\":\"Kimu CER\u00c1MICA ORIGINAL\",\"description\":\"Creaci\u00f3n y venta de piezas de bisuter\u00eda de peque\u00f1o tama\u00f1o y gran carga simb\u00f3lica hecha a mano, principalmente de cer\u00e1mica original: colgantes, pendientes, anillos, gemelos\",\"publisher\":{\"@id\":\"https:\\\/\\\/www.kimuceramica.com\\\/en\\\/#organization\"},\"potentialAction\":[{\"@type\":\"SearchAction\",\"target\":{\"@type\":\"EntryPoint\",\"urlTemplate\":\"https:\\\/\\\/www.kimuceramica.com\\\/en\\\/?s={search_term_string}\"},\"query-input\":{\"@type\":\"PropertyValueSpecification\",\"valueRequired\":true,\"valueName\":\"search_term_string\"}}],\"inLanguage\":\"en-US\"},{\"@type\":\"Organization\",\"@id\":\"https:\\\/\\\/www.kimuceramica.com\\\/en\\\/#organization\",\"name\":\"Kimu cer\u00e1mica\",\"url\":\"https:\\\/\\\/www.kimuceramica.com\\\/en\\\/\",\"logo\":{\"@type\":\"ImageObject\",\"inLanguage\":\"en-US\",\"@id\":\"https:\\\/\\\/www.kimuceramica.com\\\/en\\\/#\\\/schema\\\/logo\\\/image\\\/\",\"url\":\"https:\\\/\\\/www.kimuceramica.com\\\/wp-content\\\/uploads\\\/2019\\\/07\\\/Kimu-logo-web.png\",\"contentUrl\":\"https:\\\/\\\/www.kimuceramica.com\\\/wp-content\\\/uploads\\\/2019\\\/07\\\/Kimu-logo-web.png\",\"width\":150,\"height\":72,\"caption\":\"Kimu cer\u00e1mica\"},\"image\":{\"@id\":\"https:\\\/\\\/www.kimuceramica.com\\\/en\\\/#\\\/schema\\\/logo\\\/image\\\/\"},\"sameAs\":[\"https:\\\/\\\/www.facebook.com\\\/Kimu-ceramica-160734807402814\\\/\"]}]}<\/script>\n<!-- \/ Yoast SEO plugin. -->","yoast_head_json":{"title":"Privacy policy | Kimu CER\u00c1MICA ORIGINAL","robots":{"index":"index","follow":"follow","max-snippet":"max-snippet:-1","max-image-preview":"max-image-preview:large","max-video-preview":"max-video-preview:-1"},"canonical":"https:\/\/www.kimuceramica.com\/en\/privacy-policy\/","og_locale":"en_US","og_type":"article","og_title":"Privacy policy | Kimu CER\u00c1MICA ORIGINAL","og_description":"PRIVACY and SOCIAL NETWORKS POLICY In accordance with the regulations in force and applicable to Personal Data Protection and Law 34\/2002, of 11 July, on Information Society Services and Electronic Commerce (LSSI-CE), ANA MARIA ALBA FORT informs users that it has proceeded to create a...","og_url":"https:\/\/www.kimuceramica.com\/en\/privacy-policy\/","og_site_name":"Kimu CER\u00c1MICA ORIGINAL","article_publisher":"https:\/\/www.facebook.com\/Kimu-ceramica-160734807402814\/","article_modified_time":"2019-10-09T08:19:50+00:00","twitter_card":"summary_large_image","twitter_misc":{"Est. reading time":"4 minutes"},"schema":{"@context":"https:\/\/schema.org","@graph":[{"@type":"WebPage","@id":"https:\/\/www.kimuceramica.com\/en\/privacy-policy\/","url":"https:\/\/www.kimuceramica.com\/en\/privacy-policy\/","name":"Privacy policy | Kimu CER\u00c1MICA ORIGINAL","isPartOf":{"@id":"https:\/\/www.kimuceramica.com\/en\/#website"},"datePublished":"2018-11-15T12:33:16+00:00","dateModified":"2019-10-09T08:19:50+00:00","breadcrumb":{"@id":"https:\/\/www.kimuceramica.com\/en\/privacy-policy\/#breadcrumb"},"inLanguage":"en-US","potentialAction":[{"@type":"ReadAction","target":["https:\/\/www.kimuceramica.com\/en\/privacy-policy\/"]}]},{"@type":"BreadcrumbList","@id":"https:\/\/www.kimuceramica.com\/en\/privacy-policy\/#breadcrumb","itemListElement":[{"@type":"ListItem","position":1,"name":"Portada","item":"https:\/\/www.kimuceramica.com\/en\/"},{"@type":"ListItem","position":2,"name":"Privacy policy"}]},{"@type":"WebSite","@id":"https:\/\/www.kimuceramica.com\/en\/#website","url":"https:\/\/www.kimuceramica.com\/en\/","name":"Kimu CER\u00c1MICA ORIGINAL","description":"Creaci\u00f3n y venta de piezas de bisuter\u00eda de peque\u00f1o tama\u00f1o y gran carga simb\u00f3lica hecha a mano, principalmente de cer\u00e1mica original: colgantes, pendientes, anillos, gemelos","publisher":{"@id":"https:\/\/www.kimuceramica.com\/en\/#organization"},"potentialAction":[{"@type":"SearchAction","target":{"@type":"EntryPoint","urlTemplate":"https:\/\/www.kimuceramica.com\/en\/?s={search_term_string}"},"query-input":{"@type":"PropertyValueSpecification","valueRequired":true,"valueName":"search_term_string"}}],"inLanguage":"en-US"},{"@type":"Organization","@id":"https:\/\/www.kimuceramica.com\/en\/#organization","name":"Kimu cer\u00e1mica","url":"https:\/\/www.kimuceramica.com\/en\/","logo":{"@type":"ImageObject","inLanguage":"en-US","@id":"https:\/\/www.kimuceramica.com\/en\/#\/schema\/logo\/image\/","url":"https:\/\/www.kimuceramica.com\/wp-content\/uploads\/2019\/07\/Kimu-logo-web.png","contentUrl":"https:\/\/www.kimuceramica.com\/wp-content\/uploads\/2019\/07\/Kimu-logo-web.png","width":150,"height":72,"caption":"Kimu cer\u00e1mica"},"image":{"@id":"https:\/\/www.kimuceramica.com\/en\/#\/schema\/logo\/image\/"},"sameAs":["https:\/\/www.facebook.com\/Kimu-ceramica-160734807402814\/"]}]}},"_links":{"self":[{"href":"https:\/\/www.kimuceramica.com\/en\/wp-json\/wp\/v2\/pages\/202256","targetHints":{"allow":["GET"]}}],"collection":[{"href":"https:\/\/www.kimuceramica.com\/en\/wp-json\/wp\/v2\/pages"}],"about":[{"href":"https:\/\/www.kimuceramica.com\/en\/wp-json\/wp\/v2\/types\/page"}],"author":[{"embeddable":true,"href":"https:\/\/www.kimuceramica.com\/en\/wp-json\/wp\/v2\/users\/1"}],"replies":[{"embeddable":true,"href":"https:\/\/www.kimuceramica.com\/en\/wp-json\/wp\/v2\/comments?post=202256"}],"version-history":[{"count":0,"href":"https:\/\/www.kimuceramica.com\/en\/wp-json\/wp\/v2\/pages\/202256\/revisions"}],"wp:attachment":[{"href":"https:\/\/www.kimuceramica.com\/en\/wp-json\/wp\/v2\/media?parent=202256"}],"curies":[{"name":"wp","href":"https:\/\/api.w.org\/{rel}","templated":true}]}}