{"id":219593,"date":"2019-10-21T14:25:19","date_gmt":"2019-10-21T12:25:19","guid":{"rendered":"https:\/\/www.kimuceramica.com\/product\/the-fahan-mura-cross-ring\/"},"modified":"2021-05-20T10:36:09","modified_gmt":"2021-05-20T08:36:09","slug":"the-fahan-mura-cross-ring","status":"publish","type":"product","link":"https:\/\/www.kimuceramica.com\/en\/product\/the-fahan-mura-cross-ring\/","title":{"rendered":"The Fahan Mura Cross RING"},"content":{"rendered":"<p>From the 6th century A.D. the fusion of the old Celtic beliefs with the new religion of the first evangelizers was reflected in these Celtic crosses of great symbolic charge. The circular form evokes the sun, the astral cult and the Wheel of Life while the cross represents Christ and the encounter of Heaven and Earth. Sometimes they were carved directly from ancient menhirs and their location used to coincide with magical places of great telluric force.<\/p>\n","protected":false},"excerpt":{"rendered":"<p>In Donegal, Ireland. 7th century. A cross inspired in the original stone of Fahan. A merging of Christian and Celtic beliefs.<\/p>\n","protected":false},"featured_media":150276,"comment_status":"closed","ping_status":"closed","template":"","meta":[],"etheme_brands":[{"term_id":899,"name":"CELTIC ART","slug":"celtic-art","term_group":0,"term_taxonomy_id":899,"taxonomy":"brand","description":"A collection of Celtic art inspired by originals dating from several centuries before our era to the 8th century AD. The drawings are found both on a shield, a mirror, a sieve and in the filigrees that adorn the evangeliaries of Kells or Durrow.","parent":0,"count":174,"filter":"raw"},{"term_id":901,"name":"CROSSES &amp; TOTEMS","slug":"crosses-totems","term_group":0,"term_taxonomy_id":901,"taxonomy":"brand","description":"From the 6th century A.D. the fusion of the old Celtic beliefs with the new religion of the first evangelizers was reflected in these Celtic crosses of great symbolic charge. The circular form evokes the sun, the astral cult and the Wheel of Life while the cross represents Christ and the encounter of Heaven and Earth. Sometimes they were carved directly from ancient menhirs and their location used to coincide with magical places of great telluric force.","parent":899,"count":36,"filter":"raw"}],"product_brand":[],"product_cat":[806,808,803],"product_tag":[960,1238,1239,1114],"class_list":{"0":"post-219593","1":"product","2":"type-product","3":"status-publish","4":"has-post-thumbnail","6":"brand-celtic-art","7":"brand-crosses-totems","8":"product_cat-celtic-art-ring","9":"product_cat-celtic-crosses-celtic-art-ring","10":"product_cat-ring","11":"product_tag-celtic-art-en","12":"product_tag-celtic-crosses-en","13":"product_tag-eternity-en","14":"product_tag-medieval-art-en","15":"pa_color-blue","16":"pa_color-cobalt-blue","17":"pa_color-green","18":"pa_color-indian-blue","19":"pa_color-purple","20":"pa_color-ocean-blue","21":"pa_color-pink","22":"pa_color-red","23":"pa_tamano-y-engaste-medium","25":"first","26":"instock","27":"purchasable","28":"product-type-variable","29":"has-default-attributes"},"yoast_head":"<!-- This site is optimized with the Yoast SEO plugin v27.1.1 - https:\/\/yoast.com\/product\/yoast-seo-wordpress\/ -->\n<title>The Fahan Mura Cross RING | Kimu CER\u00c1MICA ORIGINAL<\/title>\n<meta name=\"robots\" content=\"index, follow, max-snippet:-1, max-image-preview:large, max-video-preview:-1\" \/>\n<link rel=\"canonical\" href=\"https:\/\/www.kimuceramica.com\/en\/product\/the-fahan-mura-cross-ring\/\" \/>\n<meta property=\"og:locale\" content=\"en_US\" \/>\n<meta property=\"og:type\" content=\"article\" \/>\n<meta property=\"og:title\" content=\"The Fahan Mura Cross RING | Kimu CER\u00c1MICA ORIGINAL\" \/>\n<meta property=\"og:description\" content=\"In Donegal, Ireland. 7th century. A cross inspired in the original stone of Fahan. A merging of Christian and Celtic beliefs.\" \/>\n<meta property=\"og:url\" content=\"https:\/\/www.kimuceramica.com\/en\/product\/the-fahan-mura-cross-ring\/\" \/>\n<meta property=\"og:site_name\" content=\"Kimu CER\u00c1MICA ORIGINAL\" \/>\n<meta property=\"article:publisher\" content=\"https:\/\/www.facebook.com\/Kimu-ceramica-160734807402814\/\" \/>\n<meta property=\"article:modified_time\" content=\"2021-05-20T08:36:09+00:00\" \/>\n<meta property=\"og:image\" content=\"https:\/\/www.kimuceramica.com\/wp-content\/uploads\/2019\/06\/07-CRUZ-DE-FAHAN-MURA-az.jpg\" \/>\n\t<meta property=\"og:image:width\" content=\"950\" \/>\n\t<meta property=\"og:image:height\" content=\"950\" \/>\n\t<meta property=\"og:image:type\" content=\"image\/jpeg\" \/>\n<meta name=\"twitter:card\" content=\"summary_large_image\" \/>\n<script type=\"application\/ld+json\" class=\"yoast-schema-graph\">{\"@context\":\"https:\/\/schema.org\",\"@graph\":[{\"@type\":\"WebPage\",\"@id\":\"https:\/\/www.kimuceramica.com\/en\/product\/the-fahan-mura-cross-ring\/\",\"url\":\"https:\/\/www.kimuceramica.com\/en\/product\/the-fahan-mura-cross-ring\/\",\"name\":\"The Fahan Mura Cross RING | Kimu CER\u00c1MICA ORIGINAL\",\"isPartOf\":{\"@id\":\"https:\/\/www.kimuceramica.com\/en\/#website\"},\"primaryImageOfPage\":{\"@id\":\"https:\/\/www.kimuceramica.com\/en\/product\/the-fahan-mura-cross-ring\/#primaryimage\"},\"image\":{\"@id\":\"https:\/\/www.kimuceramica.com\/en\/product\/the-fahan-mura-cross-ring\/#primaryimage\"},\"thumbnailUrl\":\"https:\/\/www.kimuceramica.com\/wp-content\/uploads\/2019\/06\/07-CRUZ-DE-FAHAN-MURA-az.jpg\",\"datePublished\":\"2019-10-21T12:25:19+00:00\",\"dateModified\":\"2021-05-20T08:36:09+00:00\",\"breadcrumb\":{\"@id\":\"https:\/\/www.kimuceramica.com\/en\/product\/the-fahan-mura-cross-ring\/#breadcrumb\"},\"inLanguage\":\"en-US\",\"potentialAction\":[{\"@type\":\"ReadAction\",\"target\":[\"https:\/\/www.kimuceramica.com\/en\/product\/the-fahan-mura-cross-ring\/\"]}]},{\"@type\":\"ImageObject\",\"inLanguage\":\"en-US\",\"@id\":\"https:\/\/www.kimuceramica.com\/en\/product\/the-fahan-mura-cross-ring\/#primaryimage\",\"url\":\"https:\/\/www.kimuceramica.com\/wp-content\/uploads\/2019\/06\/07-CRUZ-DE-FAHAN-MURA-az.jpg\",\"contentUrl\":\"https:\/\/www.kimuceramica.com\/wp-content\/uploads\/2019\/06\/07-CRUZ-DE-FAHAN-MURA-az.jpg\",\"width\":950,\"height\":950,\"caption\":\"FAHAN MURA Azul\"},{\"@type\":\"BreadcrumbList\",\"@id\":\"https:\/\/www.kimuceramica.com\/en\/product\/the-fahan-mura-cross-ring\/#breadcrumb\",\"itemListElement\":[{\"@type\":\"ListItem\",\"position\":1,\"name\":\"Portada\",\"item\":\"https:\/\/www.kimuceramica.com\/en\/\"},{\"@type\":\"ListItem\",\"position\":2,\"name\":\"Shop\",\"item\":\"https:\/\/www.kimuceramica.com\/en\/shop\/\"},{\"@type\":\"ListItem\",\"position\":3,\"name\":\"The Fahan Mura Cross RING\"}]},{\"@type\":\"WebSite\",\"@id\":\"https:\/\/www.kimuceramica.com\/en\/#website\",\"url\":\"https:\/\/www.kimuceramica.com\/en\/\",\"name\":\"Kimu CER\u00c1MICA ORIGINAL\",\"description\":\"Creaci\u00f3n y venta de piezas de bisuter\u00eda de peque\u00f1o tama\u00f1o y gran carga simb\u00f3lica hecha a mano, principalmente de cer\u00e1mica original: colgantes, pendientes, anillos, gemelos\",\"publisher\":{\"@id\":\"https:\/\/www.kimuceramica.com\/en\/#organization\"},\"potentialAction\":[{\"@type\":\"SearchAction\",\"target\":{\"@type\":\"EntryPoint\",\"urlTemplate\":\"https:\/\/www.kimuceramica.com\/en\/?s={search_term_string}\"},\"query-input\":{\"@type\":\"PropertyValueSpecification\",\"valueRequired\":true,\"valueName\":\"search_term_string\"}}],\"inLanguage\":\"en-US\"},{\"@type\":\"Organization\",\"@id\":\"https:\/\/www.kimuceramica.com\/en\/#organization\",\"name\":\"Kimu cer\u00e1mica\",\"url\":\"https:\/\/www.kimuceramica.com\/en\/\",\"logo\":{\"@type\":\"ImageObject\",\"inLanguage\":\"en-US\",\"@id\":\"https:\/\/www.kimuceramica.com\/en\/#\/schema\/logo\/image\/\",\"url\":\"https:\/\/www.kimuceramica.com\/wp-content\/uploads\/2019\/07\/Kimu-logo-web.png\",\"contentUrl\":\"https:\/\/www.kimuceramica.com\/wp-content\/uploads\/2019\/07\/Kimu-logo-web.png\",\"width\":150,\"height\":72,\"caption\":\"Kimu cer\u00e1mica\"},\"image\":{\"@id\":\"https:\/\/www.kimuceramica.com\/en\/#\/schema\/logo\/image\/\"},\"sameAs\":[\"https:\/\/www.facebook.com\/Kimu-ceramica-160734807402814\/\"]}]}<\/script>\n<!-- \/ Yoast SEO plugin. -->","yoast_head_json":{"title":"The Fahan Mura Cross RING | Kimu CER\u00c1MICA ORIGINAL","robots":{"index":"index","follow":"follow","max-snippet":"max-snippet:-1","max-image-preview":"max-image-preview:large","max-video-preview":"max-video-preview:-1"},"canonical":"https:\/\/www.kimuceramica.com\/en\/product\/the-fahan-mura-cross-ring\/","og_locale":"en_US","og_type":"article","og_title":"The Fahan Mura Cross RING | Kimu CER\u00c1MICA ORIGINAL","og_description":"In Donegal, Ireland. 7th century. A cross inspired in the original stone of Fahan. A merging of Christian and Celtic beliefs.","og_url":"https:\/\/www.kimuceramica.com\/en\/product\/the-fahan-mura-cross-ring\/","og_site_name":"Kimu CER\u00c1MICA ORIGINAL","article_publisher":"https:\/\/www.facebook.com\/Kimu-ceramica-160734807402814\/","article_modified_time":"2021-05-20T08:36:09+00:00","og_image":[{"width":950,"height":950,"url":"https:\/\/www.kimuceramica.com\/wp-content\/uploads\/2019\/06\/07-CRUZ-DE-FAHAN-MURA-az.jpg","type":"image\/jpeg"}],"twitter_card":"summary_large_image","schema":{"@context":"https:\/\/schema.org","@graph":[{"@type":"WebPage","@id":"https:\/\/www.kimuceramica.com\/en\/product\/the-fahan-mura-cross-ring\/","url":"https:\/\/www.kimuceramica.com\/en\/product\/the-fahan-mura-cross-ring\/","name":"The Fahan Mura Cross RING | Kimu CER\u00c1MICA ORIGINAL","isPartOf":{"@id":"https:\/\/www.kimuceramica.com\/en\/#website"},"primaryImageOfPage":{"@id":"https:\/\/www.kimuceramica.com\/en\/product\/the-fahan-mura-cross-ring\/#primaryimage"},"image":{"@id":"https:\/\/www.kimuceramica.com\/en\/product\/the-fahan-mura-cross-ring\/#primaryimage"},"thumbnailUrl":"https:\/\/www.kimuceramica.com\/wp-content\/uploads\/2019\/06\/07-CRUZ-DE-FAHAN-MURA-az.jpg","datePublished":"2019-10-21T12:25:19+00:00","dateModified":"2021-05-20T08:36:09+00:00","breadcrumb":{"@id":"https:\/\/www.kimuceramica.com\/en\/product\/the-fahan-mura-cross-ring\/#breadcrumb"},"inLanguage":"en-US","potentialAction":[{"@type":"ReadAction","target":["https:\/\/www.kimuceramica.com\/en\/product\/the-fahan-mura-cross-ring\/"]}]},{"@type":"ImageObject","inLanguage":"en-US","@id":"https:\/\/www.kimuceramica.com\/en\/product\/the-fahan-mura-cross-ring\/#primaryimage","url":"https:\/\/www.kimuceramica.com\/wp-content\/uploads\/2019\/06\/07-CRUZ-DE-FAHAN-MURA-az.jpg","contentUrl":"https:\/\/www.kimuceramica.com\/wp-content\/uploads\/2019\/06\/07-CRUZ-DE-FAHAN-MURA-az.jpg","width":950,"height":950,"caption":"FAHAN MURA Azul"},{"@type":"BreadcrumbList","@id":"https:\/\/www.kimuceramica.com\/en\/product\/the-fahan-mura-cross-ring\/#breadcrumb","itemListElement":[{"@type":"ListItem","position":1,"name":"Portada","item":"https:\/\/www.kimuceramica.com\/en\/"},{"@type":"ListItem","position":2,"name":"Shop","item":"https:\/\/www.kimuceramica.com\/en\/shop\/"},{"@type":"ListItem","position":3,"name":"The Fahan Mura Cross RING"}]},{"@type":"WebSite","@id":"https:\/\/www.kimuceramica.com\/en\/#website","url":"https:\/\/www.kimuceramica.com\/en\/","name":"Kimu CER\u00c1MICA ORIGINAL","description":"Creaci\u00f3n y venta de piezas de bisuter\u00eda de peque\u00f1o tama\u00f1o y gran carga simb\u00f3lica hecha a mano, principalmente de cer\u00e1mica original: colgantes, pendientes, anillos, gemelos","publisher":{"@id":"https:\/\/www.kimuceramica.com\/en\/#organization"},"potentialAction":[{"@type":"SearchAction","target":{"@type":"EntryPoint","urlTemplate":"https:\/\/www.kimuceramica.com\/en\/?s={search_term_string}"},"query-input":{"@type":"PropertyValueSpecification","valueRequired":true,"valueName":"search_term_string"}}],"inLanguage":"en-US"},{"@type":"Organization","@id":"https:\/\/www.kimuceramica.com\/en\/#organization","name":"Kimu cer\u00e1mica","url":"https:\/\/www.kimuceramica.com\/en\/","logo":{"@type":"ImageObject","inLanguage":"en-US","@id":"https:\/\/www.kimuceramica.com\/en\/#\/schema\/logo\/image\/","url":"https:\/\/www.kimuceramica.com\/wp-content\/uploads\/2019\/07\/Kimu-logo-web.png","contentUrl":"https:\/\/www.kimuceramica.com\/wp-content\/uploads\/2019\/07\/Kimu-logo-web.png","width":150,"height":72,"caption":"Kimu cer\u00e1mica"},"image":{"@id":"https:\/\/www.kimuceramica.com\/en\/#\/schema\/logo\/image\/"},"sameAs":["https:\/\/www.facebook.com\/Kimu-ceramica-160734807402814\/"]}]}},"_links":{"self":[{"href":"https:\/\/www.kimuceramica.com\/en\/wp-json\/wp\/v2\/product\/219593","targetHints":{"allow":["GET"]}}],"collection":[{"href":"https:\/\/www.kimuceramica.com\/en\/wp-json\/wp\/v2\/product"}],"about":[{"href":"https:\/\/www.kimuceramica.com\/en\/wp-json\/wp\/v2\/types\/product"}],"replies":[{"embeddable":true,"href":"https:\/\/www.kimuceramica.com\/en\/wp-json\/wp\/v2\/comments?post=219593"}],"wp:featuredmedia":[{"embeddable":true,"href":"https:\/\/www.kimuceramica.com\/en\/wp-json\/wp\/v2\/media\/150276"}],"wp:attachment":[{"href":"https:\/\/www.kimuceramica.com\/en\/wp-json\/wp\/v2\/media?parent=219593"}],"wp:term":[{"taxonomy":"brand","embeddable":true,"href":"https:\/\/www.kimuceramica.com\/en\/wp-json\/wp\/v2\/etheme_brands?post=219593"},{"taxonomy":"product_brand","embeddable":true,"href":"https:\/\/www.kimuceramica.com\/en\/wp-json\/wp\/v2\/product_brand?post=219593"},{"taxonomy":"product_cat","embeddable":true,"href":"https:\/\/www.kimuceramica.com\/en\/wp-json\/wp\/v2\/product_cat?post=219593"},{"taxonomy":"product_tag","embeddable":true,"href":"https:\/\/www.kimuceramica.com\/en\/wp-json\/wp\/v2\/product_tag?post=219593"}],"curies":[{"name":"wp","href":"https:\/\/api.w.org\/{rel}","templated":true}]}}