{"id":219700,"date":"2019-10-21T14:28:20","date_gmt":"2019-10-21T12:28:20","guid":{"rendered":"https:\/\/www.kimuceramica.com\/product\/dragon-earrings\/"},"modified":"2019-10-21T15:12:32","modified_gmt":"2019-10-21T13:12:32","slug":"dragon-earrings","status":"publish","type":"product","link":"https:\/\/www.kimuceramica.com\/en\/product\/dragon-earrings\/","title":{"rendered":"DRAGON EARRINGS"},"content":{"rendered":"<p>In the Celtic world nature itself was its sanctuary and everything was imbued with a magical and religious sense that transcended it. The forests were sacred, the springs, the roads, the rivers&#8230; and also the animals. Whether real or mythological, domesticated or wild, everyone participated by giving their magical attributes to the Life Cycle.<\/p>\n","protected":false},"excerpt":{"rendered":"<p>The protector of the Earth. For the druids, to search for a dragon was to search for oneself and discover one\u2019s inner self.<\/p>\n","protected":false},"featured_media":150444,"comment_status":"closed","ping_status":"closed","template":"","meta":[],"etheme_brands":[{"term_id":899,"name":"CELTIC ART","slug":"celtic-art","term_group":0,"term_taxonomy_id":899,"taxonomy":"brand","description":"A collection of Celtic art inspired by originals dating from several centuries before our era to the 8th century AD. The drawings are found both on a shield, a mirror, a sieve and in the filigrees that adorn the evangeliaries of Kells or Durrow.","parent":0,"count":174,"filter":"raw"},{"term_id":901,"name":"CROSSES &amp; TOTEMS","slug":"crosses-totems","term_group":0,"term_taxonomy_id":901,"taxonomy":"brand","description":"From the 6th century A.D. the fusion of the old Celtic beliefs with the new religion of the first evangelizers was reflected in these Celtic crosses of great symbolic charge. The circular form evokes the sun, the astral cult and the Wheel of Life while the cross represents Christ and the encounter of Heaven and Earth. Sometimes they were carved directly from ancient menhirs and their location used to coincide with magical places of great telluric force.","parent":899,"count":36,"filter":"raw"}],"product_brand":[],"product_cat":[884,885,878],"product_tag":[1230,960,1233,1229,1144,1114,1143],"class_list":{"0":"post-219700","1":"product","2":"type-product","3":"status-publish","4":"has-post-thumbnail","6":"brand-celtic-art","7":"brand-crosses-totems","8":"product_cat-celtic-art-earrings","9":"product_cat-crosses-totems-celtic-art-earrings","10":"product_cat-earrings","11":"product_tag-animal-en-2","12":"product_tag-celtic-art-en","13":"product_tag-celtic-magic-en-3","14":"product_tag-celtic-totems-en","15":"product_tag-interior-travel","16":"product_tag-medieval-art-en","17":"product_tag-self-knowledge-en","18":"pa_color-blue","19":"pa_color-cobalt-blue","20":"pa_color-green","21":"pa_color-indian-blue","22":"pa_color-purple","23":"pa_color-ocean-blue","24":"pa_color-pink","25":"pa_color-red","26":"pa_colour-blue","27":"pa_colour-cobalt-blue","28":"pa_colour-green","29":"pa_colour-indian-blue","30":"pa_colour-ocean-blue","31":"pa_colour-pink","32":"pa_colour-purple","33":"pa_colour-red","34":"pa_size-normal-with-setting","35":"pa_tamano-y-engaste-normal-with-setting","37":"first","38":"instock","39":"purchasable","40":"product-type-variable","41":"has-default-attributes"},"yoast_head":"<!-- This site is optimized with the Yoast SEO plugin v27.1.1 - https:\/\/yoast.com\/product\/yoast-seo-wordpress\/ -->\n<title>DRAGON EARRINGS | Kimu CER\u00c1MICA ORIGINAL<\/title>\n<meta name=\"robots\" content=\"index, follow, max-snippet:-1, max-image-preview:large, max-video-preview:-1\" \/>\n<link rel=\"canonical\" href=\"https:\/\/www.kimuceramica.com\/en\/product\/dragon-earrings\/\" \/>\n<meta property=\"og:locale\" content=\"en_US\" \/>\n<meta property=\"og:type\" content=\"article\" \/>\n<meta property=\"og:title\" content=\"DRAGON EARRINGS | Kimu CER\u00c1MICA ORIGINAL\" \/>\n<meta property=\"og:description\" content=\"The protector of the Earth. For the druids, to search for a dragon was to search for oneself and discover one\u2019s inner self.\" \/>\n<meta property=\"og:url\" content=\"https:\/\/www.kimuceramica.com\/en\/product\/dragon-earrings\/\" \/>\n<meta property=\"og:site_name\" content=\"Kimu CER\u00c1MICA ORIGINAL\" \/>\n<meta property=\"article:publisher\" content=\"https:\/\/www.facebook.com\/Kimu-ceramica-160734807402814\/\" \/>\n<meta property=\"article:modified_time\" content=\"2019-10-21T13:12:32+00:00\" \/>\n<meta property=\"og:image\" content=\"https:\/\/www.kimuceramica.com\/wp-content\/uploads\/2019\/06\/08-DRAGON-az.jpg\" \/>\n\t<meta property=\"og:image:width\" content=\"950\" \/>\n\t<meta property=\"og:image:height\" content=\"950\" \/>\n\t<meta property=\"og:image:type\" content=\"image\/jpeg\" \/>\n<meta name=\"twitter:card\" content=\"summary_large_image\" \/>\n<script type=\"application\/ld+json\" class=\"yoast-schema-graph\">{\"@context\":\"https:\/\/schema.org\",\"@graph\":[{\"@type\":\"WebPage\",\"@id\":\"https:\/\/www.kimuceramica.com\/en\/product\/dragon-earrings\/\",\"url\":\"https:\/\/www.kimuceramica.com\/en\/product\/dragon-earrings\/\",\"name\":\"DRAGON EARRINGS | Kimu CER\u00c1MICA ORIGINAL\",\"isPartOf\":{\"@id\":\"https:\/\/www.kimuceramica.com\/en\/#website\"},\"primaryImageOfPage\":{\"@id\":\"https:\/\/www.kimuceramica.com\/en\/product\/dragon-earrings\/#primaryimage\"},\"image\":{\"@id\":\"https:\/\/www.kimuceramica.com\/en\/product\/dragon-earrings\/#primaryimage\"},\"thumbnailUrl\":\"https:\/\/www.kimuceramica.com\/wp-content\/uploads\/2019\/06\/08-DRAGON-az.jpg\",\"datePublished\":\"2019-10-21T12:28:20+00:00\",\"dateModified\":\"2019-10-21T13:12:32+00:00\",\"breadcrumb\":{\"@id\":\"https:\/\/www.kimuceramica.com\/en\/product\/dragon-earrings\/#breadcrumb\"},\"inLanguage\":\"en-US\",\"potentialAction\":[{\"@type\":\"ReadAction\",\"target\":[\"https:\/\/www.kimuceramica.com\/en\/product\/dragon-earrings\/\"]}]},{\"@type\":\"ImageObject\",\"inLanguage\":\"en-US\",\"@id\":\"https:\/\/www.kimuceramica.com\/en\/product\/dragon-earrings\/#primaryimage\",\"url\":\"https:\/\/www.kimuceramica.com\/wp-content\/uploads\/2019\/06\/08-DRAGON-az.jpg\",\"contentUrl\":\"https:\/\/www.kimuceramica.com\/wp-content\/uploads\/2019\/06\/08-DRAGON-az.jpg\",\"width\":950,\"height\":950,\"caption\":\"DRAG\u00d3N Azul\"},{\"@type\":\"BreadcrumbList\",\"@id\":\"https:\/\/www.kimuceramica.com\/en\/product\/dragon-earrings\/#breadcrumb\",\"itemListElement\":[{\"@type\":\"ListItem\",\"position\":1,\"name\":\"Portada\",\"item\":\"https:\/\/www.kimuceramica.com\/en\/\"},{\"@type\":\"ListItem\",\"position\":2,\"name\":\"Shop\",\"item\":\"https:\/\/www.kimuceramica.com\/en\/shop\/\"},{\"@type\":\"ListItem\",\"position\":3,\"name\":\"DRAGON EARRINGS\"}]},{\"@type\":\"WebSite\",\"@id\":\"https:\/\/www.kimuceramica.com\/en\/#website\",\"url\":\"https:\/\/www.kimuceramica.com\/en\/\",\"name\":\"Kimu CER\u00c1MICA ORIGINAL\",\"description\":\"Creaci\u00f3n y venta de piezas de bisuter\u00eda de peque\u00f1o tama\u00f1o y gran carga simb\u00f3lica hecha a mano, principalmente de cer\u00e1mica original: colgantes, pendientes, anillos, gemelos\",\"publisher\":{\"@id\":\"https:\/\/www.kimuceramica.com\/en\/#organization\"},\"potentialAction\":[{\"@type\":\"SearchAction\",\"target\":{\"@type\":\"EntryPoint\",\"urlTemplate\":\"https:\/\/www.kimuceramica.com\/en\/?s={search_term_string}\"},\"query-input\":{\"@type\":\"PropertyValueSpecification\",\"valueRequired\":true,\"valueName\":\"search_term_string\"}}],\"inLanguage\":\"en-US\"},{\"@type\":\"Organization\",\"@id\":\"https:\/\/www.kimuceramica.com\/en\/#organization\",\"name\":\"Kimu cer\u00e1mica\",\"url\":\"https:\/\/www.kimuceramica.com\/en\/\",\"logo\":{\"@type\":\"ImageObject\",\"inLanguage\":\"en-US\",\"@id\":\"https:\/\/www.kimuceramica.com\/en\/#\/schema\/logo\/image\/\",\"url\":\"https:\/\/www.kimuceramica.com\/wp-content\/uploads\/2019\/07\/Kimu-logo-web.png\",\"contentUrl\":\"https:\/\/www.kimuceramica.com\/wp-content\/uploads\/2019\/07\/Kimu-logo-web.png\",\"width\":150,\"height\":72,\"caption\":\"Kimu cer\u00e1mica\"},\"image\":{\"@id\":\"https:\/\/www.kimuceramica.com\/en\/#\/schema\/logo\/image\/\"},\"sameAs\":[\"https:\/\/www.facebook.com\/Kimu-ceramica-160734807402814\/\"]}]}<\/script>\n<!-- \/ Yoast SEO plugin. -->","yoast_head_json":{"title":"DRAGON EARRINGS | Kimu CER\u00c1MICA ORIGINAL","robots":{"index":"index","follow":"follow","max-snippet":"max-snippet:-1","max-image-preview":"max-image-preview:large","max-video-preview":"max-video-preview:-1"},"canonical":"https:\/\/www.kimuceramica.com\/en\/product\/dragon-earrings\/","og_locale":"en_US","og_type":"article","og_title":"DRAGON EARRINGS | Kimu CER\u00c1MICA ORIGINAL","og_description":"The protector of the Earth. For the druids, to search for a dragon was to search for oneself and discover one\u2019s inner self.","og_url":"https:\/\/www.kimuceramica.com\/en\/product\/dragon-earrings\/","og_site_name":"Kimu CER\u00c1MICA ORIGINAL","article_publisher":"https:\/\/www.facebook.com\/Kimu-ceramica-160734807402814\/","article_modified_time":"2019-10-21T13:12:32+00:00","og_image":[{"width":950,"height":950,"url":"https:\/\/www.kimuceramica.com\/wp-content\/uploads\/2019\/06\/08-DRAGON-az.jpg","type":"image\/jpeg"}],"twitter_card":"summary_large_image","schema":{"@context":"https:\/\/schema.org","@graph":[{"@type":"WebPage","@id":"https:\/\/www.kimuceramica.com\/en\/product\/dragon-earrings\/","url":"https:\/\/www.kimuceramica.com\/en\/product\/dragon-earrings\/","name":"DRAGON EARRINGS | Kimu CER\u00c1MICA ORIGINAL","isPartOf":{"@id":"https:\/\/www.kimuceramica.com\/en\/#website"},"primaryImageOfPage":{"@id":"https:\/\/www.kimuceramica.com\/en\/product\/dragon-earrings\/#primaryimage"},"image":{"@id":"https:\/\/www.kimuceramica.com\/en\/product\/dragon-earrings\/#primaryimage"},"thumbnailUrl":"https:\/\/www.kimuceramica.com\/wp-content\/uploads\/2019\/06\/08-DRAGON-az.jpg","datePublished":"2019-10-21T12:28:20+00:00","dateModified":"2019-10-21T13:12:32+00:00","breadcrumb":{"@id":"https:\/\/www.kimuceramica.com\/en\/product\/dragon-earrings\/#breadcrumb"},"inLanguage":"en-US","potentialAction":[{"@type":"ReadAction","target":["https:\/\/www.kimuceramica.com\/en\/product\/dragon-earrings\/"]}]},{"@type":"ImageObject","inLanguage":"en-US","@id":"https:\/\/www.kimuceramica.com\/en\/product\/dragon-earrings\/#primaryimage","url":"https:\/\/www.kimuceramica.com\/wp-content\/uploads\/2019\/06\/08-DRAGON-az.jpg","contentUrl":"https:\/\/www.kimuceramica.com\/wp-content\/uploads\/2019\/06\/08-DRAGON-az.jpg","width":950,"height":950,"caption":"DRAG\u00d3N Azul"},{"@type":"BreadcrumbList","@id":"https:\/\/www.kimuceramica.com\/en\/product\/dragon-earrings\/#breadcrumb","itemListElement":[{"@type":"ListItem","position":1,"name":"Portada","item":"https:\/\/www.kimuceramica.com\/en\/"},{"@type":"ListItem","position":2,"name":"Shop","item":"https:\/\/www.kimuceramica.com\/en\/shop\/"},{"@type":"ListItem","position":3,"name":"DRAGON EARRINGS"}]},{"@type":"WebSite","@id":"https:\/\/www.kimuceramica.com\/en\/#website","url":"https:\/\/www.kimuceramica.com\/en\/","name":"Kimu CER\u00c1MICA ORIGINAL","description":"Creaci\u00f3n y venta de piezas de bisuter\u00eda de peque\u00f1o tama\u00f1o y gran carga simb\u00f3lica hecha a mano, principalmente de cer\u00e1mica original: colgantes, pendientes, anillos, gemelos","publisher":{"@id":"https:\/\/www.kimuceramica.com\/en\/#organization"},"potentialAction":[{"@type":"SearchAction","target":{"@type":"EntryPoint","urlTemplate":"https:\/\/www.kimuceramica.com\/en\/?s={search_term_string}"},"query-input":{"@type":"PropertyValueSpecification","valueRequired":true,"valueName":"search_term_string"}}],"inLanguage":"en-US"},{"@type":"Organization","@id":"https:\/\/www.kimuceramica.com\/en\/#organization","name":"Kimu cer\u00e1mica","url":"https:\/\/www.kimuceramica.com\/en\/","logo":{"@type":"ImageObject","inLanguage":"en-US","@id":"https:\/\/www.kimuceramica.com\/en\/#\/schema\/logo\/image\/","url":"https:\/\/www.kimuceramica.com\/wp-content\/uploads\/2019\/07\/Kimu-logo-web.png","contentUrl":"https:\/\/www.kimuceramica.com\/wp-content\/uploads\/2019\/07\/Kimu-logo-web.png","width":150,"height":72,"caption":"Kimu cer\u00e1mica"},"image":{"@id":"https:\/\/www.kimuceramica.com\/en\/#\/schema\/logo\/image\/"},"sameAs":["https:\/\/www.facebook.com\/Kimu-ceramica-160734807402814\/"]}]}},"_links":{"self":[{"href":"https:\/\/www.kimuceramica.com\/en\/wp-json\/wp\/v2\/product\/219700","targetHints":{"allow":["GET"]}}],"collection":[{"href":"https:\/\/www.kimuceramica.com\/en\/wp-json\/wp\/v2\/product"}],"about":[{"href":"https:\/\/www.kimuceramica.com\/en\/wp-json\/wp\/v2\/types\/product"}],"replies":[{"embeddable":true,"href":"https:\/\/www.kimuceramica.com\/en\/wp-json\/wp\/v2\/comments?post=219700"}],"wp:featuredmedia":[{"embeddable":true,"href":"https:\/\/www.kimuceramica.com\/en\/wp-json\/wp\/v2\/media\/150444"}],"wp:attachment":[{"href":"https:\/\/www.kimuceramica.com\/en\/wp-json\/wp\/v2\/media?parent=219700"}],"wp:term":[{"taxonomy":"brand","embeddable":true,"href":"https:\/\/www.kimuceramica.com\/en\/wp-json\/wp\/v2\/etheme_brands?post=219700"},{"taxonomy":"product_brand","embeddable":true,"href":"https:\/\/www.kimuceramica.com\/en\/wp-json\/wp\/v2\/product_brand?post=219700"},{"taxonomy":"product_cat","embeddable":true,"href":"https:\/\/www.kimuceramica.com\/en\/wp-json\/wp\/v2\/product_cat?post=219700"},{"taxonomy":"product_tag","embeddable":true,"href":"https:\/\/www.kimuceramica.com\/en\/wp-json\/wp\/v2\/product_tag?post=219700"}],"curies":[{"name":"wp","href":"https:\/\/api.w.org\/{rel}","templated":true}]}}