{"id":228882,"date":"2019-10-22T17:51:15","date_gmt":"2019-10-22T15:51:15","guid":{"rendered":"https:\/\/www.kimuceramica.com\/product\/cufflinks-cat\/"},"modified":"2023-03-16T20:53:29","modified_gmt":"2023-03-16T19:53:29","slug":"cufflinks-cat","status":"publish","type":"product","link":"https:\/\/www.kimuceramica.com\/en\/product\/cufflinks-cat\/","title":{"rendered":"CUFFLINKS CAT"},"content":{"rendered":"<p>A diverse collection of symbols and drawings, both ancient and modern, bringing together different cultures and sensitivities around universal themes.<\/p>\n","protected":false},"excerpt":{"rendered":"<p>Feline, night wanderer, independent, yet a faithful companion of the witch, with an instinct and agility that grant him nine lives.<\/p>\n","protected":false},"featured_media":152168,"comment_status":"closed","ping_status":"closed","template":"","meta":[],"etheme_brands":[{"term_id":911,"name":"MOSAIC","slug":"mosaic-en","term_group":0,"term_taxonomy_id":911,"taxonomy":"brand","description":"A diverse collection of symbols and drawings, both ancient and modern, bringing together different cultures and sensitivities around universal themes.","parent":0,"count":124,"filter":"raw"}],"product_brand":[],"product_cat":[863,876],"product_tag":[1220,1190,1194,664],"class_list":{"0":"post-228882","1":"product","2":"type-product","3":"status-publish","4":"has-post-thumbnail","6":"brand-mosaic-en","7":"product_cat-cufflinks","8":"product_cat-mosaico-cufflinks","9":"product_tag-pet-en","10":"product_tag-representation-en","11":"product_tag-symbol-en","12":"product_tag-totem-en","13":"pa_color-blue","14":"pa_color-cobalt-blue","15":"pa_color-green","16":"pa_color-indian-blue","17":"pa_color-purple","18":"pa_color-ocean-blue","19":"pa_color-pink","20":"pa_color-red","21":"pa_tamano-y-engaste-single-size","23":"first","24":"instock","25":"purchasable","26":"product-type-variable","27":"has-default-attributes"},"yoast_head":"<!-- This site is optimized with the Yoast SEO plugin v27.1.1 - https:\/\/yoast.com\/product\/yoast-seo-wordpress\/ -->\n<title>CUFFLINKS CAT | Kimu CER\u00c1MICA ORIGINAL<\/title>\n<meta name=\"robots\" content=\"index, follow, max-snippet:-1, max-image-preview:large, max-video-preview:-1\" \/>\n<link rel=\"canonical\" href=\"https:\/\/www.kimuceramica.com\/en\/product\/cufflinks-cat\/\" \/>\n<meta property=\"og:locale\" content=\"en_US\" \/>\n<meta property=\"og:type\" content=\"article\" \/>\n<meta property=\"og:title\" content=\"CUFFLINKS CAT | Kimu CER\u00c1MICA ORIGINAL\" \/>\n<meta property=\"og:description\" content=\"Feline, night wanderer, independent, yet a faithful companion of the witch, with an instinct and agility that grant him nine lives.\" \/>\n<meta property=\"og:url\" content=\"https:\/\/www.kimuceramica.com\/en\/product\/cufflinks-cat\/\" \/>\n<meta property=\"og:site_name\" content=\"Kimu CER\u00c1MICA ORIGINAL\" \/>\n<meta property=\"article:publisher\" content=\"https:\/\/www.facebook.com\/Kimu-ceramica-160734807402814\/\" \/>\n<meta property=\"article:modified_time\" content=\"2023-03-16T19:53:29+00:00\" \/>\n<meta property=\"og:image\" content=\"https:\/\/www.kimuceramica.com\/wp-content\/uploads\/2019\/06\/07-gato-az.jpg\" \/>\n\t<meta property=\"og:image:width\" content=\"950\" \/>\n\t<meta property=\"og:image:height\" content=\"950\" \/>\n\t<meta property=\"og:image:type\" content=\"image\/jpeg\" \/>\n<meta name=\"twitter:card\" content=\"summary_large_image\" \/>\n<script type=\"application\/ld+json\" class=\"yoast-schema-graph\">{\"@context\":\"https:\/\/schema.org\",\"@graph\":[{\"@type\":\"WebPage\",\"@id\":\"https:\/\/www.kimuceramica.com\/en\/product\/cufflinks-cat\/\",\"url\":\"https:\/\/www.kimuceramica.com\/en\/product\/cufflinks-cat\/\",\"name\":\"CUFFLINKS CAT | Kimu CER\u00c1MICA ORIGINAL\",\"isPartOf\":{\"@id\":\"https:\/\/www.kimuceramica.com\/en\/#website\"},\"primaryImageOfPage\":{\"@id\":\"https:\/\/www.kimuceramica.com\/en\/product\/cufflinks-cat\/#primaryimage\"},\"image\":{\"@id\":\"https:\/\/www.kimuceramica.com\/en\/product\/cufflinks-cat\/#primaryimage\"},\"thumbnailUrl\":\"https:\/\/www.kimuceramica.com\/wp-content\/uploads\/2019\/06\/07-gato-az.jpg\",\"datePublished\":\"2019-10-22T15:51:15+00:00\",\"dateModified\":\"2023-03-16T19:53:29+00:00\",\"breadcrumb\":{\"@id\":\"https:\/\/www.kimuceramica.com\/en\/product\/cufflinks-cat\/#breadcrumb\"},\"inLanguage\":\"en-US\",\"potentialAction\":[{\"@type\":\"ReadAction\",\"target\":[\"https:\/\/www.kimuceramica.com\/en\/product\/cufflinks-cat\/\"]}]},{\"@type\":\"ImageObject\",\"inLanguage\":\"en-US\",\"@id\":\"https:\/\/www.kimuceramica.com\/en\/product\/cufflinks-cat\/#primaryimage\",\"url\":\"https:\/\/www.kimuceramica.com\/wp-content\/uploads\/2019\/06\/07-gato-az.jpg\",\"contentUrl\":\"https:\/\/www.kimuceramica.com\/wp-content\/uploads\/2019\/06\/07-gato-az.jpg\",\"width\":950,\"height\":950,\"caption\":\"GATO Azul\"},{\"@type\":\"BreadcrumbList\",\"@id\":\"https:\/\/www.kimuceramica.com\/en\/product\/cufflinks-cat\/#breadcrumb\",\"itemListElement\":[{\"@type\":\"ListItem\",\"position\":1,\"name\":\"Portada\",\"item\":\"https:\/\/www.kimuceramica.com\/en\/\"},{\"@type\":\"ListItem\",\"position\":2,\"name\":\"Shop\",\"item\":\"https:\/\/www.kimuceramica.com\/en\/shop\/\"},{\"@type\":\"ListItem\",\"position\":3,\"name\":\"CUFFLINKS CAT\"}]},{\"@type\":\"WebSite\",\"@id\":\"https:\/\/www.kimuceramica.com\/en\/#website\",\"url\":\"https:\/\/www.kimuceramica.com\/en\/\",\"name\":\"Kimu CER\u00c1MICA ORIGINAL\",\"description\":\"Creaci\u00f3n y venta de piezas de bisuter\u00eda de peque\u00f1o tama\u00f1o y gran carga simb\u00f3lica hecha a mano, principalmente de cer\u00e1mica original: colgantes, pendientes, anillos, gemelos\",\"publisher\":{\"@id\":\"https:\/\/www.kimuceramica.com\/en\/#organization\"},\"potentialAction\":[{\"@type\":\"SearchAction\",\"target\":{\"@type\":\"EntryPoint\",\"urlTemplate\":\"https:\/\/www.kimuceramica.com\/en\/?s={search_term_string}\"},\"query-input\":{\"@type\":\"PropertyValueSpecification\",\"valueRequired\":true,\"valueName\":\"search_term_string\"}}],\"inLanguage\":\"en-US\"},{\"@type\":\"Organization\",\"@id\":\"https:\/\/www.kimuceramica.com\/en\/#organization\",\"name\":\"Kimu cer\u00e1mica\",\"url\":\"https:\/\/www.kimuceramica.com\/en\/\",\"logo\":{\"@type\":\"ImageObject\",\"inLanguage\":\"en-US\",\"@id\":\"https:\/\/www.kimuceramica.com\/en\/#\/schema\/logo\/image\/\",\"url\":\"https:\/\/www.kimuceramica.com\/wp-content\/uploads\/2019\/07\/Kimu-logo-web.png\",\"contentUrl\":\"https:\/\/www.kimuceramica.com\/wp-content\/uploads\/2019\/07\/Kimu-logo-web.png\",\"width\":150,\"height\":72,\"caption\":\"Kimu cer\u00e1mica\"},\"image\":{\"@id\":\"https:\/\/www.kimuceramica.com\/en\/#\/schema\/logo\/image\/\"},\"sameAs\":[\"https:\/\/www.facebook.com\/Kimu-ceramica-160734807402814\/\"]}]}<\/script>\n<!-- \/ Yoast SEO plugin. -->","yoast_head_json":{"title":"CUFFLINKS CAT | Kimu CER\u00c1MICA ORIGINAL","robots":{"index":"index","follow":"follow","max-snippet":"max-snippet:-1","max-image-preview":"max-image-preview:large","max-video-preview":"max-video-preview:-1"},"canonical":"https:\/\/www.kimuceramica.com\/en\/product\/cufflinks-cat\/","og_locale":"en_US","og_type":"article","og_title":"CUFFLINKS CAT | Kimu CER\u00c1MICA ORIGINAL","og_description":"Feline, night wanderer, independent, yet a faithful companion of the witch, with an instinct and agility that grant him nine lives.","og_url":"https:\/\/www.kimuceramica.com\/en\/product\/cufflinks-cat\/","og_site_name":"Kimu CER\u00c1MICA ORIGINAL","article_publisher":"https:\/\/www.facebook.com\/Kimu-ceramica-160734807402814\/","article_modified_time":"2023-03-16T19:53:29+00:00","og_image":[{"width":950,"height":950,"url":"https:\/\/www.kimuceramica.com\/wp-content\/uploads\/2019\/06\/07-gato-az.jpg","type":"image\/jpeg"}],"twitter_card":"summary_large_image","schema":{"@context":"https:\/\/schema.org","@graph":[{"@type":"WebPage","@id":"https:\/\/www.kimuceramica.com\/en\/product\/cufflinks-cat\/","url":"https:\/\/www.kimuceramica.com\/en\/product\/cufflinks-cat\/","name":"CUFFLINKS CAT | Kimu CER\u00c1MICA ORIGINAL","isPartOf":{"@id":"https:\/\/www.kimuceramica.com\/en\/#website"},"primaryImageOfPage":{"@id":"https:\/\/www.kimuceramica.com\/en\/product\/cufflinks-cat\/#primaryimage"},"image":{"@id":"https:\/\/www.kimuceramica.com\/en\/product\/cufflinks-cat\/#primaryimage"},"thumbnailUrl":"https:\/\/www.kimuceramica.com\/wp-content\/uploads\/2019\/06\/07-gato-az.jpg","datePublished":"2019-10-22T15:51:15+00:00","dateModified":"2023-03-16T19:53:29+00:00","breadcrumb":{"@id":"https:\/\/www.kimuceramica.com\/en\/product\/cufflinks-cat\/#breadcrumb"},"inLanguage":"en-US","potentialAction":[{"@type":"ReadAction","target":["https:\/\/www.kimuceramica.com\/en\/product\/cufflinks-cat\/"]}]},{"@type":"ImageObject","inLanguage":"en-US","@id":"https:\/\/www.kimuceramica.com\/en\/product\/cufflinks-cat\/#primaryimage","url":"https:\/\/www.kimuceramica.com\/wp-content\/uploads\/2019\/06\/07-gato-az.jpg","contentUrl":"https:\/\/www.kimuceramica.com\/wp-content\/uploads\/2019\/06\/07-gato-az.jpg","width":950,"height":950,"caption":"GATO Azul"},{"@type":"BreadcrumbList","@id":"https:\/\/www.kimuceramica.com\/en\/product\/cufflinks-cat\/#breadcrumb","itemListElement":[{"@type":"ListItem","position":1,"name":"Portada","item":"https:\/\/www.kimuceramica.com\/en\/"},{"@type":"ListItem","position":2,"name":"Shop","item":"https:\/\/www.kimuceramica.com\/en\/shop\/"},{"@type":"ListItem","position":3,"name":"CUFFLINKS CAT"}]},{"@type":"WebSite","@id":"https:\/\/www.kimuceramica.com\/en\/#website","url":"https:\/\/www.kimuceramica.com\/en\/","name":"Kimu CER\u00c1MICA ORIGINAL","description":"Creaci\u00f3n y venta de piezas de bisuter\u00eda de peque\u00f1o tama\u00f1o y gran carga simb\u00f3lica hecha a mano, principalmente de cer\u00e1mica original: colgantes, pendientes, anillos, gemelos","publisher":{"@id":"https:\/\/www.kimuceramica.com\/en\/#organization"},"potentialAction":[{"@type":"SearchAction","target":{"@type":"EntryPoint","urlTemplate":"https:\/\/www.kimuceramica.com\/en\/?s={search_term_string}"},"query-input":{"@type":"PropertyValueSpecification","valueRequired":true,"valueName":"search_term_string"}}],"inLanguage":"en-US"},{"@type":"Organization","@id":"https:\/\/www.kimuceramica.com\/en\/#organization","name":"Kimu cer\u00e1mica","url":"https:\/\/www.kimuceramica.com\/en\/","logo":{"@type":"ImageObject","inLanguage":"en-US","@id":"https:\/\/www.kimuceramica.com\/en\/#\/schema\/logo\/image\/","url":"https:\/\/www.kimuceramica.com\/wp-content\/uploads\/2019\/07\/Kimu-logo-web.png","contentUrl":"https:\/\/www.kimuceramica.com\/wp-content\/uploads\/2019\/07\/Kimu-logo-web.png","width":150,"height":72,"caption":"Kimu cer\u00e1mica"},"image":{"@id":"https:\/\/www.kimuceramica.com\/en\/#\/schema\/logo\/image\/"},"sameAs":["https:\/\/www.facebook.com\/Kimu-ceramica-160734807402814\/"]}]}},"_links":{"self":[{"href":"https:\/\/www.kimuceramica.com\/en\/wp-json\/wp\/v2\/product\/228882","targetHints":{"allow":["GET"]}}],"collection":[{"href":"https:\/\/www.kimuceramica.com\/en\/wp-json\/wp\/v2\/product"}],"about":[{"href":"https:\/\/www.kimuceramica.com\/en\/wp-json\/wp\/v2\/types\/product"}],"replies":[{"embeddable":true,"href":"https:\/\/www.kimuceramica.com\/en\/wp-json\/wp\/v2\/comments?post=228882"}],"wp:featuredmedia":[{"embeddable":true,"href":"https:\/\/www.kimuceramica.com\/en\/wp-json\/wp\/v2\/media\/152168"}],"wp:attachment":[{"href":"https:\/\/www.kimuceramica.com\/en\/wp-json\/wp\/v2\/media?parent=228882"}],"wp:term":[{"taxonomy":"brand","embeddable":true,"href":"https:\/\/www.kimuceramica.com\/en\/wp-json\/wp\/v2\/etheme_brands?post=228882"},{"taxonomy":"product_brand","embeddable":true,"href":"https:\/\/www.kimuceramica.com\/en\/wp-json\/wp\/v2\/product_brand?post=228882"},{"taxonomy":"product_cat","embeddable":true,"href":"https:\/\/www.kimuceramica.com\/en\/wp-json\/wp\/v2\/product_cat?post=228882"},{"taxonomy":"product_tag","embeddable":true,"href":"https:\/\/www.kimuceramica.com\/en\/wp-json\/wp\/v2\/product_tag?post=228882"}],"curies":[{"name":"wp","href":"https:\/\/api.w.org\/{rel}","templated":true}]}}