{"id":229882,"date":"2019-10-22T18:49:20","date_gmt":"2019-10-22T16:49:20","guid":{"rendered":"https:\/\/www.kimuceramica.com\/product\/earrings-cho-ku-rei\/"},"modified":"2023-03-02T06:35:30","modified_gmt":"2023-03-02T05:35:30","slug":"earrings-cho-ku-rei","status":"publish","type":"product","link":"https:\/\/www.kimuceramica.com\/en\/product\/earrings-cho-ku-rei\/","title":{"rendered":"EARRINGS CHO-KU-REI"},"content":{"rendered":"<p>A diverse collection of symbols and drawings, both ancient and modern, bringing together different cultures and sensitivities around universal themes.<\/p>\n","protected":false},"excerpt":{"rendered":"<p>In Reiki the symbol of strength, CHO KU REI, invokes the energy necessary to heal and protect.<\/p>\n","protected":false},"featured_media":155481,"comment_status":"closed","ping_status":"closed","template":"","meta":[],"etheme_brands":[{"term_id":911,"name":"MOSAIC","slug":"mosaic-en","term_group":0,"term_taxonomy_id":911,"taxonomy":"brand","description":"A diverse collection of symbols and drawings, both ancient and modern, bringing together different cultures and sensitivities around universal themes.","parent":0,"count":124,"filter":"raw"}],"product_brand":[],"product_cat":[878,891],"product_tag":[1113,681,1190,1396,1194,1175],"class_list":{"0":"post-229882","1":"product","2":"type-product","3":"status-publish","4":"has-post-thumbnail","6":"brand-mosaic-en","7":"product_cat-earrings","8":"product_cat-mosaic-earrings","9":"product_tag-proteccion-en","10":"product_tag-reiki-en","11":"product_tag-representation-en","12":"product_tag-sanacion-en-2","13":"product_tag-symbol-en","14":"product_tag-strength-en","15":"pa_color-blue","16":"pa_color-cobalt-blue","17":"pa_color-green","18":"pa_color-indian-blue","19":"pa_color-purple","20":"pa_color-ocean-blue","21":"pa_color-pink","22":"pa_color-red","23":"pa_tamano-y-engaste-normal-with-setting","25":"first","26":"instock","27":"purchasable","28":"product-type-variable","29":"has-default-attributes"},"yoast_head":"<!-- This site is optimized with the Yoast SEO plugin v27.5 - https:\/\/yoast.com\/product\/yoast-seo-wordpress\/ -->\n<title>EARRINGS CHO-KU-REI | Kimu CER\u00c1MICA ORIGINAL<\/title>\n<meta name=\"robots\" content=\"index, follow, max-snippet:-1, max-image-preview:large, max-video-preview:-1\" \/>\n<link rel=\"canonical\" href=\"https:\/\/www.kimuceramica.com\/en\/product\/earrings-cho-ku-rei\/\" \/>\n<meta property=\"og:locale\" content=\"en_US\" \/>\n<meta property=\"og:type\" content=\"article\" \/>\n<meta property=\"og:title\" content=\"EARRINGS CHO-KU-REI | Kimu CER\u00c1MICA ORIGINAL\" \/>\n<meta property=\"og:description\" content=\"In Reiki the symbol of strength, CHO KU REI, invokes the energy necessary to heal and protect.\" \/>\n<meta property=\"og:url\" content=\"https:\/\/www.kimuceramica.com\/en\/product\/earrings-cho-ku-rei\/\" \/>\n<meta property=\"og:site_name\" content=\"Kimu CER\u00c1MICA ORIGINAL\" \/>\n<meta property=\"article:publisher\" content=\"https:\/\/www.facebook.com\/Kimu-ceramica-160734807402814\/\" \/>\n<meta property=\"article:modified_time\" content=\"2023-03-02T05:35:30+00:00\" \/>\n<meta property=\"og:image\" content=\"https:\/\/www.kimuceramica.com\/wp-content\/uploads\/2019\/06\/27-REIKI-1-az.jpg\" \/>\n\t<meta property=\"og:image:width\" content=\"950\" \/>\n\t<meta property=\"og:image:height\" content=\"950\" \/>\n\t<meta property=\"og:image:type\" content=\"image\/jpeg\" \/>\n<meta name=\"twitter:card\" content=\"summary_large_image\" \/>\n<script type=\"application\/ld+json\" class=\"yoast-schema-graph\">{\"@context\":\"https:\\\/\\\/schema.org\",\"@graph\":[{\"@type\":\"WebPage\",\"@id\":\"https:\\\/\\\/www.kimuceramica.com\\\/en\\\/product\\\/earrings-cho-ku-rei\\\/\",\"url\":\"https:\\\/\\\/www.kimuceramica.com\\\/en\\\/product\\\/earrings-cho-ku-rei\\\/\",\"name\":\"EARRINGS CHO-KU-REI | Kimu CER\u00c1MICA ORIGINAL\",\"isPartOf\":{\"@id\":\"https:\\\/\\\/www.kimuceramica.com\\\/en\\\/#website\"},\"primaryImageOfPage\":{\"@id\":\"https:\\\/\\\/www.kimuceramica.com\\\/en\\\/product\\\/earrings-cho-ku-rei\\\/#primaryimage\"},\"image\":{\"@id\":\"https:\\\/\\\/www.kimuceramica.com\\\/en\\\/product\\\/earrings-cho-ku-rei\\\/#primaryimage\"},\"thumbnailUrl\":\"https:\\\/\\\/www.kimuceramica.com\\\/wp-content\\\/uploads\\\/2019\\\/06\\\/27-REIKI-1-az.jpg\",\"datePublished\":\"2019-10-22T16:49:20+00:00\",\"dateModified\":\"2023-03-02T05:35:30+00:00\",\"breadcrumb\":{\"@id\":\"https:\\\/\\\/www.kimuceramica.com\\\/en\\\/product\\\/earrings-cho-ku-rei\\\/#breadcrumb\"},\"inLanguage\":\"en-US\",\"potentialAction\":[{\"@type\":\"ReadAction\",\"target\":[\"https:\\\/\\\/www.kimuceramica.com\\\/en\\\/product\\\/earrings-cho-ku-rei\\\/\"]}]},{\"@type\":\"ImageObject\",\"inLanguage\":\"en-US\",\"@id\":\"https:\\\/\\\/www.kimuceramica.com\\\/en\\\/product\\\/earrings-cho-ku-rei\\\/#primaryimage\",\"url\":\"https:\\\/\\\/www.kimuceramica.com\\\/wp-content\\\/uploads\\\/2019\\\/06\\\/27-REIKI-1-az.jpg\",\"contentUrl\":\"https:\\\/\\\/www.kimuceramica.com\\\/wp-content\\\/uploads\\\/2019\\\/06\\\/27-REIKI-1-az.jpg\",\"width\":950,\"height\":950,\"caption\":\"CHO-KU-REI Azul\"},{\"@type\":\"BreadcrumbList\",\"@id\":\"https:\\\/\\\/www.kimuceramica.com\\\/en\\\/product\\\/earrings-cho-ku-rei\\\/#breadcrumb\",\"itemListElement\":[{\"@type\":\"ListItem\",\"position\":1,\"name\":\"Portada\",\"item\":\"https:\\\/\\\/www.kimuceramica.com\\\/en\\\/\"},{\"@type\":\"ListItem\",\"position\":2,\"name\":\"Shop\",\"item\":\"https:\\\/\\\/www.kimuceramica.com\\\/en\\\/shop\\\/\"},{\"@type\":\"ListItem\",\"position\":3,\"name\":\"EARRINGS CHO-KU-REI\"}]},{\"@type\":\"WebSite\",\"@id\":\"https:\\\/\\\/www.kimuceramica.com\\\/en\\\/#website\",\"url\":\"https:\\\/\\\/www.kimuceramica.com\\\/en\\\/\",\"name\":\"Kimu CER\u00c1MICA ORIGINAL\",\"description\":\"Creaci\u00f3n y venta de piezas de bisuter\u00eda de peque\u00f1o tama\u00f1o y gran carga simb\u00f3lica hecha a mano, principalmente de cer\u00e1mica original: colgantes, pendientes, anillos, gemelos\",\"publisher\":{\"@id\":\"https:\\\/\\\/www.kimuceramica.com\\\/en\\\/#organization\"},\"potentialAction\":[{\"@type\":\"SearchAction\",\"target\":{\"@type\":\"EntryPoint\",\"urlTemplate\":\"https:\\\/\\\/www.kimuceramica.com\\\/en\\\/?s={search_term_string}\"},\"query-input\":{\"@type\":\"PropertyValueSpecification\",\"valueRequired\":true,\"valueName\":\"search_term_string\"}}],\"inLanguage\":\"en-US\"},{\"@type\":\"Organization\",\"@id\":\"https:\\\/\\\/www.kimuceramica.com\\\/en\\\/#organization\",\"name\":\"Kimu cer\u00e1mica\",\"url\":\"https:\\\/\\\/www.kimuceramica.com\\\/en\\\/\",\"logo\":{\"@type\":\"ImageObject\",\"inLanguage\":\"en-US\",\"@id\":\"https:\\\/\\\/www.kimuceramica.com\\\/en\\\/#\\\/schema\\\/logo\\\/image\\\/\",\"url\":\"https:\\\/\\\/www.kimuceramica.com\\\/wp-content\\\/uploads\\\/2019\\\/07\\\/Kimu-logo-web.png\",\"contentUrl\":\"https:\\\/\\\/www.kimuceramica.com\\\/wp-content\\\/uploads\\\/2019\\\/07\\\/Kimu-logo-web.png\",\"width\":150,\"height\":72,\"caption\":\"Kimu cer\u00e1mica\"},\"image\":{\"@id\":\"https:\\\/\\\/www.kimuceramica.com\\\/en\\\/#\\\/schema\\\/logo\\\/image\\\/\"},\"sameAs\":[\"https:\\\/\\\/www.facebook.com\\\/Kimu-ceramica-160734807402814\\\/\"]}]}<\/script>\n<!-- \/ Yoast SEO plugin. -->","yoast_head_json":{"title":"EARRINGS CHO-KU-REI | Kimu CER\u00c1MICA ORIGINAL","robots":{"index":"index","follow":"follow","max-snippet":"max-snippet:-1","max-image-preview":"max-image-preview:large","max-video-preview":"max-video-preview:-1"},"canonical":"https:\/\/www.kimuceramica.com\/en\/product\/earrings-cho-ku-rei\/","og_locale":"en_US","og_type":"article","og_title":"EARRINGS CHO-KU-REI | Kimu CER\u00c1MICA ORIGINAL","og_description":"In Reiki the symbol of strength, CHO KU REI, invokes the energy necessary to heal and protect.","og_url":"https:\/\/www.kimuceramica.com\/en\/product\/earrings-cho-ku-rei\/","og_site_name":"Kimu CER\u00c1MICA ORIGINAL","article_publisher":"https:\/\/www.facebook.com\/Kimu-ceramica-160734807402814\/","article_modified_time":"2023-03-02T05:35:30+00:00","og_image":[{"width":950,"height":950,"url":"https:\/\/www.kimuceramica.com\/wp-content\/uploads\/2019\/06\/27-REIKI-1-az.jpg","type":"image\/jpeg"}],"twitter_card":"summary_large_image","schema":{"@context":"https:\/\/schema.org","@graph":[{"@type":"WebPage","@id":"https:\/\/www.kimuceramica.com\/en\/product\/earrings-cho-ku-rei\/","url":"https:\/\/www.kimuceramica.com\/en\/product\/earrings-cho-ku-rei\/","name":"EARRINGS CHO-KU-REI | Kimu CER\u00c1MICA ORIGINAL","isPartOf":{"@id":"https:\/\/www.kimuceramica.com\/en\/#website"},"primaryImageOfPage":{"@id":"https:\/\/www.kimuceramica.com\/en\/product\/earrings-cho-ku-rei\/#primaryimage"},"image":{"@id":"https:\/\/www.kimuceramica.com\/en\/product\/earrings-cho-ku-rei\/#primaryimage"},"thumbnailUrl":"https:\/\/www.kimuceramica.com\/wp-content\/uploads\/2019\/06\/27-REIKI-1-az.jpg","datePublished":"2019-10-22T16:49:20+00:00","dateModified":"2023-03-02T05:35:30+00:00","breadcrumb":{"@id":"https:\/\/www.kimuceramica.com\/en\/product\/earrings-cho-ku-rei\/#breadcrumb"},"inLanguage":"en-US","potentialAction":[{"@type":"ReadAction","target":["https:\/\/www.kimuceramica.com\/en\/product\/earrings-cho-ku-rei\/"]}]},{"@type":"ImageObject","inLanguage":"en-US","@id":"https:\/\/www.kimuceramica.com\/en\/product\/earrings-cho-ku-rei\/#primaryimage","url":"https:\/\/www.kimuceramica.com\/wp-content\/uploads\/2019\/06\/27-REIKI-1-az.jpg","contentUrl":"https:\/\/www.kimuceramica.com\/wp-content\/uploads\/2019\/06\/27-REIKI-1-az.jpg","width":950,"height":950,"caption":"CHO-KU-REI Azul"},{"@type":"BreadcrumbList","@id":"https:\/\/www.kimuceramica.com\/en\/product\/earrings-cho-ku-rei\/#breadcrumb","itemListElement":[{"@type":"ListItem","position":1,"name":"Portada","item":"https:\/\/www.kimuceramica.com\/en\/"},{"@type":"ListItem","position":2,"name":"Shop","item":"https:\/\/www.kimuceramica.com\/en\/shop\/"},{"@type":"ListItem","position":3,"name":"EARRINGS CHO-KU-REI"}]},{"@type":"WebSite","@id":"https:\/\/www.kimuceramica.com\/en\/#website","url":"https:\/\/www.kimuceramica.com\/en\/","name":"Kimu CER\u00c1MICA ORIGINAL","description":"Creaci\u00f3n y venta de piezas de bisuter\u00eda de peque\u00f1o tama\u00f1o y gran carga simb\u00f3lica hecha a mano, principalmente de cer\u00e1mica original: colgantes, pendientes, anillos, gemelos","publisher":{"@id":"https:\/\/www.kimuceramica.com\/en\/#organization"},"potentialAction":[{"@type":"SearchAction","target":{"@type":"EntryPoint","urlTemplate":"https:\/\/www.kimuceramica.com\/en\/?s={search_term_string}"},"query-input":{"@type":"PropertyValueSpecification","valueRequired":true,"valueName":"search_term_string"}}],"inLanguage":"en-US"},{"@type":"Organization","@id":"https:\/\/www.kimuceramica.com\/en\/#organization","name":"Kimu cer\u00e1mica","url":"https:\/\/www.kimuceramica.com\/en\/","logo":{"@type":"ImageObject","inLanguage":"en-US","@id":"https:\/\/www.kimuceramica.com\/en\/#\/schema\/logo\/image\/","url":"https:\/\/www.kimuceramica.com\/wp-content\/uploads\/2019\/07\/Kimu-logo-web.png","contentUrl":"https:\/\/www.kimuceramica.com\/wp-content\/uploads\/2019\/07\/Kimu-logo-web.png","width":150,"height":72,"caption":"Kimu cer\u00e1mica"},"image":{"@id":"https:\/\/www.kimuceramica.com\/en\/#\/schema\/logo\/image\/"},"sameAs":["https:\/\/www.facebook.com\/Kimu-ceramica-160734807402814\/"]}]}},"_links":{"self":[{"href":"https:\/\/www.kimuceramica.com\/en\/wp-json\/wp\/v2\/product\/229882","targetHints":{"allow":["GET"]}}],"collection":[{"href":"https:\/\/www.kimuceramica.com\/en\/wp-json\/wp\/v2\/product"}],"about":[{"href":"https:\/\/www.kimuceramica.com\/en\/wp-json\/wp\/v2\/types\/product"}],"replies":[{"embeddable":true,"href":"https:\/\/www.kimuceramica.com\/en\/wp-json\/wp\/v2\/comments?post=229882"}],"wp:featuredmedia":[{"embeddable":true,"href":"https:\/\/www.kimuceramica.com\/en\/wp-json\/wp\/v2\/media\/155481"}],"wp:attachment":[{"href":"https:\/\/www.kimuceramica.com\/en\/wp-json\/wp\/v2\/media?parent=229882"}],"wp:term":[{"taxonomy":"brand","embeddable":true,"href":"https:\/\/www.kimuceramica.com\/en\/wp-json\/wp\/v2\/etheme_brands?post=229882"},{"taxonomy":"product_brand","embeddable":true,"href":"https:\/\/www.kimuceramica.com\/en\/wp-json\/wp\/v2\/product_brand?post=229882"},{"taxonomy":"product_cat","embeddable":true,"href":"https:\/\/www.kimuceramica.com\/en\/wp-json\/wp\/v2\/product_cat?post=229882"},{"taxonomy":"product_tag","embeddable":true,"href":"https:\/\/www.kimuceramica.com\/en\/wp-json\/wp\/v2\/product_tag?post=229882"}],"curies":[{"name":"wp","href":"https:\/\/api.w.org\/{rel}","templated":true}]}}