{"id":266344,"date":"2019-11-18T08:40:12","date_gmt":"2019-11-18T07:40:12","guid":{"rendered":"https:\/\/www.kimuceramica.com\/product\/life-necklace\/"},"modified":"2023-03-01T23:04:25","modified_gmt":"2023-03-01T22:04:25","slug":"life-necklace","status":"publish","type":"product","link":"https:\/\/www.kimuceramica.com\/en\/product\/life-necklace\/","title":{"rendered":"LIFE NECKLACE"},"content":{"rendered":"<p>Since prehistoric times the Celts have left us an impressive artistic legacy with an unmistakable style through time. Inspired by the changing forms of nature, Celtic artists reflected in their knots and drawings their firm belief in life after death, in the continuity between this world and the other world.<\/p>\n","protected":false},"excerpt":{"rendered":"<p>The five-pointed star represents the main stages of our existence: birth, childhood, maturity, old age and death.<\/p>\n","protected":false},"featured_media":187394,"comment_status":"closed","ping_status":"closed","template":"","meta":[],"etheme_brands":[{"term_id":899,"name":"CELTIC ART","slug":"celtic-art","term_group":0,"term_taxonomy_id":899,"taxonomy":"brand","description":"A collection of Celtic art inspired by originals dating from several centuries before our era to the 8th century AD. The drawings are found both on a shield, a mirror, a sieve and in the filigrees that adorn the evangeliaries of Kells or Durrow.","parent":0,"count":174,"filter":"raw"},{"term_id":905,"name":"KNOTS","slug":"knots-celtic-art","term_group":0,"term_taxonomy_id":905,"taxonomy":"brand","description":"Since prehistoric times the Celts have left us an impressive artistic legacy with an unmistakable style through time. Inspired by the changing forms of nature, Celtic artists reflected in their knots and drawings their firm belief in life after death, in the continuity between this world and the other world.","parent":899,"count":60,"filter":"raw"}],"product_brand":[],"product_cat":[839,842,831],"product_tag":[960,1114,1113],"class_list":{"0":"post-266344","1":"product","2":"type-product","3":"status-publish","4":"has-post-thumbnail","6":"brand-celtic-art","7":"brand-knots-celtic-art","8":"product_cat-celtic-art-necklace","9":"product_cat-knots-celtic-art-necklace","10":"product_cat-necklace","11":"product_tag-celtic-art-en","12":"product_tag-medieval-art-en","13":"product_tag-proteccion-en","14":"pa_color-blue","15":"pa_color-cobalt-blue","16":"pa_color-green","17":"pa_color-indian-blue","18":"pa_color-purple","19":"pa_color-ocean-blue","20":"pa_color-pink","21":"pa_color-red","22":"pa_tamano-y-engaste-large-with-setting","23":"pa_tamano-y-engaste-medium","24":"pa_tamano-y-engaste-medium-with-setting","25":"pa_tamano-y-engaste-small-with-setting","27":"first","28":"instock","29":"purchasable","30":"product-type-variable","31":"has-default-attributes"},"yoast_head":"<!-- This site is optimized with the Yoast SEO plugin v27.1.1 - https:\/\/yoast.com\/product\/yoast-seo-wordpress\/ -->\n<title>LIFE NECKLACE | Kimu CER\u00c1MICA ORIGINAL<\/title>\n<meta name=\"robots\" content=\"index, follow, max-snippet:-1, max-image-preview:large, max-video-preview:-1\" \/>\n<link rel=\"canonical\" href=\"https:\/\/www.kimuceramica.com\/en\/product\/life-necklace\/\" \/>\n<meta property=\"og:locale\" content=\"en_US\" \/>\n<meta property=\"og:type\" content=\"article\" \/>\n<meta property=\"og:title\" content=\"LIFE NECKLACE | Kimu CER\u00c1MICA ORIGINAL\" \/>\n<meta property=\"og:description\" content=\"The five-pointed star represents the main stages of our existence: birth, childhood, maturity, old age and death.\" \/>\n<meta property=\"og:url\" content=\"https:\/\/www.kimuceramica.com\/en\/product\/life-necklace\/\" \/>\n<meta property=\"og:site_name\" content=\"Kimu CER\u00c1MICA ORIGINAL\" \/>\n<meta property=\"article:publisher\" content=\"https:\/\/www.facebook.com\/Kimu-ceramica-160734807402814\/\" \/>\n<meta property=\"article:modified_time\" content=\"2023-03-01T22:04:25+00:00\" \/>\n<meta property=\"og:image\" content=\"https:\/\/www.kimuceramica.com\/wp-content\/uploads\/2019\/07\/015N-az.jpg\" \/>\n\t<meta property=\"og:image:width\" content=\"950\" \/>\n\t<meta property=\"og:image:height\" content=\"950\" \/>\n\t<meta property=\"og:image:type\" content=\"image\/jpeg\" \/>\n<meta name=\"twitter:card\" content=\"summary_large_image\" \/>\n<script type=\"application\/ld+json\" class=\"yoast-schema-graph\">{\"@context\":\"https:\/\/schema.org\",\"@graph\":[{\"@type\":\"WebPage\",\"@id\":\"https:\/\/www.kimuceramica.com\/en\/product\/life-necklace\/\",\"url\":\"https:\/\/www.kimuceramica.com\/en\/product\/life-necklace\/\",\"name\":\"LIFE NECKLACE | Kimu CER\u00c1MICA ORIGINAL\",\"isPartOf\":{\"@id\":\"https:\/\/www.kimuceramica.com\/en\/#website\"},\"primaryImageOfPage\":{\"@id\":\"https:\/\/www.kimuceramica.com\/en\/product\/life-necklace\/#primaryimage\"},\"image\":{\"@id\":\"https:\/\/www.kimuceramica.com\/en\/product\/life-necklace\/#primaryimage\"},\"thumbnailUrl\":\"https:\/\/www.kimuceramica.com\/wp-content\/uploads\/2019\/07\/015N-az.jpg\",\"datePublished\":\"2019-11-18T07:40:12+00:00\",\"dateModified\":\"2023-03-01T22:04:25+00:00\",\"breadcrumb\":{\"@id\":\"https:\/\/www.kimuceramica.com\/en\/product\/life-necklace\/#breadcrumb\"},\"inLanguage\":\"en-US\",\"potentialAction\":[{\"@type\":\"ReadAction\",\"target\":[\"https:\/\/www.kimuceramica.com\/en\/product\/life-necklace\/\"]}]},{\"@type\":\"ImageObject\",\"inLanguage\":\"en-US\",\"@id\":\"https:\/\/www.kimuceramica.com\/en\/product\/life-necklace\/#primaryimage\",\"url\":\"https:\/\/www.kimuceramica.com\/wp-content\/uploads\/2019\/07\/015N-az.jpg\",\"contentUrl\":\"https:\/\/www.kimuceramica.com\/wp-content\/uploads\/2019\/07\/015N-az.jpg\",\"width\":950,\"height\":950,\"caption\":\"VIDA Blau\"},{\"@type\":\"BreadcrumbList\",\"@id\":\"https:\/\/www.kimuceramica.com\/en\/product\/life-necklace\/#breadcrumb\",\"itemListElement\":[{\"@type\":\"ListItem\",\"position\":1,\"name\":\"Portada\",\"item\":\"https:\/\/www.kimuceramica.com\/en\/\"},{\"@type\":\"ListItem\",\"position\":2,\"name\":\"Shop\",\"item\":\"https:\/\/www.kimuceramica.com\/en\/shop\/\"},{\"@type\":\"ListItem\",\"position\":3,\"name\":\"LIFE NECKLACE\"}]},{\"@type\":\"WebSite\",\"@id\":\"https:\/\/www.kimuceramica.com\/en\/#website\",\"url\":\"https:\/\/www.kimuceramica.com\/en\/\",\"name\":\"Kimu CER\u00c1MICA ORIGINAL\",\"description\":\"Creaci\u00f3n y venta de piezas de bisuter\u00eda de peque\u00f1o tama\u00f1o y gran carga simb\u00f3lica hecha a mano, principalmente de cer\u00e1mica original: colgantes, pendientes, anillos, gemelos\",\"publisher\":{\"@id\":\"https:\/\/www.kimuceramica.com\/en\/#organization\"},\"potentialAction\":[{\"@type\":\"SearchAction\",\"target\":{\"@type\":\"EntryPoint\",\"urlTemplate\":\"https:\/\/www.kimuceramica.com\/en\/?s={search_term_string}\"},\"query-input\":{\"@type\":\"PropertyValueSpecification\",\"valueRequired\":true,\"valueName\":\"search_term_string\"}}],\"inLanguage\":\"en-US\"},{\"@type\":\"Organization\",\"@id\":\"https:\/\/www.kimuceramica.com\/en\/#organization\",\"name\":\"Kimu cer\u00e1mica\",\"url\":\"https:\/\/www.kimuceramica.com\/en\/\",\"logo\":{\"@type\":\"ImageObject\",\"inLanguage\":\"en-US\",\"@id\":\"https:\/\/www.kimuceramica.com\/en\/#\/schema\/logo\/image\/\",\"url\":\"https:\/\/www.kimuceramica.com\/wp-content\/uploads\/2019\/07\/Kimu-logo-web.png\",\"contentUrl\":\"https:\/\/www.kimuceramica.com\/wp-content\/uploads\/2019\/07\/Kimu-logo-web.png\",\"width\":150,\"height\":72,\"caption\":\"Kimu cer\u00e1mica\"},\"image\":{\"@id\":\"https:\/\/www.kimuceramica.com\/en\/#\/schema\/logo\/image\/\"},\"sameAs\":[\"https:\/\/www.facebook.com\/Kimu-ceramica-160734807402814\/\"]}]}<\/script>\n<!-- \/ Yoast SEO plugin. -->","yoast_head_json":{"title":"LIFE NECKLACE | Kimu CER\u00c1MICA ORIGINAL","robots":{"index":"index","follow":"follow","max-snippet":"max-snippet:-1","max-image-preview":"max-image-preview:large","max-video-preview":"max-video-preview:-1"},"canonical":"https:\/\/www.kimuceramica.com\/en\/product\/life-necklace\/","og_locale":"en_US","og_type":"article","og_title":"LIFE NECKLACE | Kimu CER\u00c1MICA ORIGINAL","og_description":"The five-pointed star represents the main stages of our existence: birth, childhood, maturity, old age and death.","og_url":"https:\/\/www.kimuceramica.com\/en\/product\/life-necklace\/","og_site_name":"Kimu CER\u00c1MICA ORIGINAL","article_publisher":"https:\/\/www.facebook.com\/Kimu-ceramica-160734807402814\/","article_modified_time":"2023-03-01T22:04:25+00:00","og_image":[{"width":950,"height":950,"url":"https:\/\/www.kimuceramica.com\/wp-content\/uploads\/2019\/07\/015N-az.jpg","type":"image\/jpeg"}],"twitter_card":"summary_large_image","schema":{"@context":"https:\/\/schema.org","@graph":[{"@type":"WebPage","@id":"https:\/\/www.kimuceramica.com\/en\/product\/life-necklace\/","url":"https:\/\/www.kimuceramica.com\/en\/product\/life-necklace\/","name":"LIFE NECKLACE | Kimu CER\u00c1MICA ORIGINAL","isPartOf":{"@id":"https:\/\/www.kimuceramica.com\/en\/#website"},"primaryImageOfPage":{"@id":"https:\/\/www.kimuceramica.com\/en\/product\/life-necklace\/#primaryimage"},"image":{"@id":"https:\/\/www.kimuceramica.com\/en\/product\/life-necklace\/#primaryimage"},"thumbnailUrl":"https:\/\/www.kimuceramica.com\/wp-content\/uploads\/2019\/07\/015N-az.jpg","datePublished":"2019-11-18T07:40:12+00:00","dateModified":"2023-03-01T22:04:25+00:00","breadcrumb":{"@id":"https:\/\/www.kimuceramica.com\/en\/product\/life-necklace\/#breadcrumb"},"inLanguage":"en-US","potentialAction":[{"@type":"ReadAction","target":["https:\/\/www.kimuceramica.com\/en\/product\/life-necklace\/"]}]},{"@type":"ImageObject","inLanguage":"en-US","@id":"https:\/\/www.kimuceramica.com\/en\/product\/life-necklace\/#primaryimage","url":"https:\/\/www.kimuceramica.com\/wp-content\/uploads\/2019\/07\/015N-az.jpg","contentUrl":"https:\/\/www.kimuceramica.com\/wp-content\/uploads\/2019\/07\/015N-az.jpg","width":950,"height":950,"caption":"VIDA Blau"},{"@type":"BreadcrumbList","@id":"https:\/\/www.kimuceramica.com\/en\/product\/life-necklace\/#breadcrumb","itemListElement":[{"@type":"ListItem","position":1,"name":"Portada","item":"https:\/\/www.kimuceramica.com\/en\/"},{"@type":"ListItem","position":2,"name":"Shop","item":"https:\/\/www.kimuceramica.com\/en\/shop\/"},{"@type":"ListItem","position":3,"name":"LIFE NECKLACE"}]},{"@type":"WebSite","@id":"https:\/\/www.kimuceramica.com\/en\/#website","url":"https:\/\/www.kimuceramica.com\/en\/","name":"Kimu CER\u00c1MICA ORIGINAL","description":"Creaci\u00f3n y venta de piezas de bisuter\u00eda de peque\u00f1o tama\u00f1o y gran carga simb\u00f3lica hecha a mano, principalmente de cer\u00e1mica original: colgantes, pendientes, anillos, gemelos","publisher":{"@id":"https:\/\/www.kimuceramica.com\/en\/#organization"},"potentialAction":[{"@type":"SearchAction","target":{"@type":"EntryPoint","urlTemplate":"https:\/\/www.kimuceramica.com\/en\/?s={search_term_string}"},"query-input":{"@type":"PropertyValueSpecification","valueRequired":true,"valueName":"search_term_string"}}],"inLanguage":"en-US"},{"@type":"Organization","@id":"https:\/\/www.kimuceramica.com\/en\/#organization","name":"Kimu cer\u00e1mica","url":"https:\/\/www.kimuceramica.com\/en\/","logo":{"@type":"ImageObject","inLanguage":"en-US","@id":"https:\/\/www.kimuceramica.com\/en\/#\/schema\/logo\/image\/","url":"https:\/\/www.kimuceramica.com\/wp-content\/uploads\/2019\/07\/Kimu-logo-web.png","contentUrl":"https:\/\/www.kimuceramica.com\/wp-content\/uploads\/2019\/07\/Kimu-logo-web.png","width":150,"height":72,"caption":"Kimu cer\u00e1mica"},"image":{"@id":"https:\/\/www.kimuceramica.com\/en\/#\/schema\/logo\/image\/"},"sameAs":["https:\/\/www.facebook.com\/Kimu-ceramica-160734807402814\/"]}]}},"_links":{"self":[{"href":"https:\/\/www.kimuceramica.com\/en\/wp-json\/wp\/v2\/product\/266344","targetHints":{"allow":["GET"]}}],"collection":[{"href":"https:\/\/www.kimuceramica.com\/en\/wp-json\/wp\/v2\/product"}],"about":[{"href":"https:\/\/www.kimuceramica.com\/en\/wp-json\/wp\/v2\/types\/product"}],"replies":[{"embeddable":true,"href":"https:\/\/www.kimuceramica.com\/en\/wp-json\/wp\/v2\/comments?post=266344"}],"wp:featuredmedia":[{"embeddable":true,"href":"https:\/\/www.kimuceramica.com\/en\/wp-json\/wp\/v2\/media\/187394"}],"wp:attachment":[{"href":"https:\/\/www.kimuceramica.com\/en\/wp-json\/wp\/v2\/media?parent=266344"}],"wp:term":[{"taxonomy":"brand","embeddable":true,"href":"https:\/\/www.kimuceramica.com\/en\/wp-json\/wp\/v2\/etheme_brands?post=266344"},{"taxonomy":"product_brand","embeddable":true,"href":"https:\/\/www.kimuceramica.com\/en\/wp-json\/wp\/v2\/product_brand?post=266344"},{"taxonomy":"product_cat","embeddable":true,"href":"https:\/\/www.kimuceramica.com\/en\/wp-json\/wp\/v2\/product_cat?post=266344"},{"taxonomy":"product_tag","embeddable":true,"href":"https:\/\/www.kimuceramica.com\/en\/wp-json\/wp\/v2\/product_tag?post=266344"}],"curies":[{"name":"wp","href":"https:\/\/api.w.org\/{rel}","templated":true}]}}