{"id":14913,"date":"2018-12-18T11:11:18","date_gmt":"2018-12-18T10:11:18","guid":{"rendered":"https:\/\/www.kimuceramica.com\/?page_id=14913"},"modified":"2018-12-18T11:11:18","modified_gmt":"2018-12-18T10:11:18","slug":"condiciones-generales-de-contratacion","status":"publish","type":"page","link":"https:\/\/www.kimuceramica.com\/es\/condiciones-generales-de-contratacion\/","title":{"rendered":"CONDICIONES GENERALES DE CONTRATACI\u00d3N"},"content":{"rendered":"<h1>Informaci\u00f3n previa al proceso contractual<\/h1>\n<p>La presente p\u00e1gina web www.kimuceramica.com es propiedad de ANA MARIA ALBA FORT con DNI 46323426T y direcci\u00f3n fiscal en AV DE LA XIRUCA 18 17853, TORTELLA (GIRONA).<\/p>\n<p>Las condiciones Generales de Contrataci\u00f3n regulan la relaci\u00f3n de venta a distancia entre ANA MARIA ALBA FORT y el usuario o cliente, de acuerdo con las estipulaciones legales, en especial, la Ley 7\/1998, de 13 de abril, sobre Condiciones Generales de Contrataci\u00f3n, la Ley 3\/2014, de 27 de marzo por la que se modifica el texto refundido de la Ley General para la Defensa de los consumidores y Usuarios, la normativa vigente y aplicable en Protecci\u00f3n de Datos de Car\u00e1cter Personal, la Ley 7\/1996, de 15 de enero de Ordenaci\u00f3n del Comercio Minorista, y a la Ley 34\/2002 de 11 de julio, de Servicios de la Sociedad de la Informaci\u00f3n y de Comercio Electr\u00f3nico.<\/p>\n<p>ANA MARIA ALBA FORT se reserva el derecho a realizar las modificaciones que considere oportunas, sin aviso previo, en las Condiciones Generales. Dichas modificaciones podr\u00e1n realizarse, a trav\u00e9s de sus websites, por cualquier forma admisible en derecho y ser\u00e1n de obligado cumplimiento durante el tiempo en que se encuentren publicadas en la web y hasta que no sean modificadas v\u00e1lidamente por otras posteriores. No obstante, ANA MARIA ALBA FORT se reserva el derecho de aplicar, en determinados casos, unas Condiciones Particulares de Contrataci\u00f3n con preferencia a las presentes Condiciones Generales cuando lo considere oportuno, anunci\u00e1ndolas en tiempo y forma oportunos.<\/p>\n<p>El objeto de la p\u00e1gina web es venta de productos de bisuter\u00eda de cer\u00e1mica.<\/p>\n<p>La duraci\u00f3n del contrato quedar\u00e1 vinculada a la entrega del producto sin perjuicio del derecho de desistimiento.<\/p>\n<p>Como usuario o cliente declara expresamente conocer, entender y aceptar las condiciones de uso y estas condiciones generales de contrataci\u00f3n. Del mismo modo, declara ser mayor de edad y tener la capacidad jur\u00eddica y de obrar necesarias para el acceso a los sitios web de ANA MARIA ALBA FORT y la contrataci\u00f3n por medio de los mismos.<\/p>\n<p>Para adquirir nuestros productos, usted puede dirigirse al apartado correspondiente de nuestra tienda online.<\/p>\n<p>Finalizado el proceso de compra el cliente recibir\u00e1 una confirmaci\u00f3n del mismo por correo electr\u00f3nico. Es imprescindible que durante el proceso de compra el usuario indique un correo electr\u00f3nico v\u00e1lido. Si en 24 horas desde la finalizaci\u00f3n del pedido no recibe la confirmaci\u00f3n, p\u00f3ngase en contacto con ANA MARIA ALBA FORT en el tel\u00e9fono de atenci\u00f3n al cliente 972687717 o mediante el correo electr\u00f3nico info@kimuceramica.com.<\/p>\n<p>Todos los contenidos de la web est\u00e1n en espa\u00f1ol e ingl\u00e9s. El cliente, al recibir el producto en la direcci\u00f3n de entrega facilitada, recibir\u00e1 una factura o copia del pedido.<\/p>\n<h2>Oferta y vigencia<\/h2>\n<p>En caso de un producto en oferta, siempre se indicar\u00e1 junto a sus caracter\u00edsticas esenciales, el precio de oferta y la validez de la misma.<\/p>\n<p>En cumplimiento de la normativa vigente ANA MARIA ALBA FORT ofrece informaci\u00f3n sobre todos los art\u00edculos en venta, sus caracter\u00edsticas y precios. No obstante, ANA MARIA ALBA FORT se reserva el derecho a retirar, reponer o cambiar los productos que se ofrecen a trav\u00e9s de su p\u00e1gina web, mediante el simple cambio en el contenido de la misma. De esta forma, los productos ofrecidos en cada momento por la web se regir\u00e1n por las Condiciones Generales de Contrataci\u00f3n vigentes en cada caso. Asimismo, la empresa tendr\u00e1 la facultad de dejar de ofrecer, sin previo aviso y en cualquier momento, el acceso a los productos mencionados.<\/p>\n<h2>Caracter\u00edsticas esenciales de los productos<\/h2>\n<p>Los productos ofertados en nuestra tienda online, incorporan una fotograf\u00eda y las caracter\u00edsticas esenciales del mismo, esta es la informaci\u00f3n obtenida del propio fabricante. El color del producto, observable en la fotograf\u00eda no es vinculante. En las caracter\u00edsticas se identifica el mismo.<\/p>\n<h2>Garant\u00edas<\/h2>\n<p>Todos los productos ofrecidos en la p\u00e1gina web gozan de la garant\u00eda legal del proveedor del mismo. ANA MARIA ALBA FORT dispone de un servicio de posventa, mientras est\u00e9 vigente la garant\u00eda, el cliente podr\u00e1 ejecutarla dirigi\u00e9ndose al establecimiento de ANA MARIA ALBA FORT, al servicio de posventa, por correo electr\u00f3nico a info@kimuceramica.com o a los puntos establecidos por el propio proveedor. En caso de duda podr\u00e1 dirigirse al tel\u00e9fono de atenci\u00f3n al cliente 972687717 o mediante el correo electr\u00f3nico info@kimuceramica.com.<\/p>\n<h2>Precios<\/h2>\n<p>Todos los productos indican el precio de venta en Euros e incluyen el Impuesto sobre el Valor A\u00f1adido (IVA).<\/p>\n<p>Si fuera aplicable cualquier otro impuesto, as\u00ed se indicar\u00eda (IGIC o IPSI).<\/p>\n<h2>Gastos de entrega y transporte<\/h2>\n<p>ANA MARIA ALBA FORT informa que realiza env\u00edos a Pen\u00ednsula. Para el resto de destinos p\u00f3ngase en contacto con nosotros al tel\u00e9fono de atenci\u00f3n al cliente 972687717 o mediante el correo electr\u00f3nico info@kimuceramica.com.<\/p>\n<p>ANA MARIA ALBA FORT informa que para el env\u00edo a Pen\u00ednsula se le cobraran 5\u20ac en concepto de gastos y env\u00edo. Para el resto de destinos p\u00f3ngase en contacto con nosotros al tel\u00e9fono de atenci\u00f3n al cliente 972687717 o mediante el correo electr\u00f3nico info@kimuceramica.com.<\/p>\n<p>Para cada pedido el usuario visualizar\u00e1 el importe exacto a abonar una vez que haya completado los datos de env\u00edo, siempre antes de que haga efectiva su compra. Pudiendo modificar en todo caso, el contenido del pedido.<\/p>\n<p>El tiempo de entrega a la Pen\u00ednsula ser\u00e1 entre 48\/72 h Para el resto de destinos p\u00f3ngase en contacto con nosotros al tel\u00e9fono de atenci\u00f3n al cliente 972687717 o mediante el correo electr\u00f3nico info@kimuceramica.com.<\/p>\n<p>ANA MARIA ALBA FORT informa que se le entregara el pedido a mediante Correos.<\/p>\n<h2>Formas de pago y ejecuci\u00f3n del pedido<\/h2>\n<p>El cliente podr\u00e1 abonar el importe de su pedido optando por cualquiera de las siguientes formas. Durante el proceso de compra deber\u00e1 indicar su elecci\u00f3n:<\/p>\n<h3>&#8211; Tarjeta de cr\u00e9dito VISA o MASTERCARD<\/h3>\n<p>Todas las operaciones que implican la transmisi\u00f3n de datos personales o bancarios se realizan utilizando un entorno seguro, un servidor basado en la tecnolog\u00eda de seguridad est\u00e1ndar SSL (Secure Sockets Layer). Toda la informaci\u00f3n que nos transmita viaja cifrada a trav\u00e9s de la red.<\/p>\n<p>Asimismo los datos sobre su tarjeta de cr\u00e9dito son introducidos directamente en la p\u00e1gina del banco, en el TPV (Terminal Punto de venta del Banco) y no son introducidos ni registrados en ning\u00fan servidor de ANA MARIA ALBA FORT.<\/p>\n<p>Al pagar con tarjeta VISA o MASTERCARD se le solicitar\u00e1n siempre los siguientes datos: el n\u00famero de tarjeta, la fecha de caducidad, y un C\u00f3digo de Validaci\u00f3n que coincide con las tres \u00faltimas cifras del n\u00famero impreso en cursiva en el reverso de su tarjeta VISA o MASTERCARD, ofreciendo, de esta forma, m\u00e1s garant\u00edas acerca de la seguridad de la transacci\u00f3n.<\/p>\n<p>Esta forma de pago es v\u00e1lida \u00fanicamente en la web.<\/p>\n<p>Cuando el importe de una compra hubiese sido cargado fraudulenta o indebidamente utilizando el n\u00famero de una tarjeta de pago, su titular podr\u00e1 exigir la inmediata anulaci\u00f3n del cargo. En tal caso, las correspondientes anotaciones de adeudo y reabono en las cuentas del proveedor y del titular se efectuar\u00e1n a la mayor brevedad.<\/p>\n<p>Sin embargo, si la compra hubiese sido efectivamente realizada por el titular de la tarjeta y la exigencia de devoluci\u00f3n no fuera consecuencia de haberse ejercido el derecho de desistimiento o de resoluci\u00f3n y, por tanto, hubiese exigido indebidamente la anulaci\u00f3n del correspondiente cargo, aquel quedar\u00e1 obligado frente a ANA MARIA ALBA FORT al resarcimiento de los da\u00f1os y perjuicios ocasionados como consecuencia de dicha anulaci\u00f3n.<\/p>\n<h3>&#8211; Transferencia Bancaria<\/h3>\n<p>Al seleccionar la transferencia bancaria recibir\u00e1, junto con la confirmaci\u00f3n de su pedido, un e-mail con los datos bancarios de ANA MARIA ALBA FORT.<\/p>\n<p>Es muy importante que al realizar la transferencia indique en el asunto el n\u00famero de pedido, as\u00ed como su nombre y apellidos, y realice la transferencia dentro de los 3 d\u00edas posteriores a la fecha de confirmaci\u00f3n del pedido para poder validarlo.<\/p>\n<p>Si lo desea, puede enviarnos el justificante de la transferencia por e-mail info@kimuceramica.com. Pero en cualquier caso, no se considerar\u00e1 efectivo el pedido hasta que nuestro departamento de administraci\u00f3n no tenga confirmaci\u00f3n bancaria de la transferencia.<\/p>\n<p>Recordarle que el pago se tiene que realizar en euros y que todas las eventuales comisiones de cambio y bancarias corren por su cuenta.<\/p>\n<p>En el caso de transferencias bancarias realizadas desde fuera de Espa\u00f1a, es muy importante que al ordenar la transferencia comunique siempre a su banco hacerse cargo de las comisiones en origen, aquellas comisiones bancarias y gastos correspondientes a su entidad. De no ser as\u00ed, ANA MARIA ALBA FORT podr\u00eda paralizar el env\u00edo de su pedido al no recibir la cantidad \u00edntegra del mismo.<\/p>\n<p>Las posibles comisiones de cambio y bancarias corren a cargo del cliente.<\/p>\n<h2>Derecho de desistimiento, devoluciones y reclamaciones<\/h2>\n<p>El comprador dispondr\u00e1 de un plazo de catorce d\u00edas naturales para desistir, a partir del d\u00eda que el cliente reciba el producto, sin penalizaci\u00f3n alguna y sin indicaci\u00f3n de los motivos.<\/p>\n<p>El ejercicio del derecho de desistimiento deber\u00e1 realizarse mediante notificaci\u00f3n a trav\u00e9s comunicaci\u00f3n telef\u00f3nica a 972687717, dirigi\u00e9ndose al correo electr\u00f3nico info@kimuceramica.com , remitiendo su escrito a nuestra direcci\u00f3n postal AV DE LA XIRUCA 18 17853, TORTELLA (GIRONA), o bien a trav\u00e9s del formulario de desistimiento.<\/p>\n<p>Seg\u00fan lo establecido el art\u00edculo 103 de la Ley 3\/2014, de 27 de marzo por la que se modifica el texto refundido de la Ley General para la Defensa de los consumidores y Usuarios, los suministros de servicios o bienes confeccionado conforme a las especificaciones del consumidor o claramente personalizados, o que, por su naturaleza, no puedan ser devueltos o puedan deteriorarse o caducar con rapidez, est\u00e1n exentos de desistimiento.<\/p>\n<h2>La devoluci\u00f3n<\/h2>\n<p>El cliente deber\u00e1 devolver o entregar directamente el producto a ANA MARIA ALBA FORT, a la direcci\u00f3n AV DE LA XIRUCA 18 17853, TORTELLA (GIRONA), sin ninguna demora indebida, y en todo caso en un plazo m\u00e1ximo de catorce d\u00edas naturales a partir de la fecha en que se formalice el derecho de desistimiento del contrato. Se entender\u00e1 cumplido el plazo si el cliente efect\u00faa la devoluci\u00f3n del producto antes de la finalizaci\u00f3n del plazo.<\/p>\n<p>El cliente se har\u00e1 cargo de los costes de devoluci\u00f3n del producto.<\/p>\n<p>En todo caso, los productos a devolver deber\u00e1n estar en perfectas condiciones, sin usar y en su embalaje original. Se ruega, por tanto, que para evitar problemas en el transporte, se asegure de que el paquete va debidamente protegido y precintado. Una vez recibido\/s, chequearemos su estado. En el momento en que comprobemos que tanto el\/los art\u00edculo\/s, como los posibles componentes, accesorios, obsequios promocionales y documentaci\u00f3n, est\u00e9n completos y en perfectas condiciones, procederemos a devolver el dinero abonado.<\/p>\n<h2>Reembolso del pago<\/h2>\n<p>El reembolso de las cantidades recibidas por el cliente se realizar\u00e1 utilizando los mismos medios de pago empleados por el cliente, siempre y cuando no se haya dispuesto lo contrario.<\/p>\n<p>ANA MARIA ALBA FORT podr\u00e1 retener el reembolso hasta haber recibido el producto, motivo de desistimiento, o hasta que el cliente entregue justificante de devoluci\u00f3n del mismo, seg\u00fan que condici\u00f3n se cumpla primero.<\/p>\n<p>En caso de retraso injustificado por parte de ANA MARIA ALBA FORT, respecto a la devoluci\u00f3n de las sumas abonadas, el cliente podr\u00e1 reclamar el doble de las sumas pagadas, sin perjuicio del derecho de ser indemnizado por los da\u00f1os y perjuicios sufridos en los que exceda de dicha cantidad.<\/p>\n<h3>Devoluci\u00f3n del producto defectuoso<\/h3>\n<p>En el caso de que el producto no se encuentre en buen estado y las causas imputables a este, no sean consecuencia del cliente, este tendr\u00e1 derecho a la devoluci\u00f3n del producto, informando a ANA MARIA ALBA FORT del motivo de devoluci\u00f3n a trav\u00e9s de cualquiera de los medios facilitados en las presentes condiciones de contrataci\u00f3n, y sin coste alguno para el cliente. Esta devoluci\u00f3n por motivo de defecto o mal estado del producto no ser\u00e1 considerada un derecho de desistimiento.<\/p>\n<p>La ANA MARIA ALBA FORT se compromete a asumir el coste de la devoluci\u00f3n y a restituir el producto por uno nuevo de acuerdo con condiciones aceptadas en el momento de la venta.<\/p>\n<p>Si el cliente desea presentar una reclamaci\u00f3n, el establecimiento de ANA MARIA ALBA FORT est\u00e1 situado en AV DE LA XIRUCA 18 17853, TORTELLA (GIRONA) o a trav\u00e9s del correo electr\u00f3nico info@kimuceramica.com.<\/p>\n<h2>Jurisdicci\u00f3n<\/h2>\n<p>Asimismo, ANA MARIA ALBA FORT se reserva la facultad de presentar las acciones civiles o penales que considere oportunas por la utilizaci\u00f3n indebida de su sitio web y contenidos o por el incumplimiento de las presentes condiciones.<\/p>\n<p>La relaci\u00f3n entre el usuario y el prestador se regir\u00e1 por la normativa vigente y de aplicaci\u00f3n en el territorio espa\u00f1ol. De surgir cualquier controversia las partes podr\u00e1n someter sus conflictos a arbitraje o acudir a la jurisdicci\u00f3n ordinaria cumpliendo con las normas sobre jurisdicci\u00f3n y competencia al respecto. ANA MARIA ALBA FORT tiene su domicilio en Figueras, Espa\u00f1a.<\/p>\n","protected":false},"excerpt":{"rendered":"<p>Informaci\u00f3n previa al proceso contractual La presente p\u00e1gina web www.kimuceramica.com es propiedad de ANA MARIA ALBA FORT con DNI 46323426T y direcci\u00f3n fiscal en AV DE LA XIRUCA 18 17853, TORTELLA (GIRONA). Las condiciones Generales de Contrataci\u00f3n regulan la relaci\u00f3n de venta a distancia entre&#8230;<\/p>\n","protected":false},"author":2,"featured_media":0,"parent":0,"menu_order":0,"comment_status":"closed","ping_status":"closed","template":"","meta":{"footnotes":""},"class_list":["post-14913","page","type-page","status-publish","hentry"],"yoast_head":"<!-- This site is optimized with the Yoast SEO plugin v27.5 - https:\/\/yoast.com\/product\/yoast-seo-wordpress\/ -->\n<title>CONDICIONES GENERALES DE CONTRATACI\u00d3N | Kimu CER\u00c1MICA ORIGINAL<\/title>\n<meta name=\"robots\" content=\"index, follow, max-snippet:-1, max-image-preview:large, max-video-preview:-1\" \/>\n<link rel=\"canonical\" href=\"https:\/\/www.kimuceramica.com\/es\/condiciones-generales-de-contratacion\/\" \/>\n<meta property=\"og:locale\" content=\"es_ES\" \/>\n<meta property=\"og:type\" content=\"article\" \/>\n<meta property=\"og:title\" content=\"CONDICIONES GENERALES DE CONTRATACI\u00d3N | Kimu CER\u00c1MICA ORIGINAL\" \/>\n<meta property=\"og:description\" content=\"Informaci\u00f3n previa al proceso contractual La presente p\u00e1gina web www.kimuceramica.com es propiedad de ANA MARIA ALBA FORT con DNI 46323426T y direcci\u00f3n fiscal en AV DE LA XIRUCA 18 17853, TORTELLA (GIRONA). Las condiciones Generales de Contrataci\u00f3n regulan la relaci\u00f3n de venta a distancia entre...\" \/>\n<meta property=\"og:url\" content=\"https:\/\/www.kimuceramica.com\/es\/condiciones-generales-de-contratacion\/\" \/>\n<meta property=\"og:site_name\" content=\"Kimu CER\u00c1MICA ORIGINAL\" \/>\n<meta property=\"article:publisher\" content=\"https:\/\/www.facebook.com\/Kimu-ceramica-160734807402814\/\" \/>\n<meta name=\"twitter:card\" content=\"summary_large_image\" \/>\n<meta name=\"twitter:label1\" content=\"Tiempo de lectura\" \/>\n\t<meta name=\"twitter:data1\" content=\"11 minutos\" \/>\n<script type=\"application\/ld+json\" class=\"yoast-schema-graph\">{\"@context\":\"https:\\\/\\\/schema.org\",\"@graph\":[{\"@type\":\"WebPage\",\"@id\":\"https:\\\/\\\/www.kimuceramica.com\\\/es\\\/condiciones-generales-de-contratacion\\\/\",\"url\":\"https:\\\/\\\/www.kimuceramica.com\\\/es\\\/condiciones-generales-de-contratacion\\\/\",\"name\":\"CONDICIONES GENERALES DE CONTRATACI\u00d3N | Kimu CER\u00c1MICA ORIGINAL\",\"isPartOf\":{\"@id\":\"https:\\\/\\\/www.kimuceramica.com\\\/es\\\/#website\"},\"datePublished\":\"2018-12-18T10:11:18+00:00\",\"breadcrumb\":{\"@id\":\"https:\\\/\\\/www.kimuceramica.com\\\/es\\\/condiciones-generales-de-contratacion\\\/#breadcrumb\"},\"inLanguage\":\"es\",\"potentialAction\":[{\"@type\":\"ReadAction\",\"target\":[\"https:\\\/\\\/www.kimuceramica.com\\\/es\\\/condiciones-generales-de-contratacion\\\/\"]}]},{\"@type\":\"BreadcrumbList\",\"@id\":\"https:\\\/\\\/www.kimuceramica.com\\\/es\\\/condiciones-generales-de-contratacion\\\/#breadcrumb\",\"itemListElement\":[{\"@type\":\"ListItem\",\"position\":1,\"name\":\"Portada\",\"item\":\"https:\\\/\\\/www.kimuceramica.com\\\/es\\\/\"},{\"@type\":\"ListItem\",\"position\":2,\"name\":\"CONDICIONES GENERALES DE CONTRATACI\u00d3N\"}]},{\"@type\":\"WebSite\",\"@id\":\"https:\\\/\\\/www.kimuceramica.com\\\/es\\\/#website\",\"url\":\"https:\\\/\\\/www.kimuceramica.com\\\/es\\\/\",\"name\":\"Kimu CER\u00c1MICA ORIGINAL\",\"description\":\"Creaci\u00f3n y venta de piezas de bisuter\u00eda de peque\u00f1o tama\u00f1o y gran carga simb\u00f3lica hecha a mano, principalmente de cer\u00e1mica original: colgantes, pendientes, anillos, gemelos\",\"publisher\":{\"@id\":\"https:\\\/\\\/www.kimuceramica.com\\\/es\\\/#organization\"},\"potentialAction\":[{\"@type\":\"SearchAction\",\"target\":{\"@type\":\"EntryPoint\",\"urlTemplate\":\"https:\\\/\\\/www.kimuceramica.com\\\/es\\\/?s={search_term_string}\"},\"query-input\":{\"@type\":\"PropertyValueSpecification\",\"valueRequired\":true,\"valueName\":\"search_term_string\"}}],\"inLanguage\":\"es\"},{\"@type\":\"Organization\",\"@id\":\"https:\\\/\\\/www.kimuceramica.com\\\/es\\\/#organization\",\"name\":\"Kimu cer\u00e1mica\",\"url\":\"https:\\\/\\\/www.kimuceramica.com\\\/es\\\/\",\"logo\":{\"@type\":\"ImageObject\",\"inLanguage\":\"es\",\"@id\":\"https:\\\/\\\/www.kimuceramica.com\\\/es\\\/#\\\/schema\\\/logo\\\/image\\\/\",\"url\":\"https:\\\/\\\/www.kimuceramica.com\\\/wp-content\\\/uploads\\\/2019\\\/07\\\/Kimu-logo-web.png\",\"contentUrl\":\"https:\\\/\\\/www.kimuceramica.com\\\/wp-content\\\/uploads\\\/2019\\\/07\\\/Kimu-logo-web.png\",\"width\":150,\"height\":72,\"caption\":\"Kimu cer\u00e1mica\"},\"image\":{\"@id\":\"https:\\\/\\\/www.kimuceramica.com\\\/es\\\/#\\\/schema\\\/logo\\\/image\\\/\"},\"sameAs\":[\"https:\\\/\\\/www.facebook.com\\\/Kimu-ceramica-160734807402814\\\/\"]}]}<\/script>\n<!-- \/ Yoast SEO plugin. -->","yoast_head_json":{"title":"CONDICIONES GENERALES DE CONTRATACI\u00d3N | Kimu CER\u00c1MICA ORIGINAL","robots":{"index":"index","follow":"follow","max-snippet":"max-snippet:-1","max-image-preview":"max-image-preview:large","max-video-preview":"max-video-preview:-1"},"canonical":"https:\/\/www.kimuceramica.com\/es\/condiciones-generales-de-contratacion\/","og_locale":"es_ES","og_type":"article","og_title":"CONDICIONES GENERALES DE CONTRATACI\u00d3N | Kimu CER\u00c1MICA ORIGINAL","og_description":"Informaci\u00f3n previa al proceso contractual La presente p\u00e1gina web www.kimuceramica.com es propiedad de ANA MARIA ALBA FORT con DNI 46323426T y direcci\u00f3n fiscal en AV DE LA XIRUCA 18 17853, TORTELLA (GIRONA). Las condiciones Generales de Contrataci\u00f3n regulan la relaci\u00f3n de venta a distancia entre...","og_url":"https:\/\/www.kimuceramica.com\/es\/condiciones-generales-de-contratacion\/","og_site_name":"Kimu CER\u00c1MICA ORIGINAL","article_publisher":"https:\/\/www.facebook.com\/Kimu-ceramica-160734807402814\/","twitter_card":"summary_large_image","twitter_misc":{"Tiempo de lectura":"11 minutos"},"schema":{"@context":"https:\/\/schema.org","@graph":[{"@type":"WebPage","@id":"https:\/\/www.kimuceramica.com\/es\/condiciones-generales-de-contratacion\/","url":"https:\/\/www.kimuceramica.com\/es\/condiciones-generales-de-contratacion\/","name":"CONDICIONES GENERALES DE CONTRATACI\u00d3N | Kimu CER\u00c1MICA ORIGINAL","isPartOf":{"@id":"https:\/\/www.kimuceramica.com\/es\/#website"},"datePublished":"2018-12-18T10:11:18+00:00","breadcrumb":{"@id":"https:\/\/www.kimuceramica.com\/es\/condiciones-generales-de-contratacion\/#breadcrumb"},"inLanguage":"es","potentialAction":[{"@type":"ReadAction","target":["https:\/\/www.kimuceramica.com\/es\/condiciones-generales-de-contratacion\/"]}]},{"@type":"BreadcrumbList","@id":"https:\/\/www.kimuceramica.com\/es\/condiciones-generales-de-contratacion\/#breadcrumb","itemListElement":[{"@type":"ListItem","position":1,"name":"Portada","item":"https:\/\/www.kimuceramica.com\/es\/"},{"@type":"ListItem","position":2,"name":"CONDICIONES GENERALES DE CONTRATACI\u00d3N"}]},{"@type":"WebSite","@id":"https:\/\/www.kimuceramica.com\/es\/#website","url":"https:\/\/www.kimuceramica.com\/es\/","name":"Kimu CER\u00c1MICA ORIGINAL","description":"Creaci\u00f3n y venta de piezas de bisuter\u00eda de peque\u00f1o tama\u00f1o y gran carga simb\u00f3lica hecha a mano, principalmente de cer\u00e1mica original: colgantes, pendientes, anillos, gemelos","publisher":{"@id":"https:\/\/www.kimuceramica.com\/es\/#organization"},"potentialAction":[{"@type":"SearchAction","target":{"@type":"EntryPoint","urlTemplate":"https:\/\/www.kimuceramica.com\/es\/?s={search_term_string}"},"query-input":{"@type":"PropertyValueSpecification","valueRequired":true,"valueName":"search_term_string"}}],"inLanguage":"es"},{"@type":"Organization","@id":"https:\/\/www.kimuceramica.com\/es\/#organization","name":"Kimu cer\u00e1mica","url":"https:\/\/www.kimuceramica.com\/es\/","logo":{"@type":"ImageObject","inLanguage":"es","@id":"https:\/\/www.kimuceramica.com\/es\/#\/schema\/logo\/image\/","url":"https:\/\/www.kimuceramica.com\/wp-content\/uploads\/2019\/07\/Kimu-logo-web.png","contentUrl":"https:\/\/www.kimuceramica.com\/wp-content\/uploads\/2019\/07\/Kimu-logo-web.png","width":150,"height":72,"caption":"Kimu cer\u00e1mica"},"image":{"@id":"https:\/\/www.kimuceramica.com\/es\/#\/schema\/logo\/image\/"},"sameAs":["https:\/\/www.facebook.com\/Kimu-ceramica-160734807402814\/"]}]}},"_links":{"self":[{"href":"https:\/\/www.kimuceramica.com\/es\/wp-json\/wp\/v2\/pages\/14913","targetHints":{"allow":["GET"]}}],"collection":[{"href":"https:\/\/www.kimuceramica.com\/es\/wp-json\/wp\/v2\/pages"}],"about":[{"href":"https:\/\/www.kimuceramica.com\/es\/wp-json\/wp\/v2\/types\/page"}],"author":[{"embeddable":true,"href":"https:\/\/www.kimuceramica.com\/es\/wp-json\/wp\/v2\/users\/2"}],"replies":[{"embeddable":true,"href":"https:\/\/www.kimuceramica.com\/es\/wp-json\/wp\/v2\/comments?post=14913"}],"version-history":[{"count":0,"href":"https:\/\/www.kimuceramica.com\/es\/wp-json\/wp\/v2\/pages\/14913\/revisions"}],"wp:attachment":[{"href":"https:\/\/www.kimuceramica.com\/es\/wp-json\/wp\/v2\/media?parent=14913"}],"curies":[{"name":"wp","href":"https:\/\/api.w.org\/{rel}","templated":true}]}}