{"id":212635,"date":"2019-10-21T08:55:41","date_gmt":"2019-10-21T06:55:41","guid":{"rendered":"https:\/\/www.kimuceramica.com\/product\/pendientes-strathmartin\/"},"modified":"2026-03-18T12:23:28","modified_gmt":"2026-03-18T11:23:28","slug":"pendientes-strathmartin","status":"publish","type":"product","link":"https:\/\/www.kimuceramica.com\/es\/producto\/pendientes-strathmartin\/","title":{"rendered":"PENDIENTES STRATHMARTIN"},"content":{"rendered":"<p>Colecci\u00f3n de arte celta inspirada en originales fechados desde varios siglos antes de nuestra era hasta el s.VIII d.C. Los dibujos se hallan tanto en un escudo, un espejo, un tamiz como en las filigranas que adornan los evangeliarios de Kells o Durrow.<\/p>\n","protected":false},"excerpt":{"rendered":"<p>Dibujo de la piedra de Strathmartin. Simboliza la eternidad.<\/p>\n","protected":false},"featured_media":186915,"comment_status":"closed","ping_status":"closed","template":"","meta":[],"etheme_brands":[{"term_id":718,"name":"ARTE CELTA","slug":"arte-celta","term_group":0,"term_taxonomy_id":718,"taxonomy":"brand","description":"Colecci\u00f3n de arte celta inspirada en originales fechados desde varios siglos antes de nuestra era hasta el s.VIII d.C. Los dibujos se hallan tanto en un escudo, un espejo, un tamiz como en las filigranas que adornan los evangeliarios de Kells o Durrow.","parent":0,"count":174,"filter":"raw"},{"term_id":773,"name":"DIBUJOS CELTAS","slug":"dibujos-celtas","term_group":0,"term_taxonomy_id":773,"taxonomy":"brand","description":"Colecci\u00f3n de arte celta inspirada en originales fechados desde varios siglos antes de nuestra era hasta el s.VIII d.C. Los dibujos se hallan tanto en un escudo, un espejo, un tamiz como en las filigranas que adornan los evangeliarios de Kells o Durrow.","parent":718,"count":78,"filter":"raw"}],"product_brand":[],"product_cat":[323,778,72],"product_tag":[118,284,162],"class_list":{"0":"post-212635","1":"product","2":"type-product","3":"status-publish","4":"has-post-thumbnail","6":"brand-arte-celta","7":"brand-dibujos-celtas","8":"product_cat-arte-celta-pendientes","9":"product_cat-dibujos-celtas-arte-celta-pendientes","10":"product_cat-pendientes","11":"product_tag-arte-celta","12":"product_tag-arte-medieval","13":"product_tag-proteccion","14":"pa_color-azul","15":"pa_color-cobalto","16":"pa_color-indigo","17":"pa_color-lila","18":"pa_color-oceano","19":"pa_color-rojo","20":"pa_color-rosa","21":"pa_color-verde","22":"pa_tamano-y-engaste-normal-con-engaste","24":"first","25":"instock","26":"purchasable","27":"product-type-variable","28":"has-default-attributes"},"yoast_head":"<!-- This site is optimized with the Yoast SEO plugin v27.1.1 - https:\/\/yoast.com\/product\/yoast-seo-wordpress\/ -->\n<title>PENDIENTES STRATHMARTIN | Kimu CER\u00c1MICA ORIGINAL<\/title>\n<meta name=\"robots\" content=\"index, follow, max-snippet:-1, max-image-preview:large, max-video-preview:-1\" \/>\n<link rel=\"canonical\" href=\"https:\/\/www.kimuceramica.com\/es\/producto\/pendientes-strathmartin\/\" \/>\n<meta property=\"og:locale\" content=\"es_ES\" \/>\n<meta property=\"og:type\" content=\"article\" \/>\n<meta property=\"og:title\" content=\"PENDIENTES STRATHMARTIN | Kimu CER\u00c1MICA ORIGINAL\" \/>\n<meta property=\"og:description\" content=\"Dibujo de la piedra de Strathmartin. Simboliza la eternidad.\" \/>\n<meta property=\"og:url\" content=\"https:\/\/www.kimuceramica.com\/es\/producto\/pendientes-strathmartin\/\" \/>\n<meta property=\"og:site_name\" content=\"Kimu CER\u00c1MICA ORIGINAL\" \/>\n<meta property=\"article:publisher\" content=\"https:\/\/www.facebook.com\/Kimu-ceramica-160734807402814\/\" \/>\n<meta property=\"article:modified_time\" content=\"2026-03-18T11:23:28+00:00\" \/>\n<meta property=\"og:image\" content=\"https:\/\/www.kimuceramica.com\/wp-content\/uploads\/2019\/07\/18-STRATHMARTIN-1-az.jpg\" \/>\n\t<meta property=\"og:image:width\" content=\"950\" \/>\n\t<meta property=\"og:image:height\" content=\"950\" \/>\n\t<meta property=\"og:image:type\" content=\"image\/jpeg\" \/>\n<meta name=\"twitter:card\" content=\"summary_large_image\" \/>\n<meta name=\"twitter:label1\" content=\"Tiempo de lectura\" \/>\n\t<meta name=\"twitter:data1\" content=\"1 minuto\" \/>\n<script type=\"application\/ld+json\" class=\"yoast-schema-graph\">{\"@context\":\"https:\/\/schema.org\",\"@graph\":[{\"@type\":\"WebPage\",\"@id\":\"https:\/\/www.kimuceramica.com\/es\/producto\/pendientes-strathmartin\/\",\"url\":\"https:\/\/www.kimuceramica.com\/es\/producto\/pendientes-strathmartin\/\",\"name\":\"PENDIENTES STRATHMARTIN | Kimu CER\u00c1MICA ORIGINAL\",\"isPartOf\":{\"@id\":\"https:\/\/www.kimuceramica.com\/es\/#website\"},\"primaryImageOfPage\":{\"@id\":\"https:\/\/www.kimuceramica.com\/es\/producto\/pendientes-strathmartin\/#primaryimage\"},\"image\":{\"@id\":\"https:\/\/www.kimuceramica.com\/es\/producto\/pendientes-strathmartin\/#primaryimage\"},\"thumbnailUrl\":\"https:\/\/www.kimuceramica.com\/wp-content\/uploads\/2019\/07\/18-STRATHMARTIN-1-az.jpg\",\"datePublished\":\"2019-10-21T06:55:41+00:00\",\"dateModified\":\"2026-03-18T11:23:28+00:00\",\"breadcrumb\":{\"@id\":\"https:\/\/www.kimuceramica.com\/es\/producto\/pendientes-strathmartin\/#breadcrumb\"},\"inLanguage\":\"es\",\"potentialAction\":[{\"@type\":\"ReadAction\",\"target\":[\"https:\/\/www.kimuceramica.com\/es\/producto\/pendientes-strathmartin\/\"]}]},{\"@type\":\"ImageObject\",\"inLanguage\":\"es\",\"@id\":\"https:\/\/www.kimuceramica.com\/es\/producto\/pendientes-strathmartin\/#primaryimage\",\"url\":\"https:\/\/www.kimuceramica.com\/wp-content\/uploads\/2019\/07\/18-STRATHMARTIN-1-az.jpg\",\"contentUrl\":\"https:\/\/www.kimuceramica.com\/wp-content\/uploads\/2019\/07\/18-STRATHMARTIN-1-az.jpg\",\"width\":950,\"height\":950,\"caption\":\"STRATHMARTIN Blau\"},{\"@type\":\"BreadcrumbList\",\"@id\":\"https:\/\/www.kimuceramica.com\/es\/producto\/pendientes-strathmartin\/#breadcrumb\",\"itemListElement\":[{\"@type\":\"ListItem\",\"position\":1,\"name\":\"Portada\",\"item\":\"https:\/\/www.kimuceramica.com\/es\/\"},{\"@type\":\"ListItem\",\"position\":2,\"name\":\"Tienda\",\"item\":\"https:\/\/www.kimuceramica.com\/ca\/shop\/\"},{\"@type\":\"ListItem\",\"position\":3,\"name\":\"PENDIENTES STRATHMARTIN\"}]},{\"@type\":\"WebSite\",\"@id\":\"https:\/\/www.kimuceramica.com\/es\/#website\",\"url\":\"https:\/\/www.kimuceramica.com\/es\/\",\"name\":\"Kimu CER\u00c1MICA ORIGINAL\",\"description\":\"Creaci\u00f3n y venta de piezas de bisuter\u00eda de peque\u00f1o tama\u00f1o y gran carga simb\u00f3lica hecha a mano, principalmente de cer\u00e1mica original: colgantes, pendientes, anillos, gemelos\",\"publisher\":{\"@id\":\"https:\/\/www.kimuceramica.com\/es\/#organization\"},\"potentialAction\":[{\"@type\":\"SearchAction\",\"target\":{\"@type\":\"EntryPoint\",\"urlTemplate\":\"https:\/\/www.kimuceramica.com\/es\/?s={search_term_string}\"},\"query-input\":{\"@type\":\"PropertyValueSpecification\",\"valueRequired\":true,\"valueName\":\"search_term_string\"}}],\"inLanguage\":\"es\"},{\"@type\":\"Organization\",\"@id\":\"https:\/\/www.kimuceramica.com\/es\/#organization\",\"name\":\"Kimu cer\u00e1mica\",\"url\":\"https:\/\/www.kimuceramica.com\/es\/\",\"logo\":{\"@type\":\"ImageObject\",\"inLanguage\":\"es\",\"@id\":\"https:\/\/www.kimuceramica.com\/es\/#\/schema\/logo\/image\/\",\"url\":\"https:\/\/www.kimuceramica.com\/wp-content\/uploads\/2019\/07\/Kimu-logo-web.png\",\"contentUrl\":\"https:\/\/www.kimuceramica.com\/wp-content\/uploads\/2019\/07\/Kimu-logo-web.png\",\"width\":150,\"height\":72,\"caption\":\"Kimu cer\u00e1mica\"},\"image\":{\"@id\":\"https:\/\/www.kimuceramica.com\/es\/#\/schema\/logo\/image\/\"},\"sameAs\":[\"https:\/\/www.facebook.com\/Kimu-ceramica-160734807402814\/\"]}]}<\/script>\n<!-- \/ Yoast SEO plugin. -->","yoast_head_json":{"title":"PENDIENTES STRATHMARTIN | Kimu CER\u00c1MICA ORIGINAL","robots":{"index":"index","follow":"follow","max-snippet":"max-snippet:-1","max-image-preview":"max-image-preview:large","max-video-preview":"max-video-preview:-1"},"canonical":"https:\/\/www.kimuceramica.com\/es\/producto\/pendientes-strathmartin\/","og_locale":"es_ES","og_type":"article","og_title":"PENDIENTES STRATHMARTIN | Kimu CER\u00c1MICA ORIGINAL","og_description":"Dibujo de la piedra de Strathmartin. Simboliza la eternidad.","og_url":"https:\/\/www.kimuceramica.com\/es\/producto\/pendientes-strathmartin\/","og_site_name":"Kimu CER\u00c1MICA ORIGINAL","article_publisher":"https:\/\/www.facebook.com\/Kimu-ceramica-160734807402814\/","article_modified_time":"2026-03-18T11:23:28+00:00","og_image":[{"width":950,"height":950,"url":"https:\/\/www.kimuceramica.com\/wp-content\/uploads\/2019\/07\/18-STRATHMARTIN-1-az.jpg","type":"image\/jpeg"}],"twitter_card":"summary_large_image","twitter_misc":{"Tiempo de lectura":"1 minuto"},"schema":{"@context":"https:\/\/schema.org","@graph":[{"@type":"WebPage","@id":"https:\/\/www.kimuceramica.com\/es\/producto\/pendientes-strathmartin\/","url":"https:\/\/www.kimuceramica.com\/es\/producto\/pendientes-strathmartin\/","name":"PENDIENTES STRATHMARTIN | Kimu CER\u00c1MICA ORIGINAL","isPartOf":{"@id":"https:\/\/www.kimuceramica.com\/es\/#website"},"primaryImageOfPage":{"@id":"https:\/\/www.kimuceramica.com\/es\/producto\/pendientes-strathmartin\/#primaryimage"},"image":{"@id":"https:\/\/www.kimuceramica.com\/es\/producto\/pendientes-strathmartin\/#primaryimage"},"thumbnailUrl":"https:\/\/www.kimuceramica.com\/wp-content\/uploads\/2019\/07\/18-STRATHMARTIN-1-az.jpg","datePublished":"2019-10-21T06:55:41+00:00","dateModified":"2026-03-18T11:23:28+00:00","breadcrumb":{"@id":"https:\/\/www.kimuceramica.com\/es\/producto\/pendientes-strathmartin\/#breadcrumb"},"inLanguage":"es","potentialAction":[{"@type":"ReadAction","target":["https:\/\/www.kimuceramica.com\/es\/producto\/pendientes-strathmartin\/"]}]},{"@type":"ImageObject","inLanguage":"es","@id":"https:\/\/www.kimuceramica.com\/es\/producto\/pendientes-strathmartin\/#primaryimage","url":"https:\/\/www.kimuceramica.com\/wp-content\/uploads\/2019\/07\/18-STRATHMARTIN-1-az.jpg","contentUrl":"https:\/\/www.kimuceramica.com\/wp-content\/uploads\/2019\/07\/18-STRATHMARTIN-1-az.jpg","width":950,"height":950,"caption":"STRATHMARTIN Blau"},{"@type":"BreadcrumbList","@id":"https:\/\/www.kimuceramica.com\/es\/producto\/pendientes-strathmartin\/#breadcrumb","itemListElement":[{"@type":"ListItem","position":1,"name":"Portada","item":"https:\/\/www.kimuceramica.com\/es\/"},{"@type":"ListItem","position":2,"name":"Tienda","item":"https:\/\/www.kimuceramica.com\/ca\/shop\/"},{"@type":"ListItem","position":3,"name":"PENDIENTES STRATHMARTIN"}]},{"@type":"WebSite","@id":"https:\/\/www.kimuceramica.com\/es\/#website","url":"https:\/\/www.kimuceramica.com\/es\/","name":"Kimu CER\u00c1MICA ORIGINAL","description":"Creaci\u00f3n y venta de piezas de bisuter\u00eda de peque\u00f1o tama\u00f1o y gran carga simb\u00f3lica hecha a mano, principalmente de cer\u00e1mica original: colgantes, pendientes, anillos, gemelos","publisher":{"@id":"https:\/\/www.kimuceramica.com\/es\/#organization"},"potentialAction":[{"@type":"SearchAction","target":{"@type":"EntryPoint","urlTemplate":"https:\/\/www.kimuceramica.com\/es\/?s={search_term_string}"},"query-input":{"@type":"PropertyValueSpecification","valueRequired":true,"valueName":"search_term_string"}}],"inLanguage":"es"},{"@type":"Organization","@id":"https:\/\/www.kimuceramica.com\/es\/#organization","name":"Kimu cer\u00e1mica","url":"https:\/\/www.kimuceramica.com\/es\/","logo":{"@type":"ImageObject","inLanguage":"es","@id":"https:\/\/www.kimuceramica.com\/es\/#\/schema\/logo\/image\/","url":"https:\/\/www.kimuceramica.com\/wp-content\/uploads\/2019\/07\/Kimu-logo-web.png","contentUrl":"https:\/\/www.kimuceramica.com\/wp-content\/uploads\/2019\/07\/Kimu-logo-web.png","width":150,"height":72,"caption":"Kimu cer\u00e1mica"},"image":{"@id":"https:\/\/www.kimuceramica.com\/es\/#\/schema\/logo\/image\/"},"sameAs":["https:\/\/www.facebook.com\/Kimu-ceramica-160734807402814\/"]}]}},"_links":{"self":[{"href":"https:\/\/www.kimuceramica.com\/es\/wp-json\/wp\/v2\/product\/212635","targetHints":{"allow":["GET"]}}],"collection":[{"href":"https:\/\/www.kimuceramica.com\/es\/wp-json\/wp\/v2\/product"}],"about":[{"href":"https:\/\/www.kimuceramica.com\/es\/wp-json\/wp\/v2\/types\/product"}],"replies":[{"embeddable":true,"href":"https:\/\/www.kimuceramica.com\/es\/wp-json\/wp\/v2\/comments?post=212635"}],"wp:featuredmedia":[{"embeddable":true,"href":"https:\/\/www.kimuceramica.com\/es\/wp-json\/wp\/v2\/media\/186915"}],"wp:attachment":[{"href":"https:\/\/www.kimuceramica.com\/es\/wp-json\/wp\/v2\/media?parent=212635"}],"wp:term":[{"taxonomy":"brand","embeddable":true,"href":"https:\/\/www.kimuceramica.com\/es\/wp-json\/wp\/v2\/etheme_brands?post=212635"},{"taxonomy":"product_brand","embeddable":true,"href":"https:\/\/www.kimuceramica.com\/es\/wp-json\/wp\/v2\/product_brand?post=212635"},{"taxonomy":"product_cat","embeddable":true,"href":"https:\/\/www.kimuceramica.com\/es\/wp-json\/wp\/v2\/product_cat?post=212635"},{"taxonomy":"product_tag","embeddable":true,"href":"https:\/\/www.kimuceramica.com\/es\/wp-json\/wp\/v2\/product_tag?post=212635"}],"curies":[{"name":"wp","href":"https:\/\/api.w.org\/{rel}","templated":true}]}}