{"id":222559,"date":"2019-10-22T11:04:59","date_gmt":"2019-10-22T09:04:59","guid":{"rendered":"https:\/\/www.kimuceramica.com\/product\/gemelos-roseton-de-san-juan-de-puerta-nueva\/"},"modified":"2026-03-18T19:51:23","modified_gmt":"2026-03-18T18:51:23","slug":"gemelos-roseton-de-san-juan-de-puerta-nueva","status":"publish","type":"product","link":"https:\/\/www.kimuceramica.com\/es\/producto\/gemelos-roseton-de-san-juan-de-puerta-nueva\/","title":{"rendered":"GEMELOS ROSET\u00d3N DE SAN JUAN DE PUERTA NUEVA"},"content":{"rendered":"<p>Dentro de la arquitectura rom\u00e1nica y sobre todo en la g\u00f3tica el roset\u00f3n ten\u00eda un papel destacado. Obviamente proporcionaba  iluminaci\u00f3n al interior de la nave, tambi\u00e9n serv\u00eda de ilustraci\u00f3n gracias a los motivos representados en las vidrieras que sosten\u00eda y adem\u00e1s era una se\u00f1a de identidad caracter\u00edstica del edificio pues cada uno era diferente, especialmente a partir del s. XIII cuando los grandes maestros constructores dejaban su impronta en las obras creando as\u00ed escuela con un estilo reconocible.<\/p>\n","protected":false},"excerpt":{"rendered":"<p>Roset\u00f3n de la Iglesia de San Juan de Puerta Nueva.  S. XII  (Zamora)<\/p>\n","protected":false},"featured_media":141793,"comment_status":"closed","ping_status":"closed","template":"","meta":[],"etheme_brands":[{"term_id":280,"name":"JOYAS DEL G\u00d3TICO Y EL ROM\u00c1NICO","slug":"joyas-del-gotico-y-el-romanico","term_group":0,"term_taxonomy_id":280,"taxonomy":"brand","description":"Dentro de la arquitectura rom\u00e1nica y sobre todo en la g\u00f3tica el roset\u00f3n ten\u00eda un papel destacado. Obviamente proporcionaba iluminaci\u00f3n al interior de la nave, tambi\u00e9n serv\u00eda de ilustraci\u00f3n gracias a los motivos representados en las vidrieras que sosten\u00eda y adem\u00e1s era una se\u00f1a de identidad caracter\u00edstica del edificio pues cada uno era diferente, especialmente a partir del s. XIII cuando los grandes maestros constructores dejaban su impronta en las obras creando as\u00ed escuela con un estilo reconocible.","parent":0,"count":142,"filter":"raw"}],"product_brand":[],"product_cat":[75,290],"product_tag":[287,282,284,283,286,285],"class_list":{"0":"post-222559","1":"product","2":"type-product","3":"status-publish","4":"has-post-thumbnail","6":"brand-joyas-del-gotico-y-el-romanico","7":"product_cat-gemelos","8":"product_cat-joyas-del-gotico-y-el-romanico-gemelos","9":"product_tag-arquitectura-sagrada","10":"product_tag-arte-gotico","11":"product_tag-arte-medieval","12":"product_tag-arte-romanico","13":"product_tag-geometria-sagrada","14":"product_tag-roseton","15":"pa_color-azul","16":"pa_color-cobalto","17":"pa_color-indigo","18":"pa_color-lila","19":"pa_color-oceano","20":"pa_color-rojo","21":"pa_color-rosa","22":"pa_color-verde","23":"pa_tamano-y-engaste-unico","25":"first","26":"instock","27":"purchasable","28":"product-type-variable","29":"has-default-attributes"},"yoast_head":"<!-- This site is optimized with the Yoast SEO plugin v27.5 - https:\/\/yoast.com\/product\/yoast-seo-wordpress\/ -->\n<title>GEMELOS ROSET\u00d3N DE SAN JUAN DE PUERTA NUEVA | Kimu CER\u00c1MICA ORIGINAL<\/title>\n<meta name=\"robots\" content=\"index, follow, max-snippet:-1, max-image-preview:large, max-video-preview:-1\" \/>\n<link rel=\"canonical\" href=\"https:\/\/www.kimuceramica.com\/es\/producto\/gemelos-roseton-de-san-juan-de-puerta-nueva\/\" \/>\n<meta property=\"og:locale\" content=\"es_ES\" \/>\n<meta property=\"og:type\" content=\"article\" \/>\n<meta property=\"og:title\" content=\"GEMELOS ROSET\u00d3N DE SAN JUAN DE PUERTA NUEVA | Kimu CER\u00c1MICA ORIGINAL\" \/>\n<meta property=\"og:description\" content=\"Roset\u00f3n de la Iglesia de San Juan de Puerta Nueva. S. XII (Zamora)\" \/>\n<meta property=\"og:url\" content=\"https:\/\/www.kimuceramica.com\/es\/producto\/gemelos-roseton-de-san-juan-de-puerta-nueva\/\" \/>\n<meta property=\"og:site_name\" content=\"Kimu CER\u00c1MICA ORIGINAL\" \/>\n<meta property=\"article:publisher\" content=\"https:\/\/www.facebook.com\/Kimu-ceramica-160734807402814\/\" \/>\n<meta property=\"article:modified_time\" content=\"2026-03-18T18:51:23+00:00\" \/>\n<meta property=\"og:image\" content=\"https:\/\/www.kimuceramica.com\/wp-content\/uploads\/2019\/06\/09-P-PUERTA-az.jpg\" \/>\n\t<meta property=\"og:image:width\" content=\"950\" \/>\n\t<meta property=\"og:image:height\" content=\"950\" \/>\n\t<meta property=\"og:image:type\" content=\"image\/jpeg\" \/>\n<meta name=\"twitter:card\" content=\"summary_large_image\" \/>\n<meta name=\"twitter:label1\" content=\"Tiempo de lectura\" \/>\n\t<meta name=\"twitter:data1\" content=\"1 minuto\" \/>\n<script type=\"application\/ld+json\" class=\"yoast-schema-graph\">{\"@context\":\"https:\\\/\\\/schema.org\",\"@graph\":[{\"@type\":\"WebPage\",\"@id\":\"https:\\\/\\\/www.kimuceramica.com\\\/es\\\/producto\\\/gemelos-roseton-de-san-juan-de-puerta-nueva\\\/\",\"url\":\"https:\\\/\\\/www.kimuceramica.com\\\/es\\\/producto\\\/gemelos-roseton-de-san-juan-de-puerta-nueva\\\/\",\"name\":\"GEMELOS ROSET\u00d3N DE SAN JUAN DE PUERTA NUEVA | Kimu CER\u00c1MICA ORIGINAL\",\"isPartOf\":{\"@id\":\"https:\\\/\\\/www.kimuceramica.com\\\/es\\\/#website\"},\"primaryImageOfPage\":{\"@id\":\"https:\\\/\\\/www.kimuceramica.com\\\/es\\\/producto\\\/gemelos-roseton-de-san-juan-de-puerta-nueva\\\/#primaryimage\"},\"image\":{\"@id\":\"https:\\\/\\\/www.kimuceramica.com\\\/es\\\/producto\\\/gemelos-roseton-de-san-juan-de-puerta-nueva\\\/#primaryimage\"},\"thumbnailUrl\":\"https:\\\/\\\/www.kimuceramica.com\\\/wp-content\\\/uploads\\\/2019\\\/06\\\/09-P-PUERTA-az.jpg\",\"datePublished\":\"2019-10-22T09:04:59+00:00\",\"dateModified\":\"2026-03-18T18:51:23+00:00\",\"breadcrumb\":{\"@id\":\"https:\\\/\\\/www.kimuceramica.com\\\/es\\\/producto\\\/gemelos-roseton-de-san-juan-de-puerta-nueva\\\/#breadcrumb\"},\"inLanguage\":\"es\",\"potentialAction\":[{\"@type\":\"ReadAction\",\"target\":[\"https:\\\/\\\/www.kimuceramica.com\\\/es\\\/producto\\\/gemelos-roseton-de-san-juan-de-puerta-nueva\\\/\"]}]},{\"@type\":\"ImageObject\",\"inLanguage\":\"es\",\"@id\":\"https:\\\/\\\/www.kimuceramica.com\\\/es\\\/producto\\\/gemelos-roseton-de-san-juan-de-puerta-nueva\\\/#primaryimage\",\"url\":\"https:\\\/\\\/www.kimuceramica.com\\\/wp-content\\\/uploads\\\/2019\\\/06\\\/09-P-PUERTA-az.jpg\",\"contentUrl\":\"https:\\\/\\\/www.kimuceramica.com\\\/wp-content\\\/uploads\\\/2019\\\/06\\\/09-P-PUERTA-az.jpg\",\"width\":950,\"height\":950,\"caption\":\"ROSASSA DE SAN JUAN DE PUERTA NUEVA Blau\"},{\"@type\":\"BreadcrumbList\",\"@id\":\"https:\\\/\\\/www.kimuceramica.com\\\/es\\\/producto\\\/gemelos-roseton-de-san-juan-de-puerta-nueva\\\/#breadcrumb\",\"itemListElement\":[{\"@type\":\"ListItem\",\"position\":1,\"name\":\"Portada\",\"item\":\"https:\\\/\\\/www.kimuceramica.com\\\/es\\\/\"},{\"@type\":\"ListItem\",\"position\":2,\"name\":\"Tienda\",\"item\":\"https:\\\/\\\/www.kimuceramica.com\\\/ca\\\/shop\\\/\"},{\"@type\":\"ListItem\",\"position\":3,\"name\":\"GEMELOS ROSET\u00d3N DE SAN JUAN DE PUERTA NUEVA\"}]},{\"@type\":\"WebSite\",\"@id\":\"https:\\\/\\\/www.kimuceramica.com\\\/es\\\/#website\",\"url\":\"https:\\\/\\\/www.kimuceramica.com\\\/es\\\/\",\"name\":\"Kimu CER\u00c1MICA ORIGINAL\",\"description\":\"Creaci\u00f3n y venta de piezas de bisuter\u00eda de peque\u00f1o tama\u00f1o y gran carga simb\u00f3lica hecha a mano, principalmente de cer\u00e1mica original: colgantes, pendientes, anillos, gemelos\",\"publisher\":{\"@id\":\"https:\\\/\\\/www.kimuceramica.com\\\/es\\\/#organization\"},\"potentialAction\":[{\"@type\":\"SearchAction\",\"target\":{\"@type\":\"EntryPoint\",\"urlTemplate\":\"https:\\\/\\\/www.kimuceramica.com\\\/es\\\/?s={search_term_string}\"},\"query-input\":{\"@type\":\"PropertyValueSpecification\",\"valueRequired\":true,\"valueName\":\"search_term_string\"}}],\"inLanguage\":\"es\"},{\"@type\":\"Organization\",\"@id\":\"https:\\\/\\\/www.kimuceramica.com\\\/es\\\/#organization\",\"name\":\"Kimu cer\u00e1mica\",\"url\":\"https:\\\/\\\/www.kimuceramica.com\\\/es\\\/\",\"logo\":{\"@type\":\"ImageObject\",\"inLanguage\":\"es\",\"@id\":\"https:\\\/\\\/www.kimuceramica.com\\\/es\\\/#\\\/schema\\\/logo\\\/image\\\/\",\"url\":\"https:\\\/\\\/www.kimuceramica.com\\\/wp-content\\\/uploads\\\/2019\\\/07\\\/Kimu-logo-web.png\",\"contentUrl\":\"https:\\\/\\\/www.kimuceramica.com\\\/wp-content\\\/uploads\\\/2019\\\/07\\\/Kimu-logo-web.png\",\"width\":150,\"height\":72,\"caption\":\"Kimu cer\u00e1mica\"},\"image\":{\"@id\":\"https:\\\/\\\/www.kimuceramica.com\\\/es\\\/#\\\/schema\\\/logo\\\/image\\\/\"},\"sameAs\":[\"https:\\\/\\\/www.facebook.com\\\/Kimu-ceramica-160734807402814\\\/\"]}]}<\/script>\n<!-- \/ Yoast SEO plugin. -->","yoast_head_json":{"title":"GEMELOS ROSET\u00d3N DE SAN JUAN DE PUERTA NUEVA | Kimu CER\u00c1MICA ORIGINAL","robots":{"index":"index","follow":"follow","max-snippet":"max-snippet:-1","max-image-preview":"max-image-preview:large","max-video-preview":"max-video-preview:-1"},"canonical":"https:\/\/www.kimuceramica.com\/es\/producto\/gemelos-roseton-de-san-juan-de-puerta-nueva\/","og_locale":"es_ES","og_type":"article","og_title":"GEMELOS ROSET\u00d3N DE SAN JUAN DE PUERTA NUEVA | Kimu CER\u00c1MICA ORIGINAL","og_description":"Roset\u00f3n de la Iglesia de San Juan de Puerta Nueva. S. XII (Zamora)","og_url":"https:\/\/www.kimuceramica.com\/es\/producto\/gemelos-roseton-de-san-juan-de-puerta-nueva\/","og_site_name":"Kimu CER\u00c1MICA ORIGINAL","article_publisher":"https:\/\/www.facebook.com\/Kimu-ceramica-160734807402814\/","article_modified_time":"2026-03-18T18:51:23+00:00","og_image":[{"width":950,"height":950,"url":"https:\/\/www.kimuceramica.com\/wp-content\/uploads\/2019\/06\/09-P-PUERTA-az.jpg","type":"image\/jpeg"}],"twitter_card":"summary_large_image","twitter_misc":{"Tiempo de lectura":"1 minuto"},"schema":{"@context":"https:\/\/schema.org","@graph":[{"@type":"WebPage","@id":"https:\/\/www.kimuceramica.com\/es\/producto\/gemelos-roseton-de-san-juan-de-puerta-nueva\/","url":"https:\/\/www.kimuceramica.com\/es\/producto\/gemelos-roseton-de-san-juan-de-puerta-nueva\/","name":"GEMELOS ROSET\u00d3N DE SAN JUAN DE PUERTA NUEVA | Kimu CER\u00c1MICA ORIGINAL","isPartOf":{"@id":"https:\/\/www.kimuceramica.com\/es\/#website"},"primaryImageOfPage":{"@id":"https:\/\/www.kimuceramica.com\/es\/producto\/gemelos-roseton-de-san-juan-de-puerta-nueva\/#primaryimage"},"image":{"@id":"https:\/\/www.kimuceramica.com\/es\/producto\/gemelos-roseton-de-san-juan-de-puerta-nueva\/#primaryimage"},"thumbnailUrl":"https:\/\/www.kimuceramica.com\/wp-content\/uploads\/2019\/06\/09-P-PUERTA-az.jpg","datePublished":"2019-10-22T09:04:59+00:00","dateModified":"2026-03-18T18:51:23+00:00","breadcrumb":{"@id":"https:\/\/www.kimuceramica.com\/es\/producto\/gemelos-roseton-de-san-juan-de-puerta-nueva\/#breadcrumb"},"inLanguage":"es","potentialAction":[{"@type":"ReadAction","target":["https:\/\/www.kimuceramica.com\/es\/producto\/gemelos-roseton-de-san-juan-de-puerta-nueva\/"]}]},{"@type":"ImageObject","inLanguage":"es","@id":"https:\/\/www.kimuceramica.com\/es\/producto\/gemelos-roseton-de-san-juan-de-puerta-nueva\/#primaryimage","url":"https:\/\/www.kimuceramica.com\/wp-content\/uploads\/2019\/06\/09-P-PUERTA-az.jpg","contentUrl":"https:\/\/www.kimuceramica.com\/wp-content\/uploads\/2019\/06\/09-P-PUERTA-az.jpg","width":950,"height":950,"caption":"ROSASSA DE SAN JUAN DE PUERTA NUEVA Blau"},{"@type":"BreadcrumbList","@id":"https:\/\/www.kimuceramica.com\/es\/producto\/gemelos-roseton-de-san-juan-de-puerta-nueva\/#breadcrumb","itemListElement":[{"@type":"ListItem","position":1,"name":"Portada","item":"https:\/\/www.kimuceramica.com\/es\/"},{"@type":"ListItem","position":2,"name":"Tienda","item":"https:\/\/www.kimuceramica.com\/ca\/shop\/"},{"@type":"ListItem","position":3,"name":"GEMELOS ROSET\u00d3N DE SAN JUAN DE PUERTA NUEVA"}]},{"@type":"WebSite","@id":"https:\/\/www.kimuceramica.com\/es\/#website","url":"https:\/\/www.kimuceramica.com\/es\/","name":"Kimu CER\u00c1MICA ORIGINAL","description":"Creaci\u00f3n y venta de piezas de bisuter\u00eda de peque\u00f1o tama\u00f1o y gran carga simb\u00f3lica hecha a mano, principalmente de cer\u00e1mica original: colgantes, pendientes, anillos, gemelos","publisher":{"@id":"https:\/\/www.kimuceramica.com\/es\/#organization"},"potentialAction":[{"@type":"SearchAction","target":{"@type":"EntryPoint","urlTemplate":"https:\/\/www.kimuceramica.com\/es\/?s={search_term_string}"},"query-input":{"@type":"PropertyValueSpecification","valueRequired":true,"valueName":"search_term_string"}}],"inLanguage":"es"},{"@type":"Organization","@id":"https:\/\/www.kimuceramica.com\/es\/#organization","name":"Kimu cer\u00e1mica","url":"https:\/\/www.kimuceramica.com\/es\/","logo":{"@type":"ImageObject","inLanguage":"es","@id":"https:\/\/www.kimuceramica.com\/es\/#\/schema\/logo\/image\/","url":"https:\/\/www.kimuceramica.com\/wp-content\/uploads\/2019\/07\/Kimu-logo-web.png","contentUrl":"https:\/\/www.kimuceramica.com\/wp-content\/uploads\/2019\/07\/Kimu-logo-web.png","width":150,"height":72,"caption":"Kimu cer\u00e1mica"},"image":{"@id":"https:\/\/www.kimuceramica.com\/es\/#\/schema\/logo\/image\/"},"sameAs":["https:\/\/www.facebook.com\/Kimu-ceramica-160734807402814\/"]}]}},"_links":{"self":[{"href":"https:\/\/www.kimuceramica.com\/es\/wp-json\/wp\/v2\/product\/222559","targetHints":{"allow":["GET"]}}],"collection":[{"href":"https:\/\/www.kimuceramica.com\/es\/wp-json\/wp\/v2\/product"}],"about":[{"href":"https:\/\/www.kimuceramica.com\/es\/wp-json\/wp\/v2\/types\/product"}],"replies":[{"embeddable":true,"href":"https:\/\/www.kimuceramica.com\/es\/wp-json\/wp\/v2\/comments?post=222559"}],"wp:featuredmedia":[{"embeddable":true,"href":"https:\/\/www.kimuceramica.com\/es\/wp-json\/wp\/v2\/media\/141793"}],"wp:attachment":[{"href":"https:\/\/www.kimuceramica.com\/es\/wp-json\/wp\/v2\/media?parent=222559"}],"wp:term":[{"taxonomy":"brand","embeddable":true,"href":"https:\/\/www.kimuceramica.com\/es\/wp-json\/wp\/v2\/etheme_brands?post=222559"},{"taxonomy":"product_brand","embeddable":true,"href":"https:\/\/www.kimuceramica.com\/es\/wp-json\/wp\/v2\/product_brand?post=222559"},{"taxonomy":"product_cat","embeddable":true,"href":"https:\/\/www.kimuceramica.com\/es\/wp-json\/wp\/v2\/product_cat?post=222559"},{"taxonomy":"product_tag","embeddable":true,"href":"https:\/\/www.kimuceramica.com\/es\/wp-json\/wp\/v2\/product_tag?post=222559"}],"curies":[{"name":"wp","href":"https:\/\/api.w.org\/{rel}","templated":true}]}}